{"id":1451,"date":"2016-01-26T14:17:00","date_gmt":"2016-01-26T13:17:00","guid":{"rendered":"http:\/\/www.poney-club-ste-eugenie.com\/?page_id=1451"},"modified":"2026-02-17T11:19:28","modified_gmt":"2026-02-17T10:19:28","slug":"anniversaires","status":"publish","type":"page","link":"https:\/\/poney-club-ste-eugenie.com\/ps\/anniversaires\/","title":{"rendered":"Anniversaire"},"content":{"rendered":"\t\t<div data-elementor-type=\"wp-page\" data-elementor-id=\"1451\" class=\"elementor elementor-1451\">\n\t\t\t\t<div class=\"elementor-element elementor-element-20088d7 e-con-full e-flex e-con e-parent\" data-id=\"20088d7\" data-element_type=\"container\" data-e-type=\"container\" data-settings=\"{&quot;background_background&quot;:&quot;classic&quot;}\">\n\t\t<div class=\"elementor-element elementor-element-671c713 e-con-full e-flex e-con e-child\" data-id=\"671c713\" data-element_type=\"container\" data-e-type=\"container\">\n\t\t<div class=\"elementor-element elementor-element-98f3ddb e-con-full e-flex e-con e-child\" data-id=\"98f3ddb\" data-element_type=\"container\" data-e-type=\"container\">\n\t\t\t\t<div class=\"elementor-element elementor-element-4f70076 elementor-widget elementor-widget-heading\" data-id=\"4f70076\" data-element_type=\"widget\" data-e-type=\"widget\" data-widget_type=\"heading.default\">\n\t\t\t\t\t<h1 class=\"elementor-heading-title elementor-size-default\">Anniversaire\n\n <br>au Domaine<\/h1>\t\t\t\t<\/div>\n\t\t\t\t<div class=\"elementor-element elementor-element-9648648 elementor-widget elementor-widget-text-editor\" data-id=\"9648648\" data-element_type=\"widget\" data-e-type=\"widget\" data-widget_type=\"text-editor.default\">\n\t\t\t\t\t\t\t\t\t<p>Amenez vos enfants au Domaine Sainte Eug\u00e9nie pour un anniversaire au vert.<\/p>\t\t\t\t\t\t\t\t<\/div>\n\t\t\t\t<\/div>\n\t\t<div class=\"elementor-element elementor-element-865854b e-con-full e-flex e-con e-child\" data-id=\"865854b\" data-element_type=\"container\" data-e-type=\"container\">\n\t\t\t\t<div class=\"elementor-element elementor-element-ff7d39d elementor-widget elementor-widget-tp-button\" data-id=\"ff7d39d\" data-element_type=\"widget\" data-e-type=\"widget\" data-widget_type=\"tp-button.default\">\n\t\t\t\t\t<div class=\"pt-plus-button-wrapper   text- \"><div class=\"button_parallax \"><div id=\"button69f521a0949ea\"  class=\" text- ts-button content_hover_effect  \" ><div class=\"pt_plus_button btn69f521a0949e9 button-style-5   \"  ><div class=\"animted-content-inner \"><a href=\"https:\/\/poney-club-ste-eugenie.com\/ps\/contact-2\/\" class=\"button-link-wrap \" role=\"button\" data-hover=\"Nous contacter\" >Nous contacter<i class=\"btn-icon button-after fa fa-chevron-right\"><\/i><\/a><\/div><\/div><\/div><\/div><\/div>\t\t\t\t<\/div>\n\t\t\t\t<\/div>\n\t\t\t\t<\/div>\n\t\t\t\t<\/div>\n\t\t<div class=\"elementor-element elementor-element-20d277e e-flex e-con-boxed e-con e-parent\" data-id=\"20d277e\" data-element_type=\"container\" data-e-type=\"container\">\n\t\t\t\t\t<div class=\"e-con-inner\">\n\t\t<div class=\"elementor-element elementor-element-9cfe38e e-con-full e-flex e-con e-child\" data-id=\"9cfe38e\" data-element_type=\"container\" data-e-type=\"container\">\n\t\t\t\t<div class=\"elementor-element elementor-element-6acdd76 elementor-widget__width-initial elementor-widget elementor-widget-text-editor\" data-id=\"6acdd76\" data-element_type=\"widget\" data-e-type=\"widget\" data-widget_type=\"text-editor.default\">\n\t\t\t\t\t\t\t\t\t<p data-start=\"213\" data-end=\"406\">Offrez \u00e0 votre enfant un anniversaire original, au c\u0153ur du Domaine de Sainte Eug\u00e9nie.<br data-start=\"296\" data-end=\"299\" \/>Entour\u00e9s de poneys et de nature, les enfants vivent une exp\u00e9rience unique, ludique et pleine de complicit\u00e9.<\/p><p data-start=\"408\" data-end=\"467\">Nous accueillons des <strong data-start=\"429\" data-end=\"466\">groupes de 6 \u00e0 10 enfants maximum<\/strong>.<\/p><p data-start=\"408\" data-end=\"467\">\ud83d\udc34 <strong data-start=\"481\" data-end=\"514\">D\u00e9roulement de la s\u00e9ance (2h)<\/strong><\/p><p data-start=\"516\" data-end=\"724\">\u2714\ufe0f <strong data-start=\"519\" data-end=\"551\">1 heure d\u2019initiation \u00e0 poney<\/strong>, sous forme de jeux adapt\u00e9s \u00e0 l\u2019\u00e2ge et au niveau des enfants<br data-start=\"612\" data-end=\"615\" \/>\u2714\ufe0f <strong data-start=\"618\" data-end=\"657\">1 heure d\u2019activit\u00e9s autour du poney<\/strong> : soins, pansage, d\u00e9couverte de l\u2019animal et de son environnement<\/p><h3 data-start=\"731\" data-end=\"765\">\u00a0<\/h3><h3 data-start=\"731\" data-end=\"765\">\ud83c\udf92 <strong data-start=\"738\" data-end=\"763\">\u00c9quipement n\u00e9cessaire<\/strong><\/h3><ul data-start=\"766\" data-end=\"902\"><li data-start=\"766\" data-end=\"783\"><p data-start=\"768\" data-end=\"783\">Pantalon long<\/p><\/li><li data-start=\"784\" data-end=\"816\"><p data-start=\"786\" data-end=\"816\">Bottes ou chaussures ferm\u00e9es<\/p><\/li><li data-start=\"817\" data-end=\"857\"><p data-start=\"819\" data-end=\"857\">Le <strong data-start=\"822\" data-end=\"842\">casque est pr\u00eat\u00e9<\/strong> par le domaine<\/p><\/li><li data-start=\"858\" data-end=\"902\"><p data-start=\"860\" data-end=\"902\">Le go\u00fbter est \u00e0 pr\u00e9voir par les familles<\/p><\/li><\/ul><p data-start=\"909\" data-end=\"936\">\ud83d\udcc5 <strong data-start=\"916\" data-end=\"934\">Disponibilit\u00e9s<br \/><\/strong>Les anniversaires peuvent \u00eatre organis\u00e9s :<\/p><ul data-start=\"982\" data-end=\"1052\"><li data-start=\"982\" data-end=\"1012\"><p data-start=\"984\" data-end=\"1012\"><strong data-start=\"984\" data-end=\"1010\">le dimanche apr\u00e8s-midi<\/strong><\/p><\/li><li data-start=\"1013\" data-end=\"1052\"><p data-start=\"1015\" data-end=\"1052\"><strong data-start=\"1015\" data-end=\"1052\">ou pendant les vacances scolaires<\/strong><\/p><\/li><\/ul><h3 data-start=\"1059\" data-end=\"1077\">\ud83d\udcb6 <strong data-start=\"1066\" data-end=\"1075\">Tarif<\/strong><\/h3><p data-start=\"1078\" data-end=\"1097\"><strong data-start=\"1078\" data-end=\"1097\">sur demande<\/strong><\/p>\t\t\t\t\t\t\t\t<\/div>\n\t\t\t\t<div class=\"elementor-element elementor-element-5a166ce elementor-widget elementor-widget-tp-button\" data-id=\"5a166ce\" data-element_type=\"widget\" data-e-type=\"widget\" data-widget_type=\"tp-button.default\">\n\t\t\t\t\t<div class=\"pt-plus-button-wrapper   text- \"><div class=\"button_parallax \"><div id=\"button69f521a095131\"  class=\" text- ts-button content_hover_effect  \" ><div class=\"pt_plus_button btn69f521a095130 button-style-5   \"  ><div class=\"animted-content-inner \"><a href=\"https:\/\/poney-club-ste-eugenie.com\/ps\/contact-2\/\" class=\"button-link-wrap \" role=\"button\" data-hover=\"Organiser l&#039;anniversaire\" >Organiser l&#039;anniversaire<i class=\"btn-icon button-after fa fa-chevron-right\"><\/i><\/a><\/div><\/div><\/div><\/div><\/div>\t\t\t\t<\/div>\n\t\t\t\t<\/div>\n\t\t<div class=\"elementor-element elementor-element-5832bcd e-con-full e-flex e-con e-child\" data-id=\"5832bcd\" data-element_type=\"container\" data-e-type=\"container\">\n\t\t\t\t<div class=\"elementor-element elementor-element-c255e38 elementor-widget elementor-widget-image\" data-id=\"c255e38\" data-element_type=\"widget\" data-e-type=\"widget\" data-widget_type=\"image.default\">\n\t\t\t\t\t\t\t\t\t\t\t\t\t\t\t<img fetchpriority=\"high\" decoding=\"async\" width=\"1080\" height=\"1350\" src=\"https:\/\/poney-club-ste-eugenie.com\/ps\/wp-content\/uploads\/anniversaire.jpg\" class=\"attachment-full size-full wp-image-23611\" alt=\"anniversaire domaine sainte eug\u00e9nie\" srcset=\"https:\/\/poney-club-ste-eugenie.com\/ps\/wp-content\/uploads\/anniversaire.jpg 1080w, https:\/\/poney-club-ste-eugenie.com\/ps\/wp-content\/uploads\/anniversaire-570x713.jpg 570w, https:\/\/poney-club-ste-eugenie.com\/ps\/wp-content\/uploads\/anniversaire-240x300.jpg 240w, https:\/\/poney-club-ste-eugenie.com\/ps\/wp-content\/uploads\/anniversaire-216x270.jpg 216w\" sizes=\"(max-width: 1080px) 100vw, 1080px\" \/>\t\t\t\t\t\t\t\t\t\t\t\t\t\t\t<\/div>\n\t\t\t\t<\/div>\n\t\t\t\t\t<\/div>\n\t\t\t\t<\/div>\n\t\t\t\t<\/div>\n\t\t","protected":false},"excerpt":{"rendered":"<p>Anniversaire au Domaine Amenez vos enfants au Domaine Sainte Eug\u00e9nie pour un anniversaire au vert. Nous contacter Offrez \u00e0 votre enfant un anniversaire original, au c\u0153ur du Domaine de Sainte Eug\u00e9nie.Entour\u00e9s de poneys et de nature, les enfants vivent une exp\u00e9rience unique, ludique et pleine de complicit\u00e9. Nous accueillons des groupes de 6 \u00e0 10 [&hellip;]<\/p>\n","protected":false},"author":1,"featured_media":0,"parent":0,"menu_order":0,"comment_status":"closed","ping_status":"closed","template":"","meta":{"footnotes":""},"class_list":["post-1451","page","type-page","status-publish","hentry","entry","owp-thumbs-layout-horizontal","owp-btn-normal","owp-tabs-layout-horizontal","has-no-thumbnails","has-product-nav"],"yoast_head":"<!-- This site is optimized with the Yoast SEO plugin v27.5 - https:\/\/yoast.com\/product\/yoast-seo-wordpress\/ -->\n<title>Anniversaire - Poney Club de Sainte Eug\u00e9nie<\/title>\n<meta name=\"robots\" content=\"noindex, follow, max-snippet:-1, max-image-preview:large, max-video-preview:-1\" \/>\n<meta property=\"og:locale\" content=\"fr_FR\" \/>\n<meta property=\"og:type\" content=\"article\" \/>\n<meta property=\"og:title\" content=\"Anniversaire - Poney Club de Sainte Eug\u00e9nie\" \/>\n<meta property=\"og:description\" content=\"Anniversaire au Domaine Amenez vos enfants au Domaine Sainte Eug\u00e9nie pour un anniversaire au vert. Nous contacter Offrez \u00e0 votre enfant un anniversaire original, au c\u0153ur du Domaine de Sainte Eug\u00e9nie.Entour\u00e9s de poneys et de nature, les enfants vivent une exp\u00e9rience unique, ludique et pleine de complicit\u00e9. Nous accueillons des groupes de 6 \u00e0 10 [&hellip;]\" \/>\n<meta property=\"og:url\" content=\"https:\/\/poney-club-ste-eugenie.com\/ps\/anniversaires\/\" \/>\n<meta property=\"og:site_name\" content=\"Poney Club de Sainte Eug\u00e9nie\" \/>\n<meta property=\"article:publisher\" content=\"https:\/\/www.facebook.com\/poneyclubsteeugenie\" \/>\n<meta property=\"article:modified_time\" content=\"2026-02-17T10:19:28+00:00\" \/>\n<meta property=\"og:image\" content=\"https:\/\/poney-club-ste-eugenie.com\/ps\/wp-content\/uploads\/anniversaire.jpg\" \/>\n\t<meta property=\"og:image:width\" content=\"1080\" \/>\n\t<meta property=\"og:image:height\" content=\"1350\" \/>\n\t<meta property=\"og:image:type\" content=\"image\/jpeg\" \/>\n<meta name=\"twitter:card\" content=\"summary_large_image\" \/>\n<meta name=\"twitter:label1\" content=\"Dur\u00e9e de lecture estim\u00e9e\" \/>\n\t<meta name=\"twitter:data1\" content=\"2 minutes\" \/>\n<script type=\"application\/ld+json\" class=\"yoast-schema-graph\">{\"@context\":\"https:\\\/\\\/schema.org\",\"@graph\":[{\"@type\":\"WebPage\",\"@id\":\"https:\\\/\\\/poney-club-ste-eugenie.com\\\/ps\\\/anniversaires\\\/\",\"url\":\"https:\\\/\\\/poney-club-ste-eugenie.com\\\/ps\\\/anniversaires\\\/\",\"name\":\"Anniversaire - Poney Club de Sainte Eug\u00e9nie\",\"isPartOf\":{\"@id\":\"https:\\\/\\\/poney-club-ste-eugenie.com\\\/ps\\\/#website\"},\"primaryImageOfPage\":{\"@id\":\"https:\\\/\\\/poney-club-ste-eugenie.com\\\/ps\\\/anniversaires\\\/#primaryimage\"},\"image\":{\"@id\":\"https:\\\/\\\/poney-club-ste-eugenie.com\\\/ps\\\/anniversaires\\\/#primaryimage\"},\"thumbnailUrl\":\"https:\\\/\\\/poney-club-ste-eugenie.com\\\/ps\\\/wp-content\\\/uploads\\\/anniversaire.jpg\",\"datePublished\":\"2016-01-26T13:17:00+00:00\",\"dateModified\":\"2026-02-17T10:19:28+00:00\",\"breadcrumb\":{\"@id\":\"https:\\\/\\\/poney-club-ste-eugenie.com\\\/ps\\\/anniversaires\\\/#breadcrumb\"},\"inLanguage\":\"fr-FR\",\"potentialAction\":[{\"@type\":\"ReadAction\",\"target\":[\"https:\\\/\\\/poney-club-ste-eugenie.com\\\/ps\\\/anniversaires\\\/\"]}]},{\"@type\":\"ImageObject\",\"inLanguage\":\"fr-FR\",\"@id\":\"https:\\\/\\\/poney-club-ste-eugenie.com\\\/ps\\\/anniversaires\\\/#primaryimage\",\"url\":\"https:\\\/\\\/poney-club-ste-eugenie.com\\\/ps\\\/wp-content\\\/uploads\\\/anniversaire.jpg\",\"contentUrl\":\"https:\\\/\\\/poney-club-ste-eugenie.com\\\/ps\\\/wp-content\\\/uploads\\\/anniversaire.jpg\",\"width\":1080,\"height\":1350,\"caption\":\"anniversaire domaine sainte eug\u00e9nie\"},{\"@type\":\"BreadcrumbList\",\"@id\":\"https:\\\/\\\/poney-club-ste-eugenie.com\\\/ps\\\/anniversaires\\\/#breadcrumb\",\"itemListElement\":[{\"@type\":\"ListItem\",\"position\":1,\"name\":\"Accueil\",\"item\":\"https:\\\/\\\/poney-club-ste-eugenie.com\\\/ps\\\/\"},{\"@type\":\"ListItem\",\"position\":2,\"name\":\"Anniversaire\"}]},{\"@type\":\"WebSite\",\"@id\":\"https:\\\/\\\/poney-club-ste-eugenie.com\\\/ps\\\/#website\",\"url\":\"https:\\\/\\\/poney-club-ste-eugenie.com\\\/ps\\\/\",\"name\":\"Poney Club de Sainte Eug\u00e9nie\",\"description\":\"Monter \u00e0 cheval ou \u00e0 poney dans l&#039;Orne\",\"publisher\":{\"@id\":\"https:\\\/\\\/poney-club-ste-eugenie.com\\\/ps\\\/#organization\"},\"potentialAction\":[{\"@type\":\"SearchAction\",\"target\":{\"@type\":\"EntryPoint\",\"urlTemplate\":\"https:\\\/\\\/poney-club-ste-eugenie.com\\\/ps\\\/?s={search_term_string}\"},\"query-input\":{\"@type\":\"PropertyValueSpecification\",\"valueRequired\":true,\"valueName\":\"search_term_string\"}}],\"inLanguage\":\"fr-FR\"},{\"@type\":\"Organization\",\"@id\":\"https:\\\/\\\/poney-club-ste-eugenie.com\\\/ps\\\/#organization\",\"name\":\"Poney Club de Sainte Eug\u00e9nie\",\"url\":\"https:\\\/\\\/poney-club-ste-eugenie.com\\\/ps\\\/\",\"logo\":{\"@type\":\"ImageObject\",\"inLanguage\":\"fr-FR\",\"@id\":\"https:\\\/\\\/poney-club-ste-eugenie.com\\\/ps\\\/#\\\/schema\\\/logo\\\/image\\\/\",\"url\":\"http:\\\/\\\/test.poney-club-ste-eugenie.com\\\/wp-content\\\/uploads\\\/2016\\\/02\\\/cropped-officiel-ne-pas-effacer-logobigponey.png\",\"contentUrl\":\"http:\\\/\\\/test.poney-club-ste-eugenie.com\\\/wp-content\\\/uploads\\\/2016\\\/02\\\/cropped-officiel-ne-pas-effacer-logobigponey.png\",\"width\":512,\"height\":512,\"caption\":\"Poney Club de Sainte Eug\u00e9nie\"},\"image\":{\"@id\":\"https:\\\/\\\/poney-club-ste-eugenie.com\\\/ps\\\/#\\\/schema\\\/logo\\\/image\\\/\"},\"sameAs\":[\"https:\\\/\\\/www.facebook.com\\\/poneyclubsteeugenie\"]}]}<\/script>\n<!-- \/ Yoast SEO plugin. -->","yoast_head_json":{"title":"Anniversaire - Poney Club de Sainte Eug\u00e9nie","robots":{"index":"noindex","follow":"follow","max-snippet":"max-snippet:-1","max-image-preview":"max-image-preview:large","max-video-preview":"max-video-preview:-1"},"og_locale":"fr_FR","og_type":"article","og_title":"Anniversaire - Poney Club de Sainte Eug\u00e9nie","og_description":"Anniversaire au Domaine Amenez vos enfants au Domaine Sainte Eug\u00e9nie pour un anniversaire au vert. Nous contacter Offrez \u00e0 votre enfant un anniversaire original, au c\u0153ur du Domaine de Sainte Eug\u00e9nie.Entour\u00e9s de poneys et de nature, les enfants vivent une exp\u00e9rience unique, ludique et pleine de complicit\u00e9. Nous accueillons des groupes de 6 \u00e0 10 [&hellip;]","og_url":"https:\/\/poney-club-ste-eugenie.com\/ps\/anniversaires\/","og_site_name":"Poney Club de Sainte Eug\u00e9nie","article_publisher":"https:\/\/www.facebook.com\/poneyclubsteeugenie","article_modified_time":"2026-02-17T10:19:28+00:00","og_image":[{"width":1080,"height":1350,"url":"https:\/\/poney-club-ste-eugenie.com\/ps\/wp-content\/uploads\/anniversaire.jpg","type":"image\/jpeg"}],"twitter_card":"summary_large_image","twitter_misc":{"Dur\u00e9e de lecture estim\u00e9e":"2 minutes"},"schema":{"@context":"https:\/\/schema.org","@graph":[{"@type":"WebPage","@id":"https:\/\/poney-club-ste-eugenie.com\/ps\/anniversaires\/","url":"https:\/\/poney-club-ste-eugenie.com\/ps\/anniversaires\/","name":"Anniversaire - Poney Club de Sainte Eug\u00e9nie","isPartOf":{"@id":"https:\/\/poney-club-ste-eugenie.com\/ps\/#website"},"primaryImageOfPage":{"@id":"https:\/\/poney-club-ste-eugenie.com\/ps\/anniversaires\/#primaryimage"},"image":{"@id":"https:\/\/poney-club-ste-eugenie.com\/ps\/anniversaires\/#primaryimage"},"thumbnailUrl":"https:\/\/poney-club-ste-eugenie.com\/ps\/wp-content\/uploads\/anniversaire.jpg","datePublished":"2016-01-26T13:17:00+00:00","dateModified":"2026-02-17T10:19:28+00:00","breadcrumb":{"@id":"https:\/\/poney-club-ste-eugenie.com\/ps\/anniversaires\/#breadcrumb"},"inLanguage":"fr-FR","potentialAction":[{"@type":"ReadAction","target":["https:\/\/poney-club-ste-eugenie.com\/ps\/anniversaires\/"]}]},{"@type":"ImageObject","inLanguage":"fr-FR","@id":"https:\/\/poney-club-ste-eugenie.com\/ps\/anniversaires\/#primaryimage","url":"https:\/\/poney-club-ste-eugenie.com\/ps\/wp-content\/uploads\/anniversaire.jpg","contentUrl":"https:\/\/poney-club-ste-eugenie.com\/ps\/wp-content\/uploads\/anniversaire.jpg","width":1080,"height":1350,"caption":"anniversaire domaine sainte eug\u00e9nie"},{"@type":"BreadcrumbList","@id":"https:\/\/poney-club-ste-eugenie.com\/ps\/anniversaires\/#breadcrumb","itemListElement":[{"@type":"ListItem","position":1,"name":"Accueil","item":"https:\/\/poney-club-ste-eugenie.com\/ps\/"},{"@type":"ListItem","position":2,"name":"Anniversaire"}]},{"@type":"WebSite","@id":"https:\/\/poney-club-ste-eugenie.com\/ps\/#website","url":"https:\/\/poney-club-ste-eugenie.com\/ps\/","name":"Poney Club de Sainte Eug\u00e9nie","description":"Monter \u00e0 cheval ou \u00e0 poney dans l&#039;Orne","publisher":{"@id":"https:\/\/poney-club-ste-eugenie.com\/ps\/#organization"},"potentialAction":[{"@type":"SearchAction","target":{"@type":"EntryPoint","urlTemplate":"https:\/\/poney-club-ste-eugenie.com\/ps\/?s={search_term_string}"},"query-input":{"@type":"PropertyValueSpecification","valueRequired":true,"valueName":"search_term_string"}}],"inLanguage":"fr-FR"},{"@type":"Organization","@id":"https:\/\/poney-club-ste-eugenie.com\/ps\/#organization","name":"Poney Club de Sainte Eug\u00e9nie","url":"https:\/\/poney-club-ste-eugenie.com\/ps\/","logo":{"@type":"ImageObject","inLanguage":"fr-FR","@id":"https:\/\/poney-club-ste-eugenie.com\/ps\/#\/schema\/logo\/image\/","url":"http:\/\/test.poney-club-ste-eugenie.com\/wp-content\/uploads\/2016\/02\/cropped-officiel-ne-pas-effacer-logobigponey.png","contentUrl":"http:\/\/test.poney-club-ste-eugenie.com\/wp-content\/uploads\/2016\/02\/cropped-officiel-ne-pas-effacer-logobigponey.png","width":512,"height":512,"caption":"Poney Club de Sainte Eug\u00e9nie"},"image":{"@id":"https:\/\/poney-club-ste-eugenie.com\/ps\/#\/schema\/logo\/image\/"},"sameAs":["https:\/\/www.facebook.com\/poneyclubsteeugenie"]}]}},"_links":{"self":[{"href":"https:\/\/poney-club-ste-eugenie.com\/ps\/wp-json\/wp\/v2\/pages\/1451","targetHints":{"allow":["GET"]}}],"collection":[{"href":"https:\/\/poney-club-ste-eugenie.com\/ps\/wp-json\/wp\/v2\/pages"}],"about":[{"href":"https:\/\/poney-club-ste-eugenie.com\/ps\/wp-json\/wp\/v2\/types\/page"}],"author":[{"embeddable":true,"href":"https:\/\/poney-club-ste-eugenie.com\/ps\/wp-json\/wp\/v2\/users\/1"}],"replies":[{"embeddable":true,"href":"https:\/\/poney-club-ste-eugenie.com\/ps\/wp-json\/wp\/v2\/comments?post=1451"}],"version-history":[{"count":21,"href":"https:\/\/poney-club-ste-eugenie.com\/ps\/wp-json\/wp\/v2\/pages\/1451\/revisions"}],"predecessor-version":[{"id":24684,"href":"https:\/\/poney-club-ste-eugenie.com\/ps\/wp-json\/wp\/v2\/pages\/1451\/revisions\/24684"}],"wp:attachment":[{"href":"https:\/\/poney-club-ste-eugenie.com\/ps\/wp-json\/wp\/v2\/media?parent=1451"}],"curies":[{"name":"wp","href":"https:\/\/api.w.org\/{rel}","templated":true}]}}