{"id":1879,"date":"2018-04-29T18:15:56","date_gmt":"2018-04-29T17:15:56","guid":{"rendered":"https:\/\/www.poney-club-ste-eugenie.com\/?page_id=1879"},"modified":"2025-12-18T21:56:22","modified_gmt":"2025-12-18T20:56:22","slug":"contact-2","status":"publish","type":"page","link":"https:\/\/poney-club-ste-eugenie.com\/ps\/contact-2\/","title":{"rendered":"contact"},"content":{"rendered":"\t\t<div data-elementor-type=\"wp-page\" data-elementor-id=\"1879\" class=\"elementor elementor-1879\">\n\t\t\t\t<div class=\"elementor-element elementor-element-008919b e-flex e-con-boxed e-con e-parent\" data-id=\"008919b\" data-element_type=\"container\" data-e-type=\"container\" data-settings=\"{&quot;background_background&quot;:&quot;classic&quot;}\">\n\t\t\t\t\t<div class=\"e-con-inner\">\n\t\t\t\t<div class=\"elementor-element elementor-element-f034a48 elementor-widget-divider--view-line elementor-widget elementor-widget-divider\" data-id=\"f034a48\" data-element_type=\"widget\" data-e-type=\"widget\" data-widget_type=\"divider.default\">\n\t\t\t\t\t\t\t<div class=\"elementor-divider\">\n\t\t\t<span class=\"elementor-divider-separator\">\n\t\t\t\t\t\t<\/span>\n\t\t<\/div>\n\t\t\t\t\t\t<\/div>\n\t\t\t\t\t<\/div>\n\t\t\t\t<\/div>\n\t\t<div class=\"elementor-element elementor-element-d7245ae e-flex e-con-boxed e-con e-parent\" data-id=\"d7245ae\" data-element_type=\"container\" data-e-type=\"container\" data-settings=\"{&quot;background_background&quot;:&quot;classic&quot;}\">\n\t\t\t\t\t<div class=\"e-con-inner\">\n\t\t\t\t<div class=\"elementor-element elementor-element-b1e4602 elementor-widget elementor-widget-heading\" data-id=\"b1e4602\" data-element_type=\"widget\" data-e-type=\"widget\" data-widget_type=\"heading.default\">\n\t\t\t\t\t<h2 class=\"elementor-heading-title elementor-size-default\">Contactez-nous<\/h2>\t\t\t\t<\/div>\n\t\t\t\t<div class=\"elementor-element elementor-element-59d428d elementor-widget__width-initial elementor-widget elementor-widget-text-editor\" data-id=\"59d428d\" data-element_type=\"widget\" data-e-type=\"widget\" data-widget_type=\"text-editor.default\">\n\t\t\t\t\t\t\t\t\t<p>Besoin d&rsquo;informations suppl\u00e9mentaires ? Vous souhaitez r\u00e9server un s\u00e9ances ou bien prendre une pause et r\u00e9server un de nos g\u00eetes au Domaine ?<\/p>\t\t\t\t\t\t\t\t<\/div>\n\t\t\t\t\t<\/div>\n\t\t\t\t<\/div>\n\t\t<div class=\"elementor-element elementor-element-9988d48 e-flex e-con-boxed e-con e-parent\" data-id=\"9988d48\" data-element_type=\"container\" data-e-type=\"container\">\n\t\t\t\t\t<div class=\"e-con-inner\">\n\t\t<div class=\"elementor-element elementor-element-ea31875 e-con-full e-flex e-con e-child\" data-id=\"ea31875\" data-element_type=\"container\" data-e-type=\"container\">\n\t\t\t\t<div class=\"elementor-element elementor-element-b7d495b elementor-widget elementor-widget-heading\" data-id=\"b7d495b\" data-element_type=\"widget\" data-e-type=\"widget\" data-widget_type=\"heading.default\">\n\t\t\t\t\t<h2 class=\"elementor-heading-title elementor-size-default\">Formulaire de contact<\/h2>\t\t\t\t<\/div>\n\t\t\t\t<div class=\"elementor-element elementor-element-58a0baf3 elementor-widget elementor-widget-text-editor\" data-id=\"58a0baf3\" data-element_type=\"widget\" data-e-type=\"widget\" data-widget_type=\"text-editor.default\">\n\t\t\t\t\t\t\t\t\t<p><form name=\"vscf_1879\" id=\"vscf\" class=\"vscf-shortcode\" method=\"post\">\r\n\t<div class=\"form-group vscf-name-group\">\r\n\t\t<label for=\"vscf_name\" class=\"vscf-label\">Nom <\/label>\r\n\t\t<input type=\"text\" name=\"vscf_name_1879\" id=\"vscf_name\"  class=\"form-control\" placeholder=\"\" value=\"\" minlength=\"2\" maxlength=\"100\" aria-required=\"true\" \/>\r\n\t\t\r\n\t<\/div>\r\n\t<div class=\"form-group vscf-email-group\">\r\n\t\t<label for=\"vscf_email\" class=\"vscf-label\">E-mail <\/label>\r\n\t\t<input type=\"email\" name=\"vscf_email_1879\" id=\"vscf_email\"  class=\"form-control\" placeholder=\"\" value=\"\" maxlength=\"100\" aria-required=\"true\" \/>\r\n\t\t\r\n\t<\/div>\r\n\t\r\n\t\t<div class=\"form-group vscf-subject-group\">\r\n\t\t\t<label for=\"vscf_subject\" class=\"vscf-label\">Sujet <\/label>\r\n\t\t\t<input type=\"text\" name=\"vscf_subject_1879\" id=\"vscf_subject\"  class=\"form-control\" placeholder=\"\" value=\"\" minlength=\"2\" maxlength=\"100\" aria-required=\"true\" \/>\r\n\t\t\t\r\n\t\t<\/div>\r\n\t\r\n\t\r\n\t\t<div class=\"form-group vscf-sum-group\">\r\n\t\t\t<label for=\"vscf_sum\" class=\"vscf-label\">8 + 3 =<\/label>\r\n\t\t\t<input type=\"text\" name=\"vscf_sum_1879\" id=\"vscf_sum\"  class=\"form-control\" placeholder=\"\" value=\"\" pattern=\"[0-9]{1,2}\" maxlength=\"100\" aria-required=\"true\" \/>\r\n\t\t\t\r\n\t\t<\/div>\r\n\t\r\n\t<div class=\"form-group vscf-hide\">\r\n\t\t<label for=\"vscf_first_random\">Veuillez ignorer ce champ<\/label>\r\n\t\t<input type=\"text\" name=\"vscf_first_random_1879\" id=\"vscf_first_random\" class=\"form-control\" tabindex=\"-1\" value=\"\" maxlength=\"100\" \/>\r\n\t<\/div>\r\n\t<div class=\"form-group vscf-hide\">\r\n\t\t<label for=\"vscf_second_random\">Veuillez ignorer ce champ<\/label>\r\n\t\t<input type=\"text\" name=\"vscf_second_random_1879\" id=\"vscf_second_random\" class=\"form-control\" tabindex=\"-1\" value=\"\" maxlength=\"100\" \/>\r\n\t<\/div>\r\n\t<div class=\"form-group vscf-message-group\">\r\n\t\t<label for=\"vscf_message\" class=\"vscf-label\">Message <\/label>\r\n\t\t<textarea name=\"vscf_message_1879\" id=\"vscf_message\" rows=\"10\"  class=\"form-control\" placeholder=\"\" minlength=\"10\" maxlength=\"10000\" aria-required=\"true\"><\/textarea>\r\n\t\t\r\n\t<\/div>\r\n\t<div class=\"form-group vscf-display-none\">\r\n\t\t<input type=\"hidden\" name=\"vscf_time_1879\" id=\"vscf_time\" class=\"form-control\" value=\"1777676633\" \/>\r\n\t<\/div>\r\n\t\r\n\t\t<div class=\"form-group vscf-privacy-group\">\r\n\t\t\t<input type=\"hidden\" name=\"vscf_privacy_1879\" id=\"vscf_privacy_hidden\" value=\"no\" \/>\r\n\t\t\t<input type=\"checkbox\" name=\"vscf_privacy_1879\" id=\"vscf_privacy\" class=\"custom-control-input\" value=\"yes\"  aria-required=\"true\" \/>\r\n\t\t\t<label for=\"vscf_privacy\">J\u2019accepte que ce site web collecte mes donn\u00e9es personnelles via ce formulaire.<\/label>\r\n\t\t\t\r\n\t\t<\/div>\r\n\t\r\n\t<div class=\"form-group vscf-display-none\">\r\n\t\t<input type=\"hidden\" id=\"vscf_nonce\" name=\"vscf_nonce\" value=\"3bcc92fb19\" \/><input type=\"hidden\" name=\"_wp_http_referer\" value=\"\/ps\/wp-json\/wp\/v2\/pages\/1879\" \/>\r\n\t<\/div>\r\n\t<div class=\"form-group vscf-submit-group\">\r\n\t\t<button type=\"submit\" name=\"vscf_send_1879\" id=\"vscf_send\" class=\"btn btn-primary\">Envoyer<\/button>\r\n\t<\/div>\r\n\t\r\n<\/form><\/p>\t\t\t\t\t\t\t\t<\/div>\n\t\t\t\t<\/div>\n\t\t<div class=\"elementor-element elementor-element-7f8923f e-con-full e-flex e-con e-child\" data-id=\"7f8923f\" data-element_type=\"container\" data-e-type=\"container\">\n\t\t\t\t<div class=\"elementor-element elementor-element-2476262 elementor-widget elementor-widget-heading\" data-id=\"2476262\" data-element_type=\"widget\" data-e-type=\"widget\" data-widget_type=\"heading.default\">\n\t\t\t\t\t<h2 class=\"elementor-heading-title elementor-size-default\">Adresse<\/h2>\t\t\t\t<\/div>\n\t\t\t\t<div class=\"elementor-element elementor-element-8a963fb elementor-icon-list--layout-traditional elementor-list-item-link-full_width elementor-widget elementor-widget-icon-list\" data-id=\"8a963fb\" data-element_type=\"widget\" data-e-type=\"widget\" data-widget_type=\"icon-list.default\">\n\t\t\t\t\t\t\t<ul class=\"elementor-icon-list-items\">\n\t\t\t\t\t\t\t<li class=\"elementor-icon-list-item\">\n\t\t\t\t\t\t\t\t\t\t\t<span class=\"elementor-icon-list-icon\">\n\t\t\t\t\t\t\t<i aria-hidden=\"true\" class=\"fas fa-map-marker-alt\"><\/i>\t\t\t\t\t\t<\/span>\n\t\t\t\t\t\t\t\t\t\t<span class=\"elementor-icon-list-text\">Sainte-Eug\u00e9nie, 61160 Gouffern en Auge<\/span>\n\t\t\t\t\t\t\t\t\t<\/li>\n\t\t\t\t\t\t<\/ul>\n\t\t\t\t\t\t<\/div>\n\t\t\t\t<div class=\"elementor-element elementor-element-c4701a8 elementor-widget elementor-widget-heading\" data-id=\"c4701a8\" data-element_type=\"widget\" data-e-type=\"widget\" data-widget_type=\"heading.default\">\n\t\t\t\t\t<h2 class=\"elementor-heading-title elementor-size-default\">T\u00e9l\u00e9phone<\/h2>\t\t\t\t<\/div>\n\t\t\t\t<div class=\"elementor-element elementor-element-968a7f8 elementor-icon-list--layout-traditional elementor-list-item-link-full_width elementor-widget elementor-widget-icon-list\" data-id=\"968a7f8\" data-element_type=\"widget\" data-e-type=\"widget\" data-widget_type=\"icon-list.default\">\n\t\t\t\t\t\t\t<ul class=\"elementor-icon-list-items\">\n\t\t\t\t\t\t\t<li class=\"elementor-icon-list-item\">\n\t\t\t\t\t\t\t\t\t\t\t<span class=\"elementor-icon-list-icon\">\n\t\t\t\t\t\t\t<i aria-hidden=\"true\" class=\"fas fa-phone-alt\"><\/i>\t\t\t\t\t\t<\/span>\n\t\t\t\t\t\t\t\t\t\t<span class=\"elementor-icon-list-text\"><a href=\"tel:+33233368080\">02 33 36 80 80<\/a><\/span>\n\t\t\t\t\t\t\t\t\t<\/li>\n\t\t\t\t\t\t<\/ul>\n\t\t\t\t\t\t<\/div>\n\t\t\t\t<div class=\"elementor-element elementor-element-db40efc elementor-widget elementor-widget-heading\" data-id=\"db40efc\" data-element_type=\"widget\" data-e-type=\"widget\" data-widget_type=\"heading.default\">\n\t\t\t\t\t<h2 class=\"elementor-heading-title elementor-size-default\">Email<\/h2>\t\t\t\t<\/div>\n\t\t\t\t<div class=\"elementor-element elementor-element-9f9c343 elementor-icon-list--layout-traditional elementor-list-item-link-full_width elementor-widget elementor-widget-icon-list\" data-id=\"9f9c343\" data-element_type=\"widget\" data-e-type=\"widget\" data-widget_type=\"icon-list.default\">\n\t\t\t\t\t\t\t<ul class=\"elementor-icon-list-items\">\n\t\t\t\t\t\t\t<li class=\"elementor-icon-list-item\">\n\t\t\t\t\t\t\t\t\t\t\t<span class=\"elementor-icon-list-icon\">\n\t\t\t\t\t\t\t<i aria-hidden=\"true\" class=\"fas fa-envelope\"><\/i>\t\t\t\t\t\t<\/span>\n\t\t\t\t\t\t\t\t\t\t<span class=\"elementor-icon-list-text\"><a href=\"mailto:coignard.anne@orange.fr\">coignard.anne@orange.fr<\/a><\/span>\n\t\t\t\t\t\t\t\t\t<\/li>\n\t\t\t\t\t\t<\/ul>\n\t\t\t\t\t\t<\/div>\n\t\t\t\t<div class=\"elementor-element elementor-element-95382e6 elementor-widget elementor-widget-google_maps\" data-id=\"95382e6\" data-element_type=\"widget\" data-e-type=\"widget\" data-widget_type=\"google_maps.default\">\n\t\t\t\t\t\t\t<div class=\"elementor-custom-embed\">\n\t\t\t<iframe loading=\"lazy\"\n\t\t\t\t\tsrc=\"https:\/\/maps.google.com\/maps?q=Domaine-Poney%20Club%20de%20Sainte%20Eug%C3%A9nie%20%26%20Gites%20de%20Normandie&#038;t=m&#038;z=11&#038;output=embed&#038;iwloc=near\"\n\t\t\t\t\ttitle=\"Domaine-Poney Club de Sainte Eug\u00e9nie &amp; Gites de Normandie\"\n\t\t\t\t\taria-label=\"Domaine-Poney Club de Sainte Eug\u00e9nie &amp; Gites de Normandie\"\n\t\t\t><\/iframe>\n\t\t<\/div>\n\t\t\t\t\t\t<\/div>\n\t\t\t\t<\/div>\n\t\t\t\t\t<\/div>\n\t\t\t\t<\/div>\n\t\t\t\t<\/div>\n\t\t","protected":false},"excerpt":{"rendered":"<p>Contactez-nous Besoin d&rsquo;informations suppl\u00e9mentaires ? Vous souhaitez r\u00e9server un s\u00e9ances ou bien prendre une pause et r\u00e9server un de nos g\u00eetes au Domaine ? Formulaire de contact Adresse Sainte-Eug\u00e9nie, 61160 Gouffern en Auge T\u00e9l\u00e9phone 02 33 36 80 80 Email coignard.anne@orange.fr<\/p>\n","protected":false},"author":1,"featured_media":0,"parent":0,"menu_order":0,"comment_status":"closed","ping_status":"closed","template":"","meta":{"footnotes":""},"class_list":["post-1879","page","type-page","status-publish","hentry","entry","owp-thumbs-layout-horizontal","owp-btn-normal","owp-tabs-layout-horizontal","has-no-thumbnails","has-product-nav"],"yoast_head":"<!-- This site is optimized with the Yoast SEO plugin v27.5 - https:\/\/yoast.com\/product\/yoast-seo-wordpress\/ -->\n<title>contact - Poney Club de Sainte Eug\u00e9nie<\/title>\n<meta name=\"robots\" content=\"noindex, follow, max-snippet:-1, max-image-preview:large, max-video-preview:-1\" \/>\n<meta property=\"og:locale\" content=\"fr_FR\" \/>\n<meta property=\"og:type\" content=\"article\" \/>\n<meta property=\"og:title\" content=\"contact - Poney Club de Sainte Eug\u00e9nie\" \/>\n<meta property=\"og:description\" content=\"Contactez-nous Besoin d&rsquo;informations suppl\u00e9mentaires ? Vous souhaitez r\u00e9server un s\u00e9ances ou bien prendre une pause et r\u00e9server un de nos g\u00eetes au Domaine ? Formulaire de contact Adresse Sainte-Eug\u00e9nie, 61160 Gouffern en Auge T\u00e9l\u00e9phone 02 33 36 80 80 Email coignard.anne@orange.fr\" \/>\n<meta property=\"og:url\" content=\"https:\/\/poney-club-ste-eugenie.com\/ps\/contact-2\/\" \/>\n<meta property=\"og:site_name\" content=\"Poney Club de Sainte Eug\u00e9nie\" \/>\n<meta property=\"article:publisher\" content=\"https:\/\/www.facebook.com\/poneyclubsteeugenie\" \/>\n<meta property=\"article:modified_time\" content=\"2025-12-18T20:56:22+00:00\" \/>\n<meta name=\"twitter:card\" content=\"summary_large_image\" \/>\n<meta name=\"twitter:label1\" content=\"Dur\u00e9e de lecture estim\u00e9e\" \/>\n\t<meta name=\"twitter:data1\" content=\"1 minute\" \/>\n<script type=\"application\/ld+json\" class=\"yoast-schema-graph\">{\"@context\":\"https:\\\/\\\/schema.org\",\"@graph\":[{\"@type\":\"WebPage\",\"@id\":\"https:\\\/\\\/poney-club-ste-eugenie.com\\\/ps\\\/contact-2\\\/\",\"url\":\"https:\\\/\\\/poney-club-ste-eugenie.com\\\/ps\\\/contact-2\\\/\",\"name\":\"contact - Poney Club de Sainte Eug\u00e9nie\",\"isPartOf\":{\"@id\":\"https:\\\/\\\/poney-club-ste-eugenie.com\\\/ps\\\/#website\"},\"datePublished\":\"2018-04-29T17:15:56+00:00\",\"dateModified\":\"2025-12-18T20:56:22+00:00\",\"breadcrumb\":{\"@id\":\"https:\\\/\\\/poney-club-ste-eugenie.com\\\/ps\\\/contact-2\\\/#breadcrumb\"},\"inLanguage\":\"fr-FR\",\"potentialAction\":[{\"@type\":\"ReadAction\",\"target\":[\"https:\\\/\\\/poney-club-ste-eugenie.com\\\/ps\\\/contact-2\\\/\"]}]},{\"@type\":\"BreadcrumbList\",\"@id\":\"https:\\\/\\\/poney-club-ste-eugenie.com\\\/ps\\\/contact-2\\\/#breadcrumb\",\"itemListElement\":[{\"@type\":\"ListItem\",\"position\":1,\"name\":\"Accueil\",\"item\":\"https:\\\/\\\/poney-club-ste-eugenie.com\\\/ps\\\/\"},{\"@type\":\"ListItem\",\"position\":2,\"name\":\"contact\"}]},{\"@type\":\"WebSite\",\"@id\":\"https:\\\/\\\/poney-club-ste-eugenie.com\\\/ps\\\/#website\",\"url\":\"https:\\\/\\\/poney-club-ste-eugenie.com\\\/ps\\\/\",\"name\":\"Poney Club de Sainte Eug\u00e9nie\",\"description\":\"Monter \u00e0 cheval ou \u00e0 poney dans l&#039;Orne\",\"publisher\":{\"@id\":\"https:\\\/\\\/poney-club-ste-eugenie.com\\\/ps\\\/#organization\"},\"potentialAction\":[{\"@type\":\"SearchAction\",\"target\":{\"@type\":\"EntryPoint\",\"urlTemplate\":\"https:\\\/\\\/poney-club-ste-eugenie.com\\\/ps\\\/?s={search_term_string}\"},\"query-input\":{\"@type\":\"PropertyValueSpecification\",\"valueRequired\":true,\"valueName\":\"search_term_string\"}}],\"inLanguage\":\"fr-FR\"},{\"@type\":\"Organization\",\"@id\":\"https:\\\/\\\/poney-club-ste-eugenie.com\\\/ps\\\/#organization\",\"name\":\"Poney Club de Sainte Eug\u00e9nie\",\"url\":\"https:\\\/\\\/poney-club-ste-eugenie.com\\\/ps\\\/\",\"logo\":{\"@type\":\"ImageObject\",\"inLanguage\":\"fr-FR\",\"@id\":\"https:\\\/\\\/poney-club-ste-eugenie.com\\\/ps\\\/#\\\/schema\\\/logo\\\/image\\\/\",\"url\":\"http:\\\/\\\/test.poney-club-ste-eugenie.com\\\/wp-content\\\/uploads\\\/2016\\\/02\\\/cropped-officiel-ne-pas-effacer-logobigponey.png\",\"contentUrl\":\"http:\\\/\\\/test.poney-club-ste-eugenie.com\\\/wp-content\\\/uploads\\\/2016\\\/02\\\/cropped-officiel-ne-pas-effacer-logobigponey.png\",\"width\":512,\"height\":512,\"caption\":\"Poney Club de Sainte Eug\u00e9nie\"},\"image\":{\"@id\":\"https:\\\/\\\/poney-club-ste-eugenie.com\\\/ps\\\/#\\\/schema\\\/logo\\\/image\\\/\"},\"sameAs\":[\"https:\\\/\\\/www.facebook.com\\\/poneyclubsteeugenie\"]}]}<\/script>\n<!-- \/ Yoast SEO plugin. -->","yoast_head_json":{"title":"contact - Poney Club de Sainte Eug\u00e9nie","robots":{"index":"noindex","follow":"follow","max-snippet":"max-snippet:-1","max-image-preview":"max-image-preview:large","max-video-preview":"max-video-preview:-1"},"og_locale":"fr_FR","og_type":"article","og_title":"contact - Poney Club de Sainte Eug\u00e9nie","og_description":"Contactez-nous Besoin d&rsquo;informations suppl\u00e9mentaires ? Vous souhaitez r\u00e9server un s\u00e9ances ou bien prendre une pause et r\u00e9server un de nos g\u00eetes au Domaine ? Formulaire de contact Adresse Sainte-Eug\u00e9nie, 61160 Gouffern en Auge T\u00e9l\u00e9phone 02 33 36 80 80 Email coignard.anne@orange.fr","og_url":"https:\/\/poney-club-ste-eugenie.com\/ps\/contact-2\/","og_site_name":"Poney Club de Sainte Eug\u00e9nie","article_publisher":"https:\/\/www.facebook.com\/poneyclubsteeugenie","article_modified_time":"2025-12-18T20:56:22+00:00","twitter_card":"summary_large_image","twitter_misc":{"Dur\u00e9e de lecture estim\u00e9e":"1 minute"},"schema":{"@context":"https:\/\/schema.org","@graph":[{"@type":"WebPage","@id":"https:\/\/poney-club-ste-eugenie.com\/ps\/contact-2\/","url":"https:\/\/poney-club-ste-eugenie.com\/ps\/contact-2\/","name":"contact - Poney Club de Sainte Eug\u00e9nie","isPartOf":{"@id":"https:\/\/poney-club-ste-eugenie.com\/ps\/#website"},"datePublished":"2018-04-29T17:15:56+00:00","dateModified":"2025-12-18T20:56:22+00:00","breadcrumb":{"@id":"https:\/\/poney-club-ste-eugenie.com\/ps\/contact-2\/#breadcrumb"},"inLanguage":"fr-FR","potentialAction":[{"@type":"ReadAction","target":["https:\/\/poney-club-ste-eugenie.com\/ps\/contact-2\/"]}]},{"@type":"BreadcrumbList","@id":"https:\/\/poney-club-ste-eugenie.com\/ps\/contact-2\/#breadcrumb","itemListElement":[{"@type":"ListItem","position":1,"name":"Accueil","item":"https:\/\/poney-club-ste-eugenie.com\/ps\/"},{"@type":"ListItem","position":2,"name":"contact"}]},{"@type":"WebSite","@id":"https:\/\/poney-club-ste-eugenie.com\/ps\/#website","url":"https:\/\/poney-club-ste-eugenie.com\/ps\/","name":"Poney Club de Sainte Eug\u00e9nie","description":"Monter \u00e0 cheval ou \u00e0 poney dans l&#039;Orne","publisher":{"@id":"https:\/\/poney-club-ste-eugenie.com\/ps\/#organization"},"potentialAction":[{"@type":"SearchAction","target":{"@type":"EntryPoint","urlTemplate":"https:\/\/poney-club-ste-eugenie.com\/ps\/?s={search_term_string}"},"query-input":{"@type":"PropertyValueSpecification","valueRequired":true,"valueName":"search_term_string"}}],"inLanguage":"fr-FR"},{"@type":"Organization","@id":"https:\/\/poney-club-ste-eugenie.com\/ps\/#organization","name":"Poney Club de Sainte Eug\u00e9nie","url":"https:\/\/poney-club-ste-eugenie.com\/ps\/","logo":{"@type":"ImageObject","inLanguage":"fr-FR","@id":"https:\/\/poney-club-ste-eugenie.com\/ps\/#\/schema\/logo\/image\/","url":"http:\/\/test.poney-club-ste-eugenie.com\/wp-content\/uploads\/2016\/02\/cropped-officiel-ne-pas-effacer-logobigponey.png","contentUrl":"http:\/\/test.poney-club-ste-eugenie.com\/wp-content\/uploads\/2016\/02\/cropped-officiel-ne-pas-effacer-logobigponey.png","width":512,"height":512,"caption":"Poney Club de Sainte Eug\u00e9nie"},"image":{"@id":"https:\/\/poney-club-ste-eugenie.com\/ps\/#\/schema\/logo\/image\/"},"sameAs":["https:\/\/www.facebook.com\/poneyclubsteeugenie"]}]}},"_links":{"self":[{"href":"https:\/\/poney-club-ste-eugenie.com\/ps\/wp-json\/wp\/v2\/pages\/1879","targetHints":{"allow":["GET"]}}],"collection":[{"href":"https:\/\/poney-club-ste-eugenie.com\/ps\/wp-json\/wp\/v2\/pages"}],"about":[{"href":"https:\/\/poney-club-ste-eugenie.com\/ps\/wp-json\/wp\/v2\/types\/page"}],"author":[{"embeddable":true,"href":"https:\/\/poney-club-ste-eugenie.com\/ps\/wp-json\/wp\/v2\/users\/1"}],"replies":[{"embeddable":true,"href":"https:\/\/poney-club-ste-eugenie.com\/ps\/wp-json\/wp\/v2\/comments?post=1879"}],"version-history":[{"count":20,"href":"https:\/\/poney-club-ste-eugenie.com\/ps\/wp-json\/wp\/v2\/pages\/1879\/revisions"}],"predecessor-version":[{"id":24509,"href":"https:\/\/poney-club-ste-eugenie.com\/ps\/wp-json\/wp\/v2\/pages\/1879\/revisions\/24509"}],"wp:attachment":[{"href":"https:\/\/poney-club-ste-eugenie.com\/ps\/wp-json\/wp\/v2\/media?parent=1879"}],"curies":[{"name":"wp","href":"https:\/\/api.w.org\/{rel}","templated":true}]}}