{"id":23526,"date":"2023-09-15T23:03:55","date_gmt":"2023-09-15T22:03:55","guid":{"rendered":"https:\/\/www.poney-club-ste-eugenie.com\/?page_id=23526"},"modified":"2026-03-12T16:10:17","modified_gmt":"2026-03-12T15:10:17","slug":"23526-2","status":"publish","type":"page","link":"https:\/\/poney-club-ste-eugenie.com\/ps\/","title":{"rendered":"Bienvenue au Domaine de Sainte eug\u00e9nie"},"content":{"rendered":"\t\t<div data-elementor-type=\"wp-page\" data-elementor-id=\"23526\" class=\"elementor elementor-23526\">\n\t\t\t\t<div class=\"elementor-element elementor-element-d126f36 e-flex e-con-boxed e-con e-parent\" data-id=\"d126f36\" data-element_type=\"container\" data-e-type=\"container\">\n\t\t\t\t\t<div class=\"e-con-inner\">\n\t\t<div class=\"elementor-element elementor-element-dec0c69 e-con-full e-flex e-con e-child\" data-id=\"dec0c69\" data-element_type=\"container\" data-e-type=\"container\">\n\t\t\t\t<div class=\"elementor-element elementor-element-24b53da elementor-widget elementor-widget-heading\" data-id=\"24b53da\" data-element_type=\"widget\" data-e-type=\"widget\" data-widget_type=\"heading.default\">\n\t\t\t\t\t<h2 class=\"elementor-heading-title elementor-size-default\">Le Domaine de Sainte Eug\u00e9nie, un lieu o\u00f9 passion et nature se rencontrent.<\/h2>\t\t\t\t<\/div>\n\t\t\t\t<div class=\"elementor-element elementor-element-ffde2bb elementor-widget__width-initial elementor-widget elementor-widget-text-editor\" data-id=\"ffde2bb\" data-element_type=\"widget\" data-e-type=\"widget\" data-widget_type=\"text-editor.default\">\n\t\t\t\t\t\t\t\t\t<p>Bienvenue dans nos g\u00eetes, nich\u00e9s en pleine nature Normande. Ici, familles et groupes viennent se ressourcer au calme et pour les amoureux des animaux, une activit\u00e9s avec les poneys est propos\u00e9 sur place.<\/p>\t\t\t\t\t\t\t\t<\/div>\n\t\t\t\t<\/div>\n\t\t<div class=\"elementor-element elementor-element-dd1e82a e-con-full e-flex e-con e-child\" data-id=\"dd1e82a\" data-element_type=\"container\" data-e-type=\"container\">\n\t\t<div class=\"elementor-element elementor-element-1edcd85 e-con-full e-flex e-con e-child\" data-id=\"1edcd85\" data-element_type=\"container\" data-e-type=\"container\">\n\t\t\t\t<div class=\"elementor-element elementor-element-88872e6 elementor-widget elementor-widget-image\" data-id=\"88872e6\" data-element_type=\"widget\" data-e-type=\"widget\" data-widget_type=\"image.default\">\n\t\t\t\t\t\t\t\t\t\t\t\t\t\t\t<img fetchpriority=\"high\" decoding=\"async\" width=\"1200\" height=\"800\" src=\"https:\/\/poney-club-ste-eugenie.com\/ps\/wp-content\/uploads\/gite-familial-en-normandie-.jpg\" class=\"attachment-full size-full wp-image-24774\" alt=\"gite familial en normandie\" srcset=\"https:\/\/poney-club-ste-eugenie.com\/ps\/wp-content\/uploads\/gite-familial-en-normandie-.jpg 1200w, https:\/\/poney-club-ste-eugenie.com\/ps\/wp-content\/uploads\/gite-familial-en-normandie--300x200.jpg 300w, https:\/\/poney-club-ste-eugenie.com\/ps\/wp-content\/uploads\/gite-familial-en-normandie--570x380.jpg 570w\" sizes=\"(max-width: 1200px) 100vw, 1200px\" \/>\t\t\t\t\t\t\t\t\t\t\t\t\t\t\t<\/div>\n\t\t\t\t<div class=\"elementor-element elementor-element-e6bf28e elementor-widget elementor-widget-heading\" data-id=\"e6bf28e\" data-element_type=\"widget\" data-e-type=\"widget\" data-widget_type=\"heading.default\">\n\t\t\t\t\t<h2 class=\"elementor-heading-title elementor-size-default\">Nos h\u00e9bergements :\nChalets, Cottage et grand G\u00eete<\/h2>\t\t\t\t<\/div>\n\t\t\t\t<div class=\"elementor-element elementor-element-c666235 elementor-widget elementor-widget-tp-button\" data-id=\"c666235\" data-element_type=\"widget\" data-e-type=\"widget\" data-widget_type=\"tp-button.default\">\n\t\t\t\t\t<div class=\"pt-plus-button-wrapper   text- \"><div class=\"button_parallax \"><div id=\"button69f547c15dd7d\"  class=\" text- ts-button content_hover_effect  \" ><div class=\"pt_plus_button btn69f547c15dd7c button-style-5   \"  ><div class=\"animted-content-inner \"><a href=\"https:\/\/poney-club-ste-eugenie.com\/ps\/gites\/\" class=\"button-link-wrap \" role=\"button\" data-hover=\"D\u00e9couvrir\" >D\u00e9couvrir<i class=\"btn-icon button-after fa fa-chevron-right\"><\/i><\/a><\/div><\/div><\/div><\/div><\/div>\t\t\t\t<\/div>\n\t\t\t\t<\/div>\n\t\t<div class=\"elementor-element elementor-element-5527a87 e-con-full e-flex e-con e-child\" data-id=\"5527a87\" data-element_type=\"container\" data-e-type=\"container\">\n\t\t\t\t<div class=\"elementor-element elementor-element-5f38002 elementor-widget elementor-widget-image\" data-id=\"5f38002\" data-element_type=\"widget\" data-e-type=\"widget\" data-widget_type=\"image.default\">\n\t\t\t\t\t\t\t\t\t\t\t\t\t\t\t<img decoding=\"async\" width=\"2000\" height=\"1335\" src=\"https:\/\/poney-club-ste-eugenie.com\/ps\/wp-content\/uploads\/ISA_0394.jpg\" class=\"attachment-full size-full wp-image-1839\" alt=\"\" srcset=\"https:\/\/poney-club-ste-eugenie.com\/ps\/wp-content\/uploads\/ISA_0394.jpg 2000w, https:\/\/poney-club-ste-eugenie.com\/ps\/wp-content\/uploads\/ISA_0394-570x380.jpg 570w, https:\/\/poney-club-ste-eugenie.com\/ps\/wp-content\/uploads\/ISA_0394-300x200.jpg 300w\" sizes=\"(max-width: 2000px) 100vw, 2000px\" \/>\t\t\t\t\t\t\t\t\t\t\t\t\t\t\t<\/div>\n\t\t\t\t<div class=\"elementor-element elementor-element-bd179ee elementor-widget elementor-widget-heading\" data-id=\"bd179ee\" data-element_type=\"widget\" data-e-type=\"widget\" data-widget_type=\"heading.default\">\n\t\t\t\t\t<h2 class=\"elementor-heading-title elementor-size-default\">S\u00e9ances, stages, \u00e9quitation\nadapt\u00e9e, accueil de groupes...<\/h2>\t\t\t\t<\/div>\n\t\t\t\t<div class=\"elementor-element elementor-element-e2aee6f elementor-widget elementor-widget-tp-button\" data-id=\"e2aee6f\" data-element_type=\"widget\" data-e-type=\"widget\" data-widget_type=\"tp-button.default\">\n\t\t\t\t\t<div class=\"pt-plus-button-wrapper   text- \"><div class=\"button_parallax \"><div id=\"button69f547c15e762\"  class=\" text- ts-button content_hover_effect  \" ><div class=\"pt_plus_button btn69f547c15e761 button-style-5   \"  ><div class=\"animted-content-inner \"><a href=\"https:\/\/poney-club-ste-eugenie.com\/ps\/activites-equestres\/\" class=\"button-link-wrap \" role=\"button\" data-hover=\"D\u00e9couvrir\" >D\u00e9couvrir<i class=\"btn-icon button-after fa fa-chevron-right\"><\/i><\/a><\/div><\/div><\/div><\/div><\/div>\t\t\t\t<\/div>\n\t\t\t\t<\/div>\n\t\t\t\t<\/div>\n\t\t\t\t\t<\/div>\n\t\t\t\t<\/div>\n\t\t\t\t<section class=\"elementor-section elementor-top-section elementor-element elementor-element-yx38wvc elementor-section-full_width elementor-section-stretched elementor-section-height-default elementor-section-height-default\" data-id=\"yx38wvc\" data-element_type=\"section\" data-e-type=\"section\" data-settings=\"{&quot;background_background&quot;:&quot;classic&quot;,&quot;stretch_section&quot;:&quot;section-stretched&quot;}\">\n\t\t\t\t\t\t<div class=\"elementor-container elementor-column-gap-default\">\n\t\t\t\t\t<div class=\"elementor-column elementor-col-100 elementor-top-column elementor-element elementor-element-3f7258a\" data-id=\"3f7258a\" data-element_type=\"column\" data-e-type=\"column\">\n\t\t\t<div class=\"elementor-widget-wrap elementor-element-populated\">\n\t\t\t\t\t\t<div class=\"elementor-element elementor-element-5bcc733 elementor-widget elementor-widget-heading\" data-id=\"5bcc733\" data-element_type=\"widget\" data-e-type=\"widget\" data-widget_type=\"heading.default\">\n\t\t\t\t\t<h2 class=\"elementor-heading-title elementor-size-default\">T\u00e9moignages<\/h2>\t\t\t\t<\/div>\n\t\t\t\t<section class=\"elementor-section elementor-inner-section elementor-element elementor-element-816f361 elementor-section-boxed elementor-section-height-default elementor-section-height-default\" data-id=\"816f361\" data-element_type=\"section\" data-e-type=\"section\">\n\t\t\t\t\t\t<div class=\"elementor-container elementor-column-gap-wider\">\n\t\t\t\t\t<div class=\"elementor-column elementor-col-33 elementor-inner-column elementor-element elementor-element-4a64903\" data-id=\"4a64903\" data-element_type=\"column\" data-e-type=\"column\" data-settings=\"{&quot;background_background&quot;:&quot;classic&quot;}\">\n\t\t\t<div class=\"elementor-widget-wrap elementor-element-populated\">\n\t\t\t\t\t\t<div class=\"elementor-element elementor-element-eab1df9 elementor-view-default elementor-widget elementor-widget-icon\" data-id=\"eab1df9\" data-element_type=\"widget\" data-e-type=\"widget\" data-widget_type=\"icon.default\">\n\t\t\t\t\t\t\t<div class=\"elementor-icon-wrapper\">\n\t\t\t<div class=\"elementor-icon\">\n\t\t\t<i aria-hidden=\"true\" class=\"fas fa-quote-left\"><\/i>\t\t\t<\/div>\n\t\t<\/div>\n\t\t\t\t\t\t<\/div>\n\t\t\t\t<div class=\"elementor-element elementor-element-1ad07e8 elementor-widget elementor-widget-text-editor\" data-id=\"1ad07e8\" data-element_type=\"widget\" data-e-type=\"widget\" data-widget_type=\"text-editor.default\">\n\t\t\t\t\t\t\t\t\t<p>Excellent accueil d\u2019Anne, la propri\u00e9taire, au petit soin tant pour nos chevaux que pour ses h\u00f4tes. Le cadre est idyllique et d\u2019un entretien impeccable. Cavaliers randonneurs arr\u00eatez vous au domaine de Sainte Eug\u00e9nie sans h\u00e9siter.<\/p>\t\t\t\t\t\t\t\t<\/div>\n\t\t\t\t<div class=\"elementor-element elementor-element-e6bbe46 elementor-widget elementor-widget-heading\" data-id=\"e6bbe46\" data-element_type=\"widget\" data-e-type=\"widget\" data-widget_type=\"heading.default\">\n\t\t\t\t\t<h4 class=\"elementor-heading-title elementor-size-default\">Gaudin Anne<\/h4>\t\t\t\t<\/div>\n\t\t\t\t\t<\/div>\n\t\t<\/div>\n\t\t\t\t<div class=\"elementor-column elementor-col-33 elementor-inner-column elementor-element elementor-element-7ef5e84\" data-id=\"7ef5e84\" data-element_type=\"column\" data-e-type=\"column\" data-settings=\"{&quot;background_background&quot;:&quot;classic&quot;}\">\n\t\t\t<div class=\"elementor-widget-wrap elementor-element-populated\">\n\t\t\t\t\t\t<div class=\"elementor-element elementor-element-00e0db4 elementor-view-default elementor-widget elementor-widget-icon\" data-id=\"00e0db4\" data-element_type=\"widget\" data-e-type=\"widget\" data-widget_type=\"icon.default\">\n\t\t\t\t\t\t\t<div class=\"elementor-icon-wrapper\">\n\t\t\t<div class=\"elementor-icon\">\n\t\t\t<i aria-hidden=\"true\" class=\"fas fa-quote-left\"><\/i>\t\t\t<\/div>\n\t\t<\/div>\n\t\t\t\t\t\t<\/div>\n\t\t\t\t<div class=\"elementor-element elementor-element-d236a76 elementor-widget elementor-widget-text-editor\" data-id=\"d236a76\" data-element_type=\"widget\" data-e-type=\"widget\" data-widget_type=\"text-editor.default\">\n\t\t\t\t\t\t\t\t\t<p>Centre \u00e9questre tr\u00e8s sympa : j&rsquo;y ai appris l&rsquo;\u00e9quitation pendant plusieurs ann\u00e9es et j&rsquo;en garde un tr\u00e8s bon souvenir. La p\u00e9dagogie et le respect des chevaux est irr\u00e9prochable ainsi que l&rsquo;accueil du personnel du club. Les g\u00eetes sont confortables et les prix tr\u00e8s accessibles. Endroit calme et d\u00e9paysant pour s\u00e9jour 100% normand ! Je recommande !<\/p>\t\t\t\t\t\t\t\t<\/div>\n\t\t\t\t<div class=\"elementor-element elementor-element-fec8cc0 elementor-widget elementor-widget-heading\" data-id=\"fec8cc0\" data-element_type=\"widget\" data-e-type=\"widget\" data-widget_type=\"heading.default\">\n\t\t\t\t\t<h4 class=\"elementor-heading-title elementor-size-default\">Aguirregabiria Thomas<\/h4>\t\t\t\t<\/div>\n\t\t\t\t\t<\/div>\n\t\t<\/div>\n\t\t\t\t<div class=\"elementor-column elementor-col-33 elementor-inner-column elementor-element elementor-element-5320cef\" data-id=\"5320cef\" data-element_type=\"column\" data-e-type=\"column\" data-settings=\"{&quot;background_background&quot;:&quot;classic&quot;}\">\n\t\t\t<div class=\"elementor-widget-wrap elementor-element-populated\">\n\t\t\t\t\t\t<div class=\"elementor-element elementor-element-ebb528e elementor-view-default elementor-widget elementor-widget-icon\" data-id=\"ebb528e\" data-element_type=\"widget\" data-e-type=\"widget\" data-widget_type=\"icon.default\">\n\t\t\t\t\t\t\t<div class=\"elementor-icon-wrapper\">\n\t\t\t<div class=\"elementor-icon\">\n\t\t\t<i aria-hidden=\"true\" class=\"fas fa-quote-left\"><\/i>\t\t\t<\/div>\n\t\t<\/div>\n\t\t\t\t\t\t<\/div>\n\t\t\t\t<div class=\"elementor-element elementor-element-157d022 elementor-widget elementor-widget-text-editor\" data-id=\"157d022\" data-element_type=\"widget\" data-e-type=\"widget\" data-widget_type=\"text-editor.default\">\n\t\t\t\t\t\t\t\t\t<p>Tr\u00e8s bon accueil, nous y avons \u00e9t\u00e9 ce week-end, nous \u00e9tions un groupe de 58 personnes, g\u00eete propre avec des chambres de 2 ou 4 personnes, une cuisine spacieuse avec tout le n\u00e9cessaire. Je recommande<\/p>\t\t\t\t\t\t\t\t<\/div>\n\t\t\t\t<div class=\"elementor-element elementor-element-8421478 elementor-widget elementor-widget-heading\" data-id=\"8421478\" data-element_type=\"widget\" data-e-type=\"widget\" data-widget_type=\"heading.default\">\n\t\t\t\t\t<h4 class=\"elementor-heading-title elementor-size-default\">Marie-Claire Provost<\/h4>\t\t\t\t<\/div>\n\t\t\t\t\t<\/div>\n\t\t<\/div>\n\t\t\t\t\t<\/div>\n\t\t<\/section>\n\t\t\t\t\t<\/div>\n\t\t<\/div>\n\t\t\t\t\t<\/div>\n\t\t<\/section>\n\t\t\t\t<\/div>\n\t\t","protected":false},"excerpt":{"rendered":"<p>Le Domaine de Sainte Eug\u00e9nie, un lieu o\u00f9 passion et nature se rencontrent. Bienvenue dans nos g\u00eetes, nich\u00e9s en pleine nature Normande. Ici, familles et groupes viennent se ressourcer au calme et pour les amoureux des animaux, une activit\u00e9s avec les poneys est propos\u00e9 sur place. Nos h\u00e9bergements : Chalets, Cottage et grand G\u00eete D\u00e9couvrir [&hellip;]<\/p>\n","protected":false},"author":1,"featured_media":0,"parent":0,"menu_order":0,"comment_status":"closed","ping_status":"closed","template":"","meta":{"footnotes":""},"class_list":["post-23526","page","type-page","status-publish","hentry","entry","owp-thumbs-layout-horizontal","owp-btn-normal","owp-tabs-layout-horizontal","has-no-thumbnails","has-product-nav"],"yoast_head":"<!-- This site is optimized with the Yoast SEO plugin v27.5 - https:\/\/yoast.com\/product\/yoast-seo-wordpress\/ -->\n<title>G\u00eete et poney club de sainte Eug\u00e9nie<\/title>\n<meta name=\"description\" content=\"Apprendre \u00e0 monter \u00e0 cheval et \u00e0 poney au club \u00e9questre, passage de galops, remise en selle,h\u00e9bergement en g\u00eete, g\u00eete familial et g\u00eete de groupe, balades\" \/>\n<meta name=\"robots\" content=\"noindex, follow, max-snippet:-1, max-image-preview:large, max-video-preview:-1\" \/>\n<meta property=\"og:locale\" content=\"fr_FR\" \/>\n<meta property=\"og:type\" content=\"article\" \/>\n<meta property=\"og:title\" content=\"G\u00eete et poney club de sainte Eug\u00e9nie\" \/>\n<meta property=\"og:description\" content=\"Apprendre \u00e0 monter \u00e0 cheval et \u00e0 poney au club \u00e9questre, passage de galops, remise en selle,h\u00e9bergement en g\u00eete, g\u00eete familial et g\u00eete de groupe, balades\" \/>\n<meta property=\"og:url\" content=\"https:\/\/poney-club-ste-eugenie.com\/ps\/\" \/>\n<meta property=\"og:site_name\" content=\"Poney Club de Sainte Eug\u00e9nie\" \/>\n<meta property=\"article:publisher\" content=\"https:\/\/www.facebook.com\/poneyclubsteeugenie\" \/>\n<meta property=\"article:modified_time\" content=\"2026-03-12T15:10:17+00:00\" \/>\n<meta property=\"og:image\" content=\"https:\/\/poney-club-ste-eugenie.com\/ps\/wp-content\/uploads\/gite-familial-en-normandie-.jpg\" \/>\n\t<meta property=\"og:image:width\" content=\"1200\" \/>\n\t<meta property=\"og:image:height\" content=\"800\" \/>\n\t<meta property=\"og:image:type\" content=\"image\/jpeg\" \/>\n<meta name=\"twitter:card\" content=\"summary_large_image\" \/>\n<meta name=\"twitter:label1\" content=\"Dur\u00e9e de lecture estim\u00e9e\" \/>\n\t<meta name=\"twitter:data1\" content=\"1 minute\" \/>\n<script type=\"application\/ld+json\" class=\"yoast-schema-graph\">{\"@context\":\"https:\\\/\\\/schema.org\",\"@graph\":[{\"@type\":\"WebPage\",\"@id\":\"https:\\\/\\\/poney-club-ste-eugenie.com\\\/ps\\\/\",\"url\":\"https:\\\/\\\/poney-club-ste-eugenie.com\\\/ps\\\/\",\"name\":\"G\u00eete et poney club de sainte Eug\u00e9nie\",\"isPartOf\":{\"@id\":\"https:\\\/\\\/poney-club-ste-eugenie.com\\\/ps\\\/#website\"},\"primaryImageOfPage\":{\"@id\":\"https:\\\/\\\/poney-club-ste-eugenie.com\\\/ps\\\/#primaryimage\"},\"image\":{\"@id\":\"https:\\\/\\\/poney-club-ste-eugenie.com\\\/ps\\\/#primaryimage\"},\"thumbnailUrl\":\"https:\\\/\\\/poney-club-ste-eugenie.com\\\/ps\\\/wp-content\\\/uploads\\\/gite-familial-en-normandie-.jpg\",\"datePublished\":\"2023-09-15T22:03:55+00:00\",\"dateModified\":\"2026-03-12T15:10:17+00:00\",\"description\":\"Apprendre \u00e0 monter \u00e0 cheval et \u00e0 poney au club \u00e9questre, passage de galops, remise en selle,h\u00e9bergement en g\u00eete, g\u00eete familial et g\u00eete de groupe, balades\",\"breadcrumb\":{\"@id\":\"https:\\\/\\\/poney-club-ste-eugenie.com\\\/ps\\\/#breadcrumb\"},\"inLanguage\":\"fr-FR\",\"potentialAction\":[{\"@type\":\"ReadAction\",\"target\":[\"https:\\\/\\\/poney-club-ste-eugenie.com\\\/ps\\\/\"]}]},{\"@type\":\"ImageObject\",\"inLanguage\":\"fr-FR\",\"@id\":\"https:\\\/\\\/poney-club-ste-eugenie.com\\\/ps\\\/#primaryimage\",\"url\":\"https:\\\/\\\/poney-club-ste-eugenie.com\\\/ps\\\/wp-content\\\/uploads\\\/gite-familial-en-normandie-.jpg\",\"contentUrl\":\"https:\\\/\\\/poney-club-ste-eugenie.com\\\/ps\\\/wp-content\\\/uploads\\\/gite-familial-en-normandie-.jpg\",\"width\":1200,\"height\":800,\"caption\":\"gite familial en normandie\"},{\"@type\":\"BreadcrumbList\",\"@id\":\"https:\\\/\\\/poney-club-ste-eugenie.com\\\/ps\\\/#breadcrumb\",\"itemListElement\":[{\"@type\":\"ListItem\",\"position\":1,\"name\":\"Accueil\",\"item\":\"https:\\\/\\\/poney-club-ste-eugenie.com\\\/ps\\\/\"},{\"@type\":\"ListItem\",\"position\":2,\"name\":\"Bienvenue au Domaine de Sainte eug\u00e9nie\"}]},{\"@type\":\"WebSite\",\"@id\":\"https:\\\/\\\/poney-club-ste-eugenie.com\\\/ps\\\/#website\",\"url\":\"https:\\\/\\\/poney-club-ste-eugenie.com\\\/ps\\\/\",\"name\":\"Poney Club de Sainte Eug\u00e9nie\",\"description\":\"Monter \u00e0 cheval ou \u00e0 poney dans l&#039;Orne\",\"publisher\":{\"@id\":\"https:\\\/\\\/poney-club-ste-eugenie.com\\\/ps\\\/#organization\"},\"potentialAction\":[{\"@type\":\"SearchAction\",\"target\":{\"@type\":\"EntryPoint\",\"urlTemplate\":\"https:\\\/\\\/poney-club-ste-eugenie.com\\\/ps\\\/?s={search_term_string}\"},\"query-input\":{\"@type\":\"PropertyValueSpecification\",\"valueRequired\":true,\"valueName\":\"search_term_string\"}}],\"inLanguage\":\"fr-FR\"},{\"@type\":\"Organization\",\"@id\":\"https:\\\/\\\/poney-club-ste-eugenie.com\\\/ps\\\/#organization\",\"name\":\"Poney Club de Sainte Eug\u00e9nie\",\"url\":\"https:\\\/\\\/poney-club-ste-eugenie.com\\\/ps\\\/\",\"logo\":{\"@type\":\"ImageObject\",\"inLanguage\":\"fr-FR\",\"@id\":\"https:\\\/\\\/poney-club-ste-eugenie.com\\\/ps\\\/#\\\/schema\\\/logo\\\/image\\\/\",\"url\":\"http:\\\/\\\/test.poney-club-ste-eugenie.com\\\/wp-content\\\/uploads\\\/2016\\\/02\\\/cropped-officiel-ne-pas-effacer-logobigponey.png\",\"contentUrl\":\"http:\\\/\\\/test.poney-club-ste-eugenie.com\\\/wp-content\\\/uploads\\\/2016\\\/02\\\/cropped-officiel-ne-pas-effacer-logobigponey.png\",\"width\":512,\"height\":512,\"caption\":\"Poney Club de Sainte Eug\u00e9nie\"},\"image\":{\"@id\":\"https:\\\/\\\/poney-club-ste-eugenie.com\\\/ps\\\/#\\\/schema\\\/logo\\\/image\\\/\"},\"sameAs\":[\"https:\\\/\\\/www.facebook.com\\\/poneyclubsteeugenie\"]}]}<\/script>\n<!-- \/ Yoast SEO plugin. -->","yoast_head_json":{"title":"G\u00eete et poney club de sainte Eug\u00e9nie","description":"Apprendre \u00e0 monter \u00e0 cheval et \u00e0 poney au club \u00e9questre, passage de galops, remise en selle,h\u00e9bergement en g\u00eete, g\u00eete familial et g\u00eete de groupe, balades","robots":{"index":"noindex","follow":"follow","max-snippet":"max-snippet:-1","max-image-preview":"max-image-preview:large","max-video-preview":"max-video-preview:-1"},"og_locale":"fr_FR","og_type":"article","og_title":"G\u00eete et poney club de sainte Eug\u00e9nie","og_description":"Apprendre \u00e0 monter \u00e0 cheval et \u00e0 poney au club \u00e9questre, passage de galops, remise en selle,h\u00e9bergement en g\u00eete, g\u00eete familial et g\u00eete de groupe, balades","og_url":"https:\/\/poney-club-ste-eugenie.com\/ps\/","og_site_name":"Poney Club de Sainte Eug\u00e9nie","article_publisher":"https:\/\/www.facebook.com\/poneyclubsteeugenie","article_modified_time":"2026-03-12T15:10:17+00:00","og_image":[{"width":1200,"height":800,"url":"https:\/\/poney-club-ste-eugenie.com\/ps\/wp-content\/uploads\/gite-familial-en-normandie-.jpg","type":"image\/jpeg"}],"twitter_card":"summary_large_image","twitter_misc":{"Dur\u00e9e de lecture estim\u00e9e":"1 minute"},"schema":{"@context":"https:\/\/schema.org","@graph":[{"@type":"WebPage","@id":"https:\/\/poney-club-ste-eugenie.com\/ps\/","url":"https:\/\/poney-club-ste-eugenie.com\/ps\/","name":"G\u00eete et poney club de sainte Eug\u00e9nie","isPartOf":{"@id":"https:\/\/poney-club-ste-eugenie.com\/ps\/#website"},"primaryImageOfPage":{"@id":"https:\/\/poney-club-ste-eugenie.com\/ps\/#primaryimage"},"image":{"@id":"https:\/\/poney-club-ste-eugenie.com\/ps\/#primaryimage"},"thumbnailUrl":"https:\/\/poney-club-ste-eugenie.com\/ps\/wp-content\/uploads\/gite-familial-en-normandie-.jpg","datePublished":"2023-09-15T22:03:55+00:00","dateModified":"2026-03-12T15:10:17+00:00","description":"Apprendre \u00e0 monter \u00e0 cheval et \u00e0 poney au club \u00e9questre, passage de galops, remise en selle,h\u00e9bergement en g\u00eete, g\u00eete familial et g\u00eete de groupe, balades","breadcrumb":{"@id":"https:\/\/poney-club-ste-eugenie.com\/ps\/#breadcrumb"},"inLanguage":"fr-FR","potentialAction":[{"@type":"ReadAction","target":["https:\/\/poney-club-ste-eugenie.com\/ps\/"]}]},{"@type":"ImageObject","inLanguage":"fr-FR","@id":"https:\/\/poney-club-ste-eugenie.com\/ps\/#primaryimage","url":"https:\/\/poney-club-ste-eugenie.com\/ps\/wp-content\/uploads\/gite-familial-en-normandie-.jpg","contentUrl":"https:\/\/poney-club-ste-eugenie.com\/ps\/wp-content\/uploads\/gite-familial-en-normandie-.jpg","width":1200,"height":800,"caption":"gite familial en normandie"},{"@type":"BreadcrumbList","@id":"https:\/\/poney-club-ste-eugenie.com\/ps\/#breadcrumb","itemListElement":[{"@type":"ListItem","position":1,"name":"Accueil","item":"https:\/\/poney-club-ste-eugenie.com\/ps\/"},{"@type":"ListItem","position":2,"name":"Bienvenue au Domaine de Sainte eug\u00e9nie"}]},{"@type":"WebSite","@id":"https:\/\/poney-club-ste-eugenie.com\/ps\/#website","url":"https:\/\/poney-club-ste-eugenie.com\/ps\/","name":"Poney Club de Sainte Eug\u00e9nie","description":"Monter \u00e0 cheval ou \u00e0 poney dans l&#039;Orne","publisher":{"@id":"https:\/\/poney-club-ste-eugenie.com\/ps\/#organization"},"potentialAction":[{"@type":"SearchAction","target":{"@type":"EntryPoint","urlTemplate":"https:\/\/poney-club-ste-eugenie.com\/ps\/?s={search_term_string}"},"query-input":{"@type":"PropertyValueSpecification","valueRequired":true,"valueName":"search_term_string"}}],"inLanguage":"fr-FR"},{"@type":"Organization","@id":"https:\/\/poney-club-ste-eugenie.com\/ps\/#organization","name":"Poney Club de Sainte Eug\u00e9nie","url":"https:\/\/poney-club-ste-eugenie.com\/ps\/","logo":{"@type":"ImageObject","inLanguage":"fr-FR","@id":"https:\/\/poney-club-ste-eugenie.com\/ps\/#\/schema\/logo\/image\/","url":"http:\/\/test.poney-club-ste-eugenie.com\/wp-content\/uploads\/2016\/02\/cropped-officiel-ne-pas-effacer-logobigponey.png","contentUrl":"http:\/\/test.poney-club-ste-eugenie.com\/wp-content\/uploads\/2016\/02\/cropped-officiel-ne-pas-effacer-logobigponey.png","width":512,"height":512,"caption":"Poney Club de Sainte Eug\u00e9nie"},"image":{"@id":"https:\/\/poney-club-ste-eugenie.com\/ps\/#\/schema\/logo\/image\/"},"sameAs":["https:\/\/www.facebook.com\/poneyclubsteeugenie"]}]}},"_links":{"self":[{"href":"https:\/\/poney-club-ste-eugenie.com\/ps\/wp-json\/wp\/v2\/pages\/23526","targetHints":{"allow":["GET"]}}],"collection":[{"href":"https:\/\/poney-club-ste-eugenie.com\/ps\/wp-json\/wp\/v2\/pages"}],"about":[{"href":"https:\/\/poney-club-ste-eugenie.com\/ps\/wp-json\/wp\/v2\/types\/page"}],"author":[{"embeddable":true,"href":"https:\/\/poney-club-ste-eugenie.com\/ps\/wp-json\/wp\/v2\/users\/1"}],"replies":[{"embeddable":true,"href":"https:\/\/poney-club-ste-eugenie.com\/ps\/wp-json\/wp\/v2\/comments?post=23526"}],"version-history":[{"count":54,"href":"https:\/\/poney-club-ste-eugenie.com\/ps\/wp-json\/wp\/v2\/pages\/23526\/revisions"}],"predecessor-version":[{"id":24780,"href":"https:\/\/poney-club-ste-eugenie.com\/ps\/wp-json\/wp\/v2\/pages\/23526\/revisions\/24780"}],"wp:attachment":[{"href":"https:\/\/poney-club-ste-eugenie.com\/ps\/wp-json\/wp\/v2\/media?parent=23526"}],"curies":[{"name":"wp","href":"https:\/\/api.w.org\/{rel}","templated":true}]}}