{"id":24306,"date":"2025-11-18T12:31:00","date_gmt":"2025-11-18T11:31:00","guid":{"rendered":"https:\/\/test.poney-club-ste-eugenie.com\/?page_id=24306"},"modified":"2026-01-23T15:00:04","modified_gmt":"2026-01-23T14:00:04","slug":"engagements-agrements","status":"publish","type":"page","link":"https:\/\/poney-club-ste-eugenie.com\/ps\/engagements-agrements\/","title":{"rendered":"Engagements &amp; Agr\u00e9ments"},"content":{"rendered":"\t\t<div data-elementor-type=\"wp-page\" data-elementor-id=\"24306\" class=\"elementor elementor-24306\">\n\t\t\t\t<div class=\"elementor-element elementor-element-aabf9ac e-con-full e-flex e-con e-parent\" data-id=\"aabf9ac\" data-element_type=\"container\" data-e-type=\"container\" data-settings=\"{&quot;background_background&quot;:&quot;classic&quot;}\">\n\t\t<div class=\"elementor-element elementor-element-1d4f4509 e-con-full e-flex e-con e-child\" data-id=\"1d4f4509\" data-element_type=\"container\" data-e-type=\"container\">\n\t\t<div class=\"elementor-element elementor-element-5dd141cc e-con-full e-flex e-con e-child\" data-id=\"5dd141cc\" data-element_type=\"container\" data-e-type=\"container\">\n\t\t\t\t<div class=\"elementor-element elementor-element-5fb09df5 elementor-widget elementor-widget-heading\" data-id=\"5fb09df5\" data-element_type=\"widget\" data-e-type=\"widget\" data-widget_type=\"heading.default\">\n\t\t\t\t\t<h1 class=\"elementor-heading-title elementor-size-default\">Engagements &amp; Agr\u00e9ments<\/h1>\t\t\t\t<\/div>\n\t\t\t\t<\/div>\n\t\t\t\t<div class=\"elementor-element elementor-element-70fb4228 elementor-widget elementor-widget-text-editor\" data-id=\"70fb4228\" data-element_type=\"widget\" data-e-type=\"widget\" data-widget_type=\"text-editor.default\">\n\t\t\t\t\t\t\t\t\t<p>Apprendre, partager et s\u2019\u00e9panouir ensemble, au c\u0153ur du Domaine de Sainte Eug\u00e9nie.<\/p>\t\t\t\t\t\t\t\t<\/div>\n\t\t<div class=\"elementor-element elementor-element-13f78c1f e-con-full e-flex e-con e-child\" data-id=\"13f78c1f\" data-element_type=\"container\" data-e-type=\"container\">\n\t\t\t\t<div class=\"elementor-element elementor-element-6ea9392 elementor-widget elementor-widget-tp-button\" data-id=\"6ea9392\" data-element_type=\"widget\" data-e-type=\"widget\" data-widget_type=\"tp-button.default\">\n\t\t\t\t\t<div class=\"pt-plus-button-wrapper   text- \"><div class=\"button_parallax \"><div id=\"button69f4e91209f90\"  class=\" text- ts-button content_hover_effect  \" ><div class=\"pt_plus_button btn69f4e91209f8f button-style-5   \"  ><div class=\"animted-content-inner \"><a href=\"https:\/\/poney-club-ste-eugenie.com\/ps\/contact-2\/\" class=\"button-link-wrap \" role=\"button\" data-hover=\"Nous contacter\" >Nous contacter<i class=\"btn-icon button-after fa fa-chevron-right\"><\/i><\/a><\/div><\/div><\/div><\/div><\/div>\t\t\t\t<\/div>\n\t\t\t\t<\/div>\n\t\t\t\t<\/div>\n\t\t\t\t<\/div>\n\t\t<div class=\"elementor-element elementor-element-271d87d e-flex e-con-boxed e-con e-parent\" data-id=\"271d87d\" data-element_type=\"container\" data-e-type=\"container\">\n\t\t\t\t\t<div class=\"e-con-inner\">\n\t\t<div class=\"elementor-element elementor-element-5f6e859 e-con-full e-flex e-con e-child\" data-id=\"5f6e859\" data-element_type=\"container\" data-e-type=\"container\">\n\t\t\t\t<div class=\"elementor-element elementor-element-28c58e4 elementor-widget elementor-widget-tp-flip-box\" data-id=\"28c58e4\" data-element_type=\"widget\" data-e-type=\"widget\" data-widget_type=\"tp-flip-box.default\">\n\t\t\t\t\t<div class=\"pt_plus_info_box flip_box69f4e9120aadd info-box-style_5     \"  data-id=\"flip_box69f4e9120aadd\" ><div class=\"post-inner-loop\"><div class=\"info-box-inner content_hover_effect \"><div class=\"info-box-bg-box\"><div class=\"service-flipbox flip-horizontal height-full\"><div class=\"service-flipbox-holder height-full text-center perspective bezier-1\"\t><div class=\"service-flipbox-front  bezier-1 no-backface origin-center\"><div class=\"service-flipbox-content width-full\"><img fetchpriority=\"high\" decoding=\"async\" width=\"600\" height=\"600\" src=\"https:\/\/poney-club-ste-eugenie.com\/ps\/wp-content\/uploads\/EQUURES-Engagement.png\" class=\"service-img\" alt=\"\" srcset=\"https:\/\/poney-club-ste-eugenie.com\/ps\/wp-content\/uploads\/EQUURES-Engagement.png 600w, https:\/\/poney-club-ste-eugenie.com\/ps\/wp-content\/uploads\/EQUURES-Engagement-300x300.png 300w, https:\/\/poney-club-ste-eugenie.com\/ps\/wp-content\/uploads\/EQUURES-Engagement-100x100.png 100w, https:\/\/poney-club-ste-eugenie.com\/ps\/wp-content\/uploads\/EQUURES-Engagement-570x570.png 570w, https:\/\/poney-club-ste-eugenie.com\/ps\/wp-content\/uploads\/EQUURES-Engagement-150x150.png 150w, https:\/\/poney-club-ste-eugenie.com\/ps\/wp-content\/uploads\/EQUURES-Engagement-500x500.png 500w, https:\/\/poney-club-ste-eugenie.com\/ps\/wp-content\/uploads\/EQUURES-Engagement-400x400.png 400w, https:\/\/poney-club-ste-eugenie.com\/ps\/wp-content\/uploads\/EQUURES-Engagement-270x270.png 270w\" sizes=\"(max-width: 600px) 100vw, 600px\" \/><div class=\"service-content\"><\/div><\/div><div class=\"infobox-front-overlay\"><\/div><\/div><div class=\"service-flipbox-back  fold-back-horizontal no-backface bezier-1 origin-center\"><div class=\"service-flipbox-content width-full\"><div class=\"service-desc\"> <p>Le label EquuRES est la\u00a0<strong>seule d\u00e9marche de qualit\u00e9 en faveur de l'environnement et du bien-\u00eatre animal<\/strong>\u00a0sp\u00e9cifiquement d\u00e9velopp\u00e9e pour les structures \u00e9quines, quelles que soient leur localisation, leur taille et leur activit\u00e9.<\/p> <\/div><\/div><div class=\"infobox-back-overlay\"><\/div><\/div><\/div><\/div><\/div><\/div><\/div><\/div>\t\t\t\t<\/div>\n\t\t\t\t<\/div>\n\t\t<div class=\"elementor-element elementor-element-5b5c9e9 e-con-full e-flex e-con e-child\" data-id=\"5b5c9e9\" data-element_type=\"container\" data-e-type=\"container\">\n\t\t\t\t<div class=\"elementor-element elementor-element-6425dc6 elementor-widget elementor-widget-tp-flip-box\" data-id=\"6425dc6\" data-element_type=\"widget\" data-e-type=\"widget\" data-widget_type=\"tp-flip-box.default\">\n\t\t\t\t\t<div class=\"pt_plus_info_box flip_box69f4e9120b6f5 info-box-style_5     \"  data-id=\"flip_box69f4e9120b6f5\" ><div class=\"post-inner-loop\"><div class=\"info-box-inner content_hover_effect \"><div class=\"info-box-bg-box\"><div class=\"service-flipbox flip-horizontal height-full\"><div class=\"service-flipbox-holder height-full text-center perspective bezier-1\"\t><div class=\"service-flipbox-front  bezier-1 no-backface origin-center\"><div class=\"service-flipbox-content width-full\"><img decoding=\"async\" width=\"1200\" height=\"1600\" src=\"https:\/\/poney-club-ste-eugenie.com\/ps\/wp-content\/uploads\/PHOTO-2025-12-15-14-34-48.jpg\" class=\"service-img\" alt=\"bien etre animal 2025 domaine sainte eug\u00e9nie\" srcset=\"https:\/\/poney-club-ste-eugenie.com\/ps\/wp-content\/uploads\/PHOTO-2025-12-15-14-34-48.jpg 1200w, https:\/\/poney-club-ste-eugenie.com\/ps\/wp-content\/uploads\/PHOTO-2025-12-15-14-34-48-225x300.jpg 225w\" sizes=\"(max-width: 1200px) 100vw, 1200px\" \/><div class=\"service-content\"><\/div><\/div><div class=\"infobox-front-overlay\"><\/div><\/div><div class=\"service-flipbox-back  fold-back-horizontal no-backface bezier-1 origin-center\"><div class=\"service-flipbox-content width-full\"><div class=\"service-desc\"> <p>Le label EquuRES est la <strong>seule d\u00e9marche de qualit\u00e9 en faveur de l'environnement et du bien-\u00eatre animal<\/strong>\u00a0sp\u00e9cifiquement d\u00e9velopp\u00e9e pour les structures \u00e9quines, quelles que soient leur localisation, leur taille et leur activit\u00e9.<\/p> <\/div><\/div><div class=\"infobox-back-overlay\"><\/div><\/div><\/div><\/div><\/div><\/div><\/div><\/div>\t\t\t\t<\/div>\n\t\t\t\t<\/div>\n\t\t<div class=\"elementor-element elementor-element-ce14d0c e-con-full e-flex e-con e-child\" data-id=\"ce14d0c\" data-element_type=\"container\" data-e-type=\"container\">\n\t\t\t\t<div class=\"elementor-element elementor-element-30db4a0 elementor-widget elementor-widget-tp-flip-box\" data-id=\"30db4a0\" data-element_type=\"widget\" data-e-type=\"widget\" data-widget_type=\"tp-flip-box.default\">\n\t\t\t\t\t<div class=\"pt_plus_info_box flip_box69f4e9120bf8f info-box-style_5     \"  data-id=\"flip_box69f4e9120bf8f\" ><div class=\"post-inner-loop\"><div class=\"info-box-inner content_hover_effect \"><div class=\"info-box-bg-box\"><div class=\"service-flipbox flip-horizontal height-full\"><div class=\"service-flipbox-holder height-full text-center perspective bezier-1\"\t><div class=\"service-flipbox-front  bezier-1 no-backface origin-center\"><div class=\"service-flipbox-content width-full\"><img decoding=\"async\" width=\"270\" height=\"286\" src=\"https:\/\/poney-club-ste-eugenie.com\/ps\/wp-content\/uploads\/606ac7612377b_b1q0p0.jpeg\" class=\"service-img\" alt=\"\" \/><div class=\"service-content\"><\/div><\/div><div class=\"infobox-front-overlay\"><\/div><\/div><div class=\"service-flipbox-back  fold-back-horizontal no-backface bezier-1 origin-center\"><div class=\"service-flipbox-content width-full\"><div class=\"service-desc\"> <p><strong>Centre de vacances agr\u00e9\u00e9 par le Minist\u00e8re de la Jeunesse et des Sports. Agr\u00e9ment n\u00b0 61009003.<\/strong><\/p><ul><li>F\u00e9d\u00e9ration Fran\u00e7aise d\u2019Equitation.<\/li><li>Ecole Fran\u00e7aise d\u2019Equitation labellis\u00e9e poney et centre de tourisme \u00e9questre.<\/li><li>H\u00e9bergement agr\u00e9\u00e9 G\u00eetes de France.<\/li><li>Directrice : Anne Coignard, monitrice d\u2019\u00e9quitation dipl\u00f4m\u00e9e d\u2019\u00e9tat, directrice de centre de vacances dipl\u00f4m\u00e9e BAFD.<\/li><\/ul> <\/div><\/div><div class=\"infobox-back-overlay\"><\/div><\/div><\/div><\/div><\/div><\/div><\/div><\/div>\t\t\t\t<\/div>\n\t\t\t\t<\/div>\n\t\t\t\t\t<\/div>\n\t\t\t\t<\/div>\n\t\t<div class=\"elementor-element elementor-element-904cb79 e-flex e-con-boxed e-con e-parent\" data-id=\"904cb79\" data-element_type=\"container\" data-e-type=\"container\">\n\t\t\t\t\t<div class=\"e-con-inner\">\n\t\t<div class=\"elementor-element elementor-element-4cd8a20 e-con-full e-flex e-con e-child\" data-id=\"4cd8a20\" data-element_type=\"container\" data-e-type=\"container\">\n\t\t\t\t<div class=\"elementor-element elementor-element-ecff466 elementor-widget elementor-widget-tp-flip-box\" data-id=\"ecff466\" data-element_type=\"widget\" data-e-type=\"widget\" data-widget_type=\"tp-flip-box.default\">\n\t\t\t\t\t<div class=\"pt_plus_info_box flip_box69f4e9120cb52 info-box-style_5     \"  data-id=\"flip_box69f4e9120cb52\" ><div class=\"post-inner-loop\"><div class=\"info-box-inner content_hover_effect \"><div class=\"info-box-bg-box\"><div class=\"service-flipbox flip-horizontal height-full\"><div class=\"service-flipbox-holder height-full text-center perspective bezier-1\"\t><div class=\"service-flipbox-front  bezier-1 no-backface origin-center\"><div class=\"service-flipbox-content width-full\"><img loading=\"lazy\" decoding=\"async\" width=\"900\" height=\"473\" src=\"https:\/\/poney-club-ste-eugenie.com\/ps\/wp-content\/uploads\/erp-domaine-domaine-sainte-eugenie.jpg\" class=\"service-img\" alt=\"erp domaine domaine sainte euge\u0301nie\" srcset=\"https:\/\/poney-club-ste-eugenie.com\/ps\/wp-content\/uploads\/erp-domaine-domaine-sainte-eugenie.jpg 900w, https:\/\/poney-club-ste-eugenie.com\/ps\/wp-content\/uploads\/erp-domaine-domaine-sainte-eugenie-300x158.jpg 300w, https:\/\/poney-club-ste-eugenie.com\/ps\/wp-content\/uploads\/erp-domaine-domaine-sainte-eugenie-570x300.jpg 570w\" sizes=\"(max-width: 900px) 100vw, 900px\" \/><div class=\"service-content\"><\/div><\/div><div class=\"infobox-front-overlay\"><\/div><\/div><div class=\"service-flipbox-back  fold-back-horizontal no-backface bezier-1 origin-center\"><div class=\"service-flipbox-content width-full\"><div class=\"service-desc\"> <p>Le domaine de Sainte Eug\u00e9nie est un \u00e9tablissement recevant du public (ERP) est <b>une enceinte, un b\u00e2timent ou un local dans lequel des personnes ext\u00e9rieures sont admises, librement ou moyennant une r\u00e9tribution, que ce soit de mani\u00e8re permanente ou temporaire<\/b>.<\/p> <\/div><\/div><div class=\"infobox-back-overlay\"><\/div><\/div><\/div><\/div><\/div><\/div><\/div><\/div>\t\t\t\t<\/div>\n\t\t\t\t<\/div>\n\t\t<div class=\"elementor-element elementor-element-67c27f8 e-con-full e-flex e-con e-child\" data-id=\"67c27f8\" data-element_type=\"container\" data-e-type=\"container\">\n\t\t\t\t<\/div>\n\t\t<div class=\"elementor-element elementor-element-ed577de e-con-full e-flex e-con e-child\" data-id=\"ed577de\" data-element_type=\"container\" data-e-type=\"container\">\n\t\t\t\t<\/div>\n\t\t\t\t\t<\/div>\n\t\t\t\t<\/div>\n\t\t\t\t<\/div>\n\t\t","protected":false},"excerpt":{"rendered":"<p>Engagements &amp; Agr\u00e9ments Apprendre, partager et s\u2019\u00e9panouir ensemble, au c\u0153ur du Domaine de Sainte Eug\u00e9nie. Nous contacter Le label EquuRES est la\u00a0seule d\u00e9marche de qualit\u00e9 en faveur de l&rsquo;environnement et du bien-\u00eatre animal\u00a0sp\u00e9cifiquement d\u00e9velopp\u00e9e pour les structures \u00e9quines, quelles que soient leur localisation, leur taille et leur activit\u00e9. Le label EquuRES est la seule d\u00e9marche [&hellip;]<\/p>\n","protected":false},"author":2,"featured_media":0,"parent":0,"menu_order":0,"comment_status":"closed","ping_status":"closed","template":"","meta":{"footnotes":""},"class_list":["post-24306","page","type-page","status-publish","hentry","entry","owp-thumbs-layout-horizontal","owp-btn-normal","owp-tabs-layout-horizontal","has-no-thumbnails","has-product-nav"],"yoast_head":"<!-- This site is optimized with the Yoast SEO plugin v27.5 - https:\/\/yoast.com\/product\/yoast-seo-wordpress\/ -->\n<title>Engagements &amp; Agr\u00e9ments - Poney Club de Sainte Eug\u00e9nie<\/title>\n<meta name=\"robots\" content=\"noindex, follow, max-snippet:-1, max-image-preview:large, max-video-preview:-1\" \/>\n<meta property=\"og:locale\" content=\"fr_FR\" \/>\n<meta property=\"og:type\" content=\"article\" \/>\n<meta property=\"og:title\" content=\"Engagements &amp; Agr\u00e9ments - Poney Club de Sainte Eug\u00e9nie\" \/>\n<meta property=\"og:description\" content=\"Engagements &amp; Agr\u00e9ments Apprendre, partager et s\u2019\u00e9panouir ensemble, au c\u0153ur du Domaine de Sainte Eug\u00e9nie. Nous contacter Le label EquuRES est la\u00a0seule d\u00e9marche de qualit\u00e9 en faveur de l&rsquo;environnement et du bien-\u00eatre animal\u00a0sp\u00e9cifiquement d\u00e9velopp\u00e9e pour les structures \u00e9quines, quelles que soient leur localisation, leur taille et leur activit\u00e9. Le label EquuRES est la seule d\u00e9marche [&hellip;]\" \/>\n<meta property=\"og:url\" content=\"https:\/\/poney-club-ste-eugenie.com\/ps\/engagements-agrements\/\" \/>\n<meta property=\"og:site_name\" content=\"Poney Club de Sainte Eug\u00e9nie\" \/>\n<meta property=\"article:publisher\" content=\"https:\/\/www.facebook.com\/poneyclubsteeugenie\" \/>\n<meta property=\"article:modified_time\" content=\"2026-01-23T14:00:04+00:00\" \/>\n<meta property=\"og:image\" content=\"https:\/\/poney-club-ste-eugenie.com\/ps\/wp-content\/uploads\/EQUURES-Engagement.png\" \/>\n<meta name=\"twitter:card\" content=\"summary_large_image\" \/>\n<meta name=\"twitter:label1\" content=\"Dur\u00e9e de lecture estim\u00e9e\" \/>\n\t<meta name=\"twitter:data1\" content=\"2 minutes\" \/>\n<script type=\"application\/ld+json\" class=\"yoast-schema-graph\">{\"@context\":\"https:\\\/\\\/schema.org\",\"@graph\":[{\"@type\":\"WebPage\",\"@id\":\"https:\\\/\\\/poney-club-ste-eugenie.com\\\/ps\\\/engagements-agrements\\\/\",\"url\":\"https:\\\/\\\/poney-club-ste-eugenie.com\\\/ps\\\/engagements-agrements\\\/\",\"name\":\"Engagements &amp; Agr\u00e9ments - Poney Club de Sainte Eug\u00e9nie\",\"isPartOf\":{\"@id\":\"https:\\\/\\\/poney-club-ste-eugenie.com\\\/ps\\\/#website\"},\"primaryImageOfPage\":{\"@id\":\"https:\\\/\\\/poney-club-ste-eugenie.com\\\/ps\\\/engagements-agrements\\\/#primaryimage\"},\"image\":{\"@id\":\"https:\\\/\\\/poney-club-ste-eugenie.com\\\/ps\\\/engagements-agrements\\\/#primaryimage\"},\"thumbnailUrl\":\"https:\\\/\\\/poney-club-ste-eugenie.com\\\/ps\\\/wp-content\\\/uploads\\\/EQUURES-Engagement.png\",\"datePublished\":\"2025-11-18T11:31:00+00:00\",\"dateModified\":\"2026-01-23T14:00:04+00:00\",\"breadcrumb\":{\"@id\":\"https:\\\/\\\/poney-club-ste-eugenie.com\\\/ps\\\/engagements-agrements\\\/#breadcrumb\"},\"inLanguage\":\"fr-FR\",\"potentialAction\":[{\"@type\":\"ReadAction\",\"target\":[\"https:\\\/\\\/poney-club-ste-eugenie.com\\\/ps\\\/engagements-agrements\\\/\"]}]},{\"@type\":\"ImageObject\",\"inLanguage\":\"fr-FR\",\"@id\":\"https:\\\/\\\/poney-club-ste-eugenie.com\\\/ps\\\/engagements-agrements\\\/#primaryimage\",\"url\":\"https:\\\/\\\/poney-club-ste-eugenie.com\\\/ps\\\/wp-content\\\/uploads\\\/EQUURES-Engagement.png\",\"contentUrl\":\"https:\\\/\\\/poney-club-ste-eugenie.com\\\/ps\\\/wp-content\\\/uploads\\\/EQUURES-Engagement.png\",\"width\":600,\"height\":600},{\"@type\":\"BreadcrumbList\",\"@id\":\"https:\\\/\\\/poney-club-ste-eugenie.com\\\/ps\\\/engagements-agrements\\\/#breadcrumb\",\"itemListElement\":[{\"@type\":\"ListItem\",\"position\":1,\"name\":\"Accueil\",\"item\":\"https:\\\/\\\/poney-club-ste-eugenie.com\\\/ps\\\/\"},{\"@type\":\"ListItem\",\"position\":2,\"name\":\"Engagements &amp; Agr\u00e9ments\"}]},{\"@type\":\"WebSite\",\"@id\":\"https:\\\/\\\/poney-club-ste-eugenie.com\\\/ps\\\/#website\",\"url\":\"https:\\\/\\\/poney-club-ste-eugenie.com\\\/ps\\\/\",\"name\":\"Poney Club de Sainte Eug\u00e9nie\",\"description\":\"Monter \u00e0 cheval ou \u00e0 poney dans l&#039;Orne\",\"publisher\":{\"@id\":\"https:\\\/\\\/poney-club-ste-eugenie.com\\\/ps\\\/#organization\"},\"potentialAction\":[{\"@type\":\"SearchAction\",\"target\":{\"@type\":\"EntryPoint\",\"urlTemplate\":\"https:\\\/\\\/poney-club-ste-eugenie.com\\\/ps\\\/?s={search_term_string}\"},\"query-input\":{\"@type\":\"PropertyValueSpecification\",\"valueRequired\":true,\"valueName\":\"search_term_string\"}}],\"inLanguage\":\"fr-FR\"},{\"@type\":\"Organization\",\"@id\":\"https:\\\/\\\/poney-club-ste-eugenie.com\\\/ps\\\/#organization\",\"name\":\"Poney Club de Sainte Eug\u00e9nie\",\"url\":\"https:\\\/\\\/poney-club-ste-eugenie.com\\\/ps\\\/\",\"logo\":{\"@type\":\"ImageObject\",\"inLanguage\":\"fr-FR\",\"@id\":\"https:\\\/\\\/poney-club-ste-eugenie.com\\\/ps\\\/#\\\/schema\\\/logo\\\/image\\\/\",\"url\":\"http:\\\/\\\/test.poney-club-ste-eugenie.com\\\/wp-content\\\/uploads\\\/2016\\\/02\\\/cropped-officiel-ne-pas-effacer-logobigponey.png\",\"contentUrl\":\"http:\\\/\\\/test.poney-club-ste-eugenie.com\\\/wp-content\\\/uploads\\\/2016\\\/02\\\/cropped-officiel-ne-pas-effacer-logobigponey.png\",\"width\":512,\"height\":512,\"caption\":\"Poney Club de Sainte Eug\u00e9nie\"},\"image\":{\"@id\":\"https:\\\/\\\/poney-club-ste-eugenie.com\\\/ps\\\/#\\\/schema\\\/logo\\\/image\\\/\"},\"sameAs\":[\"https:\\\/\\\/www.facebook.com\\\/poneyclubsteeugenie\"]}]}<\/script>\n<!-- \/ Yoast SEO plugin. -->","yoast_head_json":{"title":"Engagements &amp; Agr\u00e9ments - Poney Club de Sainte Eug\u00e9nie","robots":{"index":"noindex","follow":"follow","max-snippet":"max-snippet:-1","max-image-preview":"max-image-preview:large","max-video-preview":"max-video-preview:-1"},"og_locale":"fr_FR","og_type":"article","og_title":"Engagements &amp; Agr\u00e9ments - Poney Club de Sainte Eug\u00e9nie","og_description":"Engagements &amp; Agr\u00e9ments Apprendre, partager et s\u2019\u00e9panouir ensemble, au c\u0153ur du Domaine de Sainte Eug\u00e9nie. Nous contacter Le label EquuRES est la\u00a0seule d\u00e9marche de qualit\u00e9 en faveur de l&rsquo;environnement et du bien-\u00eatre animal\u00a0sp\u00e9cifiquement d\u00e9velopp\u00e9e pour les structures \u00e9quines, quelles que soient leur localisation, leur taille et leur activit\u00e9. Le label EquuRES est la seule d\u00e9marche [&hellip;]","og_url":"https:\/\/poney-club-ste-eugenie.com\/ps\/engagements-agrements\/","og_site_name":"Poney Club de Sainte Eug\u00e9nie","article_publisher":"https:\/\/www.facebook.com\/poneyclubsteeugenie","article_modified_time":"2026-01-23T14:00:04+00:00","og_image":[{"url":"https:\/\/poney-club-ste-eugenie.com\/ps\/wp-content\/uploads\/EQUURES-Engagement.png","type":"","width":"","height":""}],"twitter_card":"summary_large_image","twitter_misc":{"Dur\u00e9e de lecture estim\u00e9e":"2 minutes"},"schema":{"@context":"https:\/\/schema.org","@graph":[{"@type":"WebPage","@id":"https:\/\/poney-club-ste-eugenie.com\/ps\/engagements-agrements\/","url":"https:\/\/poney-club-ste-eugenie.com\/ps\/engagements-agrements\/","name":"Engagements &amp; Agr\u00e9ments - Poney Club de Sainte Eug\u00e9nie","isPartOf":{"@id":"https:\/\/poney-club-ste-eugenie.com\/ps\/#website"},"primaryImageOfPage":{"@id":"https:\/\/poney-club-ste-eugenie.com\/ps\/engagements-agrements\/#primaryimage"},"image":{"@id":"https:\/\/poney-club-ste-eugenie.com\/ps\/engagements-agrements\/#primaryimage"},"thumbnailUrl":"https:\/\/poney-club-ste-eugenie.com\/ps\/wp-content\/uploads\/EQUURES-Engagement.png","datePublished":"2025-11-18T11:31:00+00:00","dateModified":"2026-01-23T14:00:04+00:00","breadcrumb":{"@id":"https:\/\/poney-club-ste-eugenie.com\/ps\/engagements-agrements\/#breadcrumb"},"inLanguage":"fr-FR","potentialAction":[{"@type":"ReadAction","target":["https:\/\/poney-club-ste-eugenie.com\/ps\/engagements-agrements\/"]}]},{"@type":"ImageObject","inLanguage":"fr-FR","@id":"https:\/\/poney-club-ste-eugenie.com\/ps\/engagements-agrements\/#primaryimage","url":"https:\/\/poney-club-ste-eugenie.com\/ps\/wp-content\/uploads\/EQUURES-Engagement.png","contentUrl":"https:\/\/poney-club-ste-eugenie.com\/ps\/wp-content\/uploads\/EQUURES-Engagement.png","width":600,"height":600},{"@type":"BreadcrumbList","@id":"https:\/\/poney-club-ste-eugenie.com\/ps\/engagements-agrements\/#breadcrumb","itemListElement":[{"@type":"ListItem","position":1,"name":"Accueil","item":"https:\/\/poney-club-ste-eugenie.com\/ps\/"},{"@type":"ListItem","position":2,"name":"Engagements &amp; Agr\u00e9ments"}]},{"@type":"WebSite","@id":"https:\/\/poney-club-ste-eugenie.com\/ps\/#website","url":"https:\/\/poney-club-ste-eugenie.com\/ps\/","name":"Poney Club de Sainte Eug\u00e9nie","description":"Monter \u00e0 cheval ou \u00e0 poney dans l&#039;Orne","publisher":{"@id":"https:\/\/poney-club-ste-eugenie.com\/ps\/#organization"},"potentialAction":[{"@type":"SearchAction","target":{"@type":"EntryPoint","urlTemplate":"https:\/\/poney-club-ste-eugenie.com\/ps\/?s={search_term_string}"},"query-input":{"@type":"PropertyValueSpecification","valueRequired":true,"valueName":"search_term_string"}}],"inLanguage":"fr-FR"},{"@type":"Organization","@id":"https:\/\/poney-club-ste-eugenie.com\/ps\/#organization","name":"Poney Club de Sainte Eug\u00e9nie","url":"https:\/\/poney-club-ste-eugenie.com\/ps\/","logo":{"@type":"ImageObject","inLanguage":"fr-FR","@id":"https:\/\/poney-club-ste-eugenie.com\/ps\/#\/schema\/logo\/image\/","url":"http:\/\/test.poney-club-ste-eugenie.com\/wp-content\/uploads\/2016\/02\/cropped-officiel-ne-pas-effacer-logobigponey.png","contentUrl":"http:\/\/test.poney-club-ste-eugenie.com\/wp-content\/uploads\/2016\/02\/cropped-officiel-ne-pas-effacer-logobigponey.png","width":512,"height":512,"caption":"Poney Club de Sainte Eug\u00e9nie"},"image":{"@id":"https:\/\/poney-club-ste-eugenie.com\/ps\/#\/schema\/logo\/image\/"},"sameAs":["https:\/\/www.facebook.com\/poneyclubsteeugenie"]}]}},"_links":{"self":[{"href":"https:\/\/poney-club-ste-eugenie.com\/ps\/wp-json\/wp\/v2\/pages\/24306","targetHints":{"allow":["GET"]}}],"collection":[{"href":"https:\/\/poney-club-ste-eugenie.com\/ps\/wp-json\/wp\/v2\/pages"}],"about":[{"href":"https:\/\/poney-club-ste-eugenie.com\/ps\/wp-json\/wp\/v2\/types\/page"}],"author":[{"embeddable":true,"href":"https:\/\/poney-club-ste-eugenie.com\/ps\/wp-json\/wp\/v2\/users\/2"}],"replies":[{"embeddable":true,"href":"https:\/\/poney-club-ste-eugenie.com\/ps\/wp-json\/wp\/v2\/comments?post=24306"}],"version-history":[{"count":25,"href":"https:\/\/poney-club-ste-eugenie.com\/ps\/wp-json\/wp\/v2\/pages\/24306\/revisions"}],"predecessor-version":[{"id":24581,"href":"https:\/\/poney-club-ste-eugenie.com\/ps\/wp-json\/wp\/v2\/pages\/24306\/revisions\/24581"}],"wp:attachment":[{"href":"https:\/\/poney-club-ste-eugenie.com\/ps\/wp-json\/wp\/v2\/media?parent=24306"}],"curies":[{"name":"wp","href":"https:\/\/api.w.org\/{rel}","templated":true}]}}