{"id":25,"date":"2017-09-12T23:43:44","date_gmt":"2017-09-12T22:43:44","guid":{"rendered":"http:\/\/www.isatice.fr\/blog1\/?page_id=25"},"modified":"2026-03-19T10:39:16","modified_gmt":"2026-03-19T09:39:16","slug":"gites","status":"publish","type":"page","link":"https:\/\/poney-club-ste-eugenie.com\/ps\/gites\/","title":{"rendered":"Les G\u00eetes"},"content":{"rendered":"\t\t<div data-elementor-type=\"wp-page\" data-elementor-id=\"25\" class=\"elementor elementor-25\">\n\t\t\t\t<div class=\"elementor-element elementor-element-67d70825 e-con-full e-flex e-con e-parent\" data-id=\"67d70825\" data-element_type=\"container\" data-e-type=\"container\" data-settings=\"{&quot;background_background&quot;:&quot;classic&quot;}\">\n\t\t<div class=\"elementor-element elementor-element-218e94ae e-con-full e-flex e-con e-child\" data-id=\"218e94ae\" data-element_type=\"container\" data-e-type=\"container\">\n\t\t<div class=\"elementor-element elementor-element-4c13b3f5 e-con-full e-flex e-con e-child\" data-id=\"4c13b3f5\" data-element_type=\"container\" data-e-type=\"container\">\n\t\t\t\t<div class=\"elementor-element elementor-element-6038cb76 elementor-widget elementor-widget-heading\" data-id=\"6038cb76\" data-element_type=\"widget\" data-e-type=\"widget\" data-widget_type=\"heading.default\">\n\t\t\t\t\t<h1 class=\"elementor-heading-title elementor-size-default\">Les G\u00eetes du <br>Domaine Sainte Eug\u00e9nie<\/h1>\t\t\t\t<\/div>\n\t\t\t\t<div class=\"elementor-element elementor-element-57137d68 elementor-widget elementor-widget-text-editor\" data-id=\"57137d68\" data-element_type=\"widget\" data-e-type=\"widget\" data-widget_type=\"text-editor.default\">\n\t\t\t\t\t\t\t\t\t<p>Le charme d\u2019un s\u00e9jour authentique, nich\u00e9 au coeur de la nature Normande.<\/p>\t\t\t\t\t\t\t\t<\/div>\n\t\t\t\t<\/div>\n\t\t<div class=\"elementor-element elementor-element-7ba8a04 e-con-full e-flex e-con e-child\" data-id=\"7ba8a04\" data-element_type=\"container\" data-e-type=\"container\">\n\t\t\t\t<div class=\"elementor-element elementor-element-4f11e895 elementor-widget elementor-widget-tp-button\" data-id=\"4f11e895\" data-element_type=\"widget\" data-e-type=\"widget\" data-widget_type=\"tp-button.default\">\n\t\t\t\t\t<div class=\"pt-plus-button-wrapper   text- \"><div class=\"button_parallax \"><div id=\"button69f45ac864d84\"  class=\" text- ts-button content_hover_effect  \" ><div class=\"pt_plus_button btn69f45ac864d82 button-style-5   \"  ><div class=\"animted-content-inner \"><a href=\"#gites\" class=\"button-link-wrap \" role=\"button\" data-hover=\"D\u00e9couvrir\" >D\u00e9couvrir<i class=\"btn-icon button-after fa fa-chevron-right\"><\/i><\/a><\/div><\/div><\/div><\/div><\/div>\t\t\t\t<\/div>\n\t\t\t\t<\/div>\n\t\t\t\t<\/div>\n\t\t\t\t<\/div>\n\t\t<div class=\"elementor-element elementor-element-b883cb6 e-flex e-con-boxed e-con e-parent\" data-id=\"b883cb6\" data-element_type=\"container\" data-e-type=\"container\">\n\t\t\t\t\t<div class=\"e-con-inner\">\n\t\t<div class=\"elementor-element elementor-element-619340dd e-con-full e-flex e-con e-child\" data-id=\"619340dd\" data-element_type=\"container\" data-e-type=\"container\">\n\t\t\t\t<div class=\"elementor-element elementor-element-1c6f5092 elementor-widget elementor-widget-heading\" data-id=\"1c6f5092\" data-element_type=\"widget\" data-e-type=\"widget\" data-widget_type=\"heading.default\">\n\t\t\t\t\t<h1 class=\"elementor-heading-title elementor-size-default\">Une parenth\u00e8se nature Normande.<\/h1>\t\t\t\t<\/div>\n\t\t\t\t<div class=\"elementor-element elementor-element-6be49ee2 elementor-widget__width-initial elementor-widget elementor-widget-text-editor\" data-id=\"6be49ee2\" data-element_type=\"widget\" data-e-type=\"widget\" data-widget_type=\"text-editor.default\">\n\t\t\t\t\t\t\t\t\t<div class=\"page\" title=\"Page 1\"><div class=\"layoutArea\"><div class=\"column\"><p>Au c\u0153ur d\u2019un environnement pre\u0301serve\u0301, nous vous accueillons dans nos gi\u0302tes pour une parenthe\u0300se authentique et conviviale. Ic\u0327i la nature donne le tempo, le service se fait attentionne\u0301 et l\u2019accueil se veut since\u0300re. Un lieu ou\u0300 l\u2019on se retrouve, ou\u0300 l\u2019on respire, ou\u0300 l\u2019on partage.<\/p><p>Notre domaine est ne\u0301 d\u2019un attachement profond a\u0300 la nature et au partage. Nous avons a\u0300 c\u0153ur d\u2019offrir bien plus qu\u2019un he\u0301bergement : une expe\u0301rience chaleureuse simple et authentique ou\u0300 chacun se retrouve et se sent accueilli comme a\u0300 la maison.<\/p><p>Un lieu de nature vivante, ou\u0300 petits et grands peuvent aussi approcher les animaux et de\u0301couvrir la vie au grand air.<\/p><\/div><\/div><\/div>\t\t\t\t\t\t\t\t<\/div>\n\t\t\t\t<\/div>\n\t\t<div class=\"elementor-element elementor-element-3bc9e760 e-con-full e-flex e-con e-child\" data-id=\"3bc9e760\" data-element_type=\"container\" data-e-type=\"container\">\n\t\t\t\t<div class=\"elementor-element elementor-element-94ee898 elementor-widget elementor-widget-tp-button\" data-id=\"94ee898\" data-element_type=\"widget\" data-e-type=\"widget\" data-widget_type=\"tp-button.default\">\n\t\t\t\t\t<div class=\"pt-plus-button-wrapper   text-center \"><div class=\"button_parallax  full-button \"><div id=\"button69f45ac865c01\"  class=\" text-center ts-button content_hover_effect   full-button \" ><div class=\"pt_plus_button btn69f45ac865c00 button-style-5  full-button   \"  ><div class=\"animted-content-inner \"><a href=\"https:\/\/my.monprojet360.fr\/fr\/tour\/poney-club-sainte-eugenie\" target=\"_blank\" class=\"button-link-wrap \" role=\"button\" data-hover=\"VISITE VIRTUELLE\" >VISITE VIRTUELLE<i class=\"btn-icon button-after fa fa-chevron-right\"><\/i><\/a><\/div><\/div><\/div><\/div><\/div>\t\t\t\t<\/div>\n\t\t\t\t<div class=\"elementor-element elementor-element-42fcf9c elementor-widget elementor-widget-image\" data-id=\"42fcf9c\" data-element_type=\"widget\" data-e-type=\"widget\" data-widget_type=\"image.default\">\n\t\t\t\t\t\t\t\t\t\t\t\t\t\t\t<img fetchpriority=\"high\" decoding=\"async\" width=\"1440\" height=\"698\" src=\"https:\/\/poney-club-ste-eugenie.com\/ps\/wp-content\/uploads\/Capture-decran-2025-10-20-a-11.02.46.png\" class=\"attachment-full size-full wp-image-24523\" alt=\"\" srcset=\"https:\/\/poney-club-ste-eugenie.com\/ps\/wp-content\/uploads\/Capture-decran-2025-10-20-a-11.02.46.png 1440w, https:\/\/poney-club-ste-eugenie.com\/ps\/wp-content\/uploads\/Capture-decran-2025-10-20-a-11.02.46-300x145.png 300w, https:\/\/poney-club-ste-eugenie.com\/ps\/wp-content\/uploads\/Capture-decran-2025-10-20-a-11.02.46-570x276.png 570w\" sizes=\"(max-width: 1440px) 100vw, 1440px\" \/>\t\t\t\t\t\t\t\t\t\t\t\t\t\t\t<\/div>\n\t\t\t\t<\/div>\n\t\t\t\t\t<\/div>\n\t\t\t\t<\/div>\n\t\t<div class=\"elementor-element elementor-element-7e5e0996 e-flex e-con-boxed e-con e-parent\" data-id=\"7e5e0996\" data-element_type=\"container\" data-e-type=\"container\" id=\"gites\">\n\t\t\t\t\t<div class=\"e-con-inner\">\n\t\t\t\t<div class=\"elementor-element elementor-element-1d3de835 elementor-widget elementor-widget-heading\" data-id=\"1d3de835\" data-element_type=\"widget\" data-e-type=\"widget\" data-widget_type=\"heading.default\">\n\t\t\t\t\t<h1 class=\"elementor-heading-title elementor-size-default\">Nos G\u00eetes<\/h1>\t\t\t\t<\/div>\n\t\t<div class=\"elementor-element elementor-element-76832119 e-con-full e-flex e-con e-child\" data-id=\"76832119\" data-element_type=\"container\" data-e-type=\"container\">\n\t\t<div class=\"elementor-element elementor-element-483682fa e-con-full e-flex e-con e-child\" data-id=\"483682fa\" data-element_type=\"container\" data-e-type=\"container\" data-settings=\"{&quot;background_background&quot;:&quot;classic&quot;}\">\n\t\t\t\t<div class=\"elementor-element elementor-element-23a99db elementor-widget elementor-widget-image\" data-id=\"23a99db\" data-element_type=\"widget\" data-e-type=\"widget\" data-widget_type=\"image.default\">\n\t\t\t\t\t\t\t\t\t\t\t\t\t\t\t<img decoding=\"async\" width=\"1024\" height=\"682\" src=\"https:\/\/poney-club-ste-eugenie.com\/ps\/wp-content\/uploads\/2016\/01\/g\u00eete2-1024x682.jpg\" class=\"attachment-large size-large wp-image-1423\" alt=\"g\u00eete de groupe \u00e9chapp\u00e9 normande Domaine sainte eug\u00e9nie\" srcset=\"https:\/\/poney-club-ste-eugenie.com\/ps\/wp-content\/uploads\/2016\/01\/g\u00eete2-1024x682.jpg 1024w, https:\/\/poney-club-ste-eugenie.com\/ps\/wp-content\/uploads\/2016\/01\/g\u00eete2-570x379.jpg 570w, https:\/\/poney-club-ste-eugenie.com\/ps\/wp-content\/uploads\/2016\/01\/g\u00eete2-300x200.jpg 300w, https:\/\/poney-club-ste-eugenie.com\/ps\/wp-content\/uploads\/2016\/01\/g\u00eete2-768x511.jpg 768w, https:\/\/poney-club-ste-eugenie.com\/ps\/wp-content\/uploads\/2016\/01\/g\u00eete2.jpg 1244w\" sizes=\"(max-width: 1024px) 100vw, 1024px\" \/>\t\t\t\t\t\t\t\t\t\t\t\t\t\t\t<\/div>\n\t\t\t\t<div class=\"elementor-element elementor-element-291a99b2 elementor-widget elementor-widget-heading\" data-id=\"291a99b2\" data-element_type=\"widget\" data-e-type=\"widget\" data-widget_type=\"heading.default\">\n\t\t\t\t\t<h1 class=\"elementor-heading-title elementor-size-default\">\u00c9chapp\u00e9e Normande<\/h1>\t\t\t\t<\/div>\n\t\t\t\t<div class=\"elementor-element elementor-element-1f3dd223 elementor-widget elementor-widget-text-editor\" data-id=\"1f3dd223\" data-element_type=\"widget\" data-e-type=\"widget\" data-widget_type=\"text-editor.default\">\n\t\t\t\t\t\t\t\t\t<p data-start=\"153\" data-end=\"240\">S\u00e9journez en groupe dans un cadre verdoyant.<\/p><p data-start=\"153\" data-end=\"240\">\u00a0<\/p>\t\t\t\t\t\t\t\t<\/div>\n\t\t\t\t<div class=\"elementor-element elementor-element-67acbce8 elementor-widget elementor-widget-tp-button\" data-id=\"67acbce8\" data-element_type=\"widget\" data-e-type=\"widget\" data-widget_type=\"tp-button.default\">\n\t\t\t\t\t<div class=\"pt-plus-button-wrapper   text-center \"><div class=\"button_parallax \"><div id=\"button69f45ac86789d\"  class=\" text-center ts-button content_hover_effect  \" ><div class=\"pt_plus_button btn69f45ac86789c button-style-5   \"  ><div class=\"animted-content-inner \"><a href=\"https:\/\/poney-club-ste-eugenie.com\/ps\/gites\/gite-de-groupe\/\" class=\"button-link-wrap \" role=\"button\" data-hover=\"En savoir plus\" >En savoir plus<i class=\"btn-icon button-after fa fa-chevron-right\"><\/i><\/a><\/div><\/div><\/div><\/div><\/div>\t\t\t\t<\/div>\n\t\t\t\t<\/div>\n\t\t<div class=\"elementor-element elementor-element-3ee1b53d e-con-full e-flex e-con e-child\" data-id=\"3ee1b53d\" data-element_type=\"container\" data-e-type=\"container\" data-settings=\"{&quot;background_background&quot;:&quot;classic&quot;}\">\n\t\t\t\t<div class=\"elementor-element elementor-element-e2b8036 elementor-widget elementor-widget-image\" data-id=\"e2b8036\" data-element_type=\"widget\" data-e-type=\"widget\" data-widget_type=\"image.default\">\n\t\t\t\t\t\t\t\t\t\t\t\t\t\t\t<img decoding=\"async\" width=\"1200\" height=\"800\" src=\"https:\/\/poney-club-ste-eugenie.com\/ps\/wp-content\/uploads\/gite-familial-en-normandie-.jpg\" class=\"attachment-large size-large wp-image-24774\" alt=\"gite familial en normandie\" srcset=\"https:\/\/poney-club-ste-eugenie.com\/ps\/wp-content\/uploads\/gite-familial-en-normandie-.jpg 1200w, https:\/\/poney-club-ste-eugenie.com\/ps\/wp-content\/uploads\/gite-familial-en-normandie--300x200.jpg 300w, https:\/\/poney-club-ste-eugenie.com\/ps\/wp-content\/uploads\/gite-familial-en-normandie--570x380.jpg 570w\" sizes=\"(max-width: 1200px) 100vw, 1200px\" \/>\t\t\t\t\t\t\t\t\t\t\t\t\t\t\t<\/div>\n\t\t\t\t<div class=\"elementor-element elementor-element-79b6ef48 elementor-widget elementor-widget-heading\" data-id=\"79b6ef48\" data-element_type=\"widget\" data-e-type=\"widget\" data-widget_type=\"heading.default\">\n\t\t\t\t\t<h1 class=\"elementor-heading-title elementor-size-default\">Cottage Normand<\/h1>\t\t\t\t<\/div>\n\t\t\t\t<div class=\"elementor-element elementor-element-38134dd9 elementor-widget elementor-widget-text-editor\" data-id=\"38134dd9\" data-element_type=\"widget\" data-e-type=\"widget\" data-widget_type=\"text-editor.default\">\n\t\t\t\t\t\t\t\t\t<p>Profitez d\u2019un h\u00e9bergement moderne et confortable, id\u00e9al pour 2 \u00e0 5 personnes.<\/p><p>\u00a0<\/p>\t\t\t\t\t\t\t\t<\/div>\n\t\t\t\t<div class=\"elementor-element elementor-element-620a2a59 elementor-widget elementor-widget-tp-button\" data-id=\"620a2a59\" data-element_type=\"widget\" data-e-type=\"widget\" data-widget_type=\"tp-button.default\">\n\t\t\t\t\t<div class=\"pt-plus-button-wrapper   text-center \"><div class=\"button_parallax \"><div id=\"button69f45ac86871f\"  class=\" text-center ts-button content_hover_effect  \" ><div class=\"pt_plus_button btn69f45ac86871e button-style-5   \"  ><div class=\"animted-content-inner \"><a href=\"https:\/\/poney-club-ste-eugenie.com\/ps\/gites\/gite-familial\/\" class=\"button-link-wrap \" role=\"button\" data-hover=\"En savoir plus\" >En savoir plus<i class=\"btn-icon button-after fa fa-chevron-right\"><\/i><\/a><\/div><\/div><\/div><\/div><\/div>\t\t\t\t<\/div>\n\t\t\t\t<\/div>\n\t\t<div class=\"elementor-element elementor-element-77477c1c e-con-full e-flex e-con e-child\" data-id=\"77477c1c\" data-element_type=\"container\" data-e-type=\"container\" data-settings=\"{&quot;background_background&quot;:&quot;classic&quot;}\">\n\t\t\t\t<div class=\"elementor-element elementor-element-7bf9111 elementor-widget elementor-widget-image\" data-id=\"7bf9111\" data-element_type=\"widget\" data-e-type=\"widget\" data-widget_type=\"image.default\">\n\t\t\t\t\t\t\t\t\t\t\t\t\t\t\t<img loading=\"lazy\" decoding=\"async\" width=\"980\" height=\"653\" src=\"https:\/\/poney-club-ste-eugenie.com\/ps\/wp-content\/uploads\/2014\/04\/AGU_6128.jpg\" class=\"attachment-large size-large wp-image-1044\" alt=\"Loft Normand 2\/4 personnes\" srcset=\"https:\/\/poney-club-ste-eugenie.com\/ps\/wp-content\/uploads\/2014\/04\/AGU_6128.jpg 980w, https:\/\/poney-club-ste-eugenie.com\/ps\/wp-content\/uploads\/2014\/04\/AGU_6128-570x380.jpg 570w, https:\/\/poney-club-ste-eugenie.com\/ps\/wp-content\/uploads\/2014\/04\/AGU_6128-300x200.jpg 300w, https:\/\/poney-club-ste-eugenie.com\/ps\/wp-content\/uploads\/2014\/04\/AGU_6128-768x512.jpg 768w\" sizes=\"(max-width: 980px) 100vw, 980px\" \/>\t\t\t\t\t\t\t\t\t\t\t\t\t\t\t<\/div>\n\t\t\t\t<div class=\"elementor-element elementor-element-745a1f1b elementor-widget elementor-widget-heading\" data-id=\"745a1f1b\" data-element_type=\"widget\" data-e-type=\"widget\" data-widget_type=\"heading.default\">\n\t\t\t\t\t<h1 class=\"elementor-heading-title elementor-size-default\">Parenth\u00e8se Normande<\/h1>\t\t\t\t<\/div>\n\t\t\t\t<div class=\"elementor-element elementor-element-e383afc elementor-widget elementor-widget-text-editor\" data-id=\"e383afc\" data-element_type=\"widget\" data-e-type=\"widget\" data-widget_type=\"text-editor.default\">\n\t\t\t\t\t\t\t\t\t<p data-start=\"336\" data-end=\"421\">Un cocon tout confort entre nature et chevaux, parfait pour un s\u00e9jour en couple ou en famille.<\/p>\t\t\t\t\t\t\t\t<\/div>\n\t\t\t\t<div class=\"elementor-element elementor-element-f086322 elementor-widget elementor-widget-tp-button\" data-id=\"f086322\" data-element_type=\"widget\" data-e-type=\"widget\" data-widget_type=\"tp-button.default\">\n\t\t\t\t\t<div class=\"pt-plus-button-wrapper   text-center \"><div class=\"button_parallax \"><div id=\"button69f45ac8698ca\"  class=\" text-center ts-button content_hover_effect  \" ><div class=\"pt_plus_button btn69f45ac8698c9 button-style-5   \"  ><div class=\"animted-content-inner \"><a href=\"https:\/\/poney-club-ste-eugenie.com\/ps\/gites\/le-loft-normand\/\" class=\"button-link-wrap \" role=\"button\" data-hover=\"En savoir plus\" >En savoir plus<i class=\"btn-icon button-after fa fa-chevron-right\"><\/i><\/a><\/div><\/div><\/div><\/div><\/div>\t\t\t\t<\/div>\n\t\t\t\t<\/div>\n\t\t\t\t<\/div>\n\t\t\t\t\t<\/div>\n\t\t\t\t<\/div>\n\t\t\t\t<\/div>\n\t\t","protected":false},"excerpt":{"rendered":"<p>Les G\u00eetes du Domaine Sainte Eug\u00e9nie Le charme d\u2019un s\u00e9jour authentique, nich\u00e9 au coeur de la nature Normande. D\u00e9couvrir Une parenth\u00e8se nature Normande. Au c\u0153ur d\u2019un environnement pre\u0301serve\u0301, nous vous accueillons dans nos gi\u0302tes pour une parenthe\u0300se authentique et conviviale. Ic\u0327i la nature donne le tempo, le service se fait attentionne\u0301 et l\u2019accueil se veut [&hellip;]<\/p>\n","protected":false},"author":1,"featured_media":0,"parent":0,"menu_order":0,"comment_status":"closed","ping_status":"closed","template":"","meta":{"footnotes":""},"class_list":["post-25","page","type-page","status-publish","hentry","entry","owp-thumbs-layout-horizontal","owp-btn-normal","owp-tabs-layout-horizontal","has-no-thumbnails","has-product-nav"],"yoast_head":"<!-- This site is optimized with the Yoast SEO plugin v27.5 - https:\/\/yoast.com\/product\/yoast-seo-wordpress\/ -->\n<title>Les G\u00eetes - Poney Club de Sainte Eug\u00e9nie<\/title>\n<meta name=\"description\" content=\"Le g\u00eete de groupe si vous \u00eates nombreux.\" \/>\n<meta name=\"robots\" content=\"noindex, follow, max-snippet:-1, max-image-preview:large, max-video-preview:-1\" \/>\n<meta property=\"og:locale\" content=\"fr_FR\" \/>\n<meta property=\"og:type\" content=\"article\" \/>\n<meta property=\"og:title\" content=\"Les G\u00eetes - Poney Club de Sainte Eug\u00e9nie\" \/>\n<meta property=\"og:description\" content=\"Le g\u00eete de groupe si vous \u00eates nombreux.\" \/>\n<meta property=\"og:url\" content=\"https:\/\/poney-club-ste-eugenie.com\/ps\/gites\/\" \/>\n<meta property=\"og:site_name\" content=\"Poney Club de Sainte Eug\u00e9nie\" \/>\n<meta property=\"article:publisher\" content=\"https:\/\/www.facebook.com\/poneyclubsteeugenie\" \/>\n<meta property=\"article:modified_time\" content=\"2026-03-19T09:39:16+00:00\" \/>\n<meta property=\"og:image\" content=\"https:\/\/poney-club-ste-eugenie.com\/ps\/wp-content\/uploads\/Capture-decran-2025-10-20-a-11.02.46.png\" \/>\n\t<meta property=\"og:image:width\" content=\"1200\" \/>\n\t<meta property=\"og:image:height\" content=\"582\" \/>\n\t<meta property=\"og:image:type\" content=\"image\/png\" \/>\n<meta name=\"twitter:card\" content=\"summary_large_image\" \/>\n<meta name=\"twitter:label1\" content=\"Dur\u00e9e de lecture estim\u00e9e\" \/>\n\t<meta name=\"twitter:data1\" content=\"1 minute\" \/>\n<script type=\"application\/ld+json\" class=\"yoast-schema-graph\">{\"@context\":\"https:\\\/\\\/schema.org\",\"@graph\":[{\"@type\":\"WebPage\",\"@id\":\"https:\\\/\\\/poney-club-ste-eugenie.com\\\/ps\\\/gites\\\/\",\"url\":\"https:\\\/\\\/poney-club-ste-eugenie.com\\\/ps\\\/gites\\\/\",\"name\":\"Les G\u00eetes - Poney Club de Sainte Eug\u00e9nie\",\"isPartOf\":{\"@id\":\"https:\\\/\\\/poney-club-ste-eugenie.com\\\/ps\\\/#website\"},\"primaryImageOfPage\":{\"@id\":\"https:\\\/\\\/poney-club-ste-eugenie.com\\\/ps\\\/gites\\\/#primaryimage\"},\"image\":{\"@id\":\"https:\\\/\\\/poney-club-ste-eugenie.com\\\/ps\\\/gites\\\/#primaryimage\"},\"thumbnailUrl\":\"https:\\\/\\\/poney-club-ste-eugenie.com\\\/ps\\\/wp-content\\\/uploads\\\/Capture-decran-2025-10-20-a-11.02.46.png\",\"datePublished\":\"2017-09-12T22:43:44+00:00\",\"dateModified\":\"2026-03-19T09:39:16+00:00\",\"description\":\"Le g\u00eete de groupe si vous \u00eates nombreux.\",\"breadcrumb\":{\"@id\":\"https:\\\/\\\/poney-club-ste-eugenie.com\\\/ps\\\/gites\\\/#breadcrumb\"},\"inLanguage\":\"fr-FR\",\"potentialAction\":[{\"@type\":\"ReadAction\",\"target\":[\"https:\\\/\\\/poney-club-ste-eugenie.com\\\/ps\\\/gites\\\/\"]}]},{\"@type\":\"ImageObject\",\"inLanguage\":\"fr-FR\",\"@id\":\"https:\\\/\\\/poney-club-ste-eugenie.com\\\/ps\\\/gites\\\/#primaryimage\",\"url\":\"https:\\\/\\\/poney-club-ste-eugenie.com\\\/ps\\\/wp-content\\\/uploads\\\/Capture-decran-2025-10-20-a-11.02.46.png\",\"contentUrl\":\"https:\\\/\\\/poney-club-ste-eugenie.com\\\/ps\\\/wp-content\\\/uploads\\\/Capture-decran-2025-10-20-a-11.02.46.png\",\"width\":1440,\"height\":698},{\"@type\":\"BreadcrumbList\",\"@id\":\"https:\\\/\\\/poney-club-ste-eugenie.com\\\/ps\\\/gites\\\/#breadcrumb\",\"itemListElement\":[{\"@type\":\"ListItem\",\"position\":1,\"name\":\"Accueil\",\"item\":\"https:\\\/\\\/poney-club-ste-eugenie.com\\\/ps\\\/\"},{\"@type\":\"ListItem\",\"position\":2,\"name\":\"Les G\u00eetes\"}]},{\"@type\":\"WebSite\",\"@id\":\"https:\\\/\\\/poney-club-ste-eugenie.com\\\/ps\\\/#website\",\"url\":\"https:\\\/\\\/poney-club-ste-eugenie.com\\\/ps\\\/\",\"name\":\"Poney Club de Sainte Eug\u00e9nie\",\"description\":\"Monter \u00e0 cheval ou \u00e0 poney dans l&#039;Orne\",\"publisher\":{\"@id\":\"https:\\\/\\\/poney-club-ste-eugenie.com\\\/ps\\\/#organization\"},\"potentialAction\":[{\"@type\":\"SearchAction\",\"target\":{\"@type\":\"EntryPoint\",\"urlTemplate\":\"https:\\\/\\\/poney-club-ste-eugenie.com\\\/ps\\\/?s={search_term_string}\"},\"query-input\":{\"@type\":\"PropertyValueSpecification\",\"valueRequired\":true,\"valueName\":\"search_term_string\"}}],\"inLanguage\":\"fr-FR\"},{\"@type\":\"Organization\",\"@id\":\"https:\\\/\\\/poney-club-ste-eugenie.com\\\/ps\\\/#organization\",\"name\":\"Poney Club de Sainte Eug\u00e9nie\",\"url\":\"https:\\\/\\\/poney-club-ste-eugenie.com\\\/ps\\\/\",\"logo\":{\"@type\":\"ImageObject\",\"inLanguage\":\"fr-FR\",\"@id\":\"https:\\\/\\\/poney-club-ste-eugenie.com\\\/ps\\\/#\\\/schema\\\/logo\\\/image\\\/\",\"url\":\"http:\\\/\\\/test.poney-club-ste-eugenie.com\\\/wp-content\\\/uploads\\\/2016\\\/02\\\/cropped-officiel-ne-pas-effacer-logobigponey.png\",\"contentUrl\":\"http:\\\/\\\/test.poney-club-ste-eugenie.com\\\/wp-content\\\/uploads\\\/2016\\\/02\\\/cropped-officiel-ne-pas-effacer-logobigponey.png\",\"width\":512,\"height\":512,\"caption\":\"Poney Club de Sainte Eug\u00e9nie\"},\"image\":{\"@id\":\"https:\\\/\\\/poney-club-ste-eugenie.com\\\/ps\\\/#\\\/schema\\\/logo\\\/image\\\/\"},\"sameAs\":[\"https:\\\/\\\/www.facebook.com\\\/poneyclubsteeugenie\"]}]}<\/script>\n<!-- \/ Yoast SEO plugin. -->","yoast_head_json":{"title":"Les G\u00eetes - Poney Club de Sainte Eug\u00e9nie","description":"Le g\u00eete de groupe si vous \u00eates nombreux.","robots":{"index":"noindex","follow":"follow","max-snippet":"max-snippet:-1","max-image-preview":"max-image-preview:large","max-video-preview":"max-video-preview:-1"},"og_locale":"fr_FR","og_type":"article","og_title":"Les G\u00eetes - Poney Club de Sainte Eug\u00e9nie","og_description":"Le g\u00eete de groupe si vous \u00eates nombreux.","og_url":"https:\/\/poney-club-ste-eugenie.com\/ps\/gites\/","og_site_name":"Poney Club de Sainte Eug\u00e9nie","article_publisher":"https:\/\/www.facebook.com\/poneyclubsteeugenie","article_modified_time":"2026-03-19T09:39:16+00:00","og_image":[{"url":"https:\/\/poney-club-ste-eugenie.com\/ps\/wp-content\/uploads\/Capture-decran-2025-10-20-a-11.02.46.png","width":1200,"height":582,"type":"image\/png"}],"twitter_card":"summary_large_image","twitter_misc":{"Dur\u00e9e de lecture estim\u00e9e":"1 minute"},"schema":{"@context":"https:\/\/schema.org","@graph":[{"@type":"WebPage","@id":"https:\/\/poney-club-ste-eugenie.com\/ps\/gites\/","url":"https:\/\/poney-club-ste-eugenie.com\/ps\/gites\/","name":"Les G\u00eetes - Poney Club de Sainte Eug\u00e9nie","isPartOf":{"@id":"https:\/\/poney-club-ste-eugenie.com\/ps\/#website"},"primaryImageOfPage":{"@id":"https:\/\/poney-club-ste-eugenie.com\/ps\/gites\/#primaryimage"},"image":{"@id":"https:\/\/poney-club-ste-eugenie.com\/ps\/gites\/#primaryimage"},"thumbnailUrl":"https:\/\/poney-club-ste-eugenie.com\/ps\/wp-content\/uploads\/Capture-decran-2025-10-20-a-11.02.46.png","datePublished":"2017-09-12T22:43:44+00:00","dateModified":"2026-03-19T09:39:16+00:00","description":"Le g\u00eete de groupe si vous \u00eates nombreux.","breadcrumb":{"@id":"https:\/\/poney-club-ste-eugenie.com\/ps\/gites\/#breadcrumb"},"inLanguage":"fr-FR","potentialAction":[{"@type":"ReadAction","target":["https:\/\/poney-club-ste-eugenie.com\/ps\/gites\/"]}]},{"@type":"ImageObject","inLanguage":"fr-FR","@id":"https:\/\/poney-club-ste-eugenie.com\/ps\/gites\/#primaryimage","url":"https:\/\/poney-club-ste-eugenie.com\/ps\/wp-content\/uploads\/Capture-decran-2025-10-20-a-11.02.46.png","contentUrl":"https:\/\/poney-club-ste-eugenie.com\/ps\/wp-content\/uploads\/Capture-decran-2025-10-20-a-11.02.46.png","width":1440,"height":698},{"@type":"BreadcrumbList","@id":"https:\/\/poney-club-ste-eugenie.com\/ps\/gites\/#breadcrumb","itemListElement":[{"@type":"ListItem","position":1,"name":"Accueil","item":"https:\/\/poney-club-ste-eugenie.com\/ps\/"},{"@type":"ListItem","position":2,"name":"Les G\u00eetes"}]},{"@type":"WebSite","@id":"https:\/\/poney-club-ste-eugenie.com\/ps\/#website","url":"https:\/\/poney-club-ste-eugenie.com\/ps\/","name":"Poney Club de Sainte Eug\u00e9nie","description":"Monter \u00e0 cheval ou \u00e0 poney dans l&#039;Orne","publisher":{"@id":"https:\/\/poney-club-ste-eugenie.com\/ps\/#organization"},"potentialAction":[{"@type":"SearchAction","target":{"@type":"EntryPoint","urlTemplate":"https:\/\/poney-club-ste-eugenie.com\/ps\/?s={search_term_string}"},"query-input":{"@type":"PropertyValueSpecification","valueRequired":true,"valueName":"search_term_string"}}],"inLanguage":"fr-FR"},{"@type":"Organization","@id":"https:\/\/poney-club-ste-eugenie.com\/ps\/#organization","name":"Poney Club de Sainte Eug\u00e9nie","url":"https:\/\/poney-club-ste-eugenie.com\/ps\/","logo":{"@type":"ImageObject","inLanguage":"fr-FR","@id":"https:\/\/poney-club-ste-eugenie.com\/ps\/#\/schema\/logo\/image\/","url":"http:\/\/test.poney-club-ste-eugenie.com\/wp-content\/uploads\/2016\/02\/cropped-officiel-ne-pas-effacer-logobigponey.png","contentUrl":"http:\/\/test.poney-club-ste-eugenie.com\/wp-content\/uploads\/2016\/02\/cropped-officiel-ne-pas-effacer-logobigponey.png","width":512,"height":512,"caption":"Poney Club de Sainte Eug\u00e9nie"},"image":{"@id":"https:\/\/poney-club-ste-eugenie.com\/ps\/#\/schema\/logo\/image\/"},"sameAs":["https:\/\/www.facebook.com\/poneyclubsteeugenie"]}]}},"_links":{"self":[{"href":"https:\/\/poney-club-ste-eugenie.com\/ps\/wp-json\/wp\/v2\/pages\/25","targetHints":{"allow":["GET"]}}],"collection":[{"href":"https:\/\/poney-club-ste-eugenie.com\/ps\/wp-json\/wp\/v2\/pages"}],"about":[{"href":"https:\/\/poney-club-ste-eugenie.com\/ps\/wp-json\/wp\/v2\/types\/page"}],"author":[{"embeddable":true,"href":"https:\/\/poney-club-ste-eugenie.com\/ps\/wp-json\/wp\/v2\/users\/1"}],"replies":[{"embeddable":true,"href":"https:\/\/poney-club-ste-eugenie.com\/ps\/wp-json\/wp\/v2\/comments?post=25"}],"version-history":[{"count":87,"href":"https:\/\/poney-club-ste-eugenie.com\/ps\/wp-json\/wp\/v2\/pages\/25\/revisions"}],"predecessor-version":[{"id":24864,"href":"https:\/\/poney-club-ste-eugenie.com\/ps\/wp-json\/wp\/v2\/pages\/25\/revisions\/24864"}],"wp:attachment":[{"href":"https:\/\/poney-club-ste-eugenie.com\/ps\/wp-json\/wp\/v2\/media?parent=25"}],"curies":[{"name":"wp","href":"https:\/\/api.w.org\/{rel}","templated":true}]}}