{"id":926,"date":"2016-06-01T17:03:39","date_gmt":"2016-06-01T16:03:39","guid":{"rendered":"http:\/\/www.poney-club-ste-eugenie.com\/?page_id=926"},"modified":"2026-03-19T10:35:38","modified_gmt":"2026-03-19T09:35:38","slug":"chambres-chalets","status":"publish","type":"page","link":"https:\/\/poney-club-ste-eugenie.com\/ps\/gites\/chambres-chalets\/","title":{"rendered":"3 chambres de type \u00ab Chalet \u00bb"},"content":{"rendered":"\t\t<div data-elementor-type=\"wp-page\" data-elementor-id=\"926\" class=\"elementor elementor-926\">\n\t\t\t\t<div class=\"elementor-element elementor-element-1d1124c4 e-con-full e-flex e-con e-parent\" data-id=\"1d1124c4\" data-element_type=\"container\" data-e-type=\"container\" data-settings=\"{&quot;background_background&quot;:&quot;classic&quot;}\">\n\t\t<div class=\"elementor-element elementor-element-178f7861 e-con-full e-flex e-con e-child\" data-id=\"178f7861\" data-element_type=\"container\" data-e-type=\"container\">\n\t\t<div class=\"elementor-element elementor-element-23c27225 e-con-full e-flex e-con e-child\" data-id=\"23c27225\" data-element_type=\"container\" data-e-type=\"container\">\n\t\t\t\t<div class=\"elementor-element elementor-element-730ad252 elementor-widget elementor-widget-heading\" data-id=\"730ad252\" data-element_type=\"widget\" data-e-type=\"widget\" data-widget_type=\"heading.default\">\n\t\t\t\t\t<h1 class=\"elementor-heading-title elementor-size-default\">Les Chalets du Domaine<br>Sainte Eug\u00e9nie<\/h1>\t\t\t\t<\/div>\n\t\t\t\t<\/div>\n\t\t\t\t<div class=\"elementor-element elementor-element-74c134c4 elementor-widget elementor-widget-text-editor\" data-id=\"74c134c4\" data-element_type=\"widget\" data-e-type=\"widget\" data-widget_type=\"text-editor.default\">\n\t\t\t\t\t\t\t\t\t<p>2 chambres lumineuses \u2013 3 personnes par chalet<\/p>\t\t\t\t\t\t\t\t<\/div>\n\t\t<div class=\"elementor-element elementor-element-78c0ca78 e-con-full e-flex e-con e-child\" data-id=\"78c0ca78\" data-element_type=\"container\" data-e-type=\"container\">\n\t\t\t\t<div class=\"elementor-element elementor-element-a31297f elementor-widget elementor-widget-tp-button\" data-id=\"a31297f\" data-element_type=\"widget\" data-e-type=\"widget\" data-widget_type=\"tp-button.default\">\n\t\t\t\t\t<div class=\"pt-plus-button-wrapper   text- \"><div class=\"button_parallax \"><div id=\"button69f4ba21e5544\"  class=\" text- ts-button content_hover_effect  \" ><div class=\"pt_plus_button btn69f4ba21e5543 button-style-5   \"  ><div class=\"animted-content-inner \"><a href=\"https:\/\/poney-club-ste-eugenie.com\/ps\/contact-2\/\" class=\"button-link-wrap \" role=\"button\" data-hover=\"Demander un devis\" >Demander un devis<i class=\"btn-icon button-after fa fa-chevron-right\"><\/i><\/a><\/div><\/div><\/div><\/div><\/div>\t\t\t\t<\/div>\n\t\t\t\t<\/div>\n\t\t\t\t<\/div>\n\t\t\t\t<\/div>\n\t\t<div class=\"elementor-element elementor-element-4b73806b e-flex e-con-boxed e-con e-parent\" data-id=\"4b73806b\" data-element_type=\"container\" data-e-type=\"container\">\n\t\t\t\t\t<div class=\"e-con-inner\">\n\t\t<div class=\"elementor-element elementor-element-4f83421f e-con-full e-flex e-con e-child\" data-id=\"4f83421f\" data-element_type=\"container\" data-e-type=\"container\">\n\t\t\t\t<div class=\"elementor-element elementor-element-652ab286 elementor-widget elementor-widget-heading\" data-id=\"652ab286\" data-element_type=\"widget\" data-e-type=\"widget\" data-widget_type=\"heading.default\">\n\t\t\t\t\t<h1 class=\"elementor-heading-title elementor-size-default\">\ud83c\udfe0 Pr\u00e9sentation<\/h1>\t\t\t\t<\/div>\n\t\t\t\t<div class=\"elementor-element elementor-element-25d88686 elementor-widget elementor-widget-text-editor\" data-id=\"25d88686\" data-element_type=\"widget\" data-e-type=\"widget\" data-widget_type=\"text-editor.default\">\n\t\t\t\t\t\t\t\t\t<p><strong>Deux chambres lumineuses<\/strong>, am\u00e9nag\u00e9es dans des chalets ind\u00e9pendants situ\u00e9s au sein du <strong>Domaine de Sainte-Eug\u00e9nie<\/strong>.<br data-start=\"1412\" data-end=\"1415\" \/>Ces h\u00e9bergements conviviaux offrent calme et confort, parfaits pour des s\u00e9jours individuels, familiaux ou en compl\u00e9ment du g\u00eete de groupe.<\/p>\t\t\t\t\t\t\t\t<\/div>\n\t\t\t\t<\/div>\n\t\t<div class=\"elementor-element elementor-element-6dfdffe7 e-con-full e-flex e-con e-child\" data-id=\"6dfdffe7\" data-element_type=\"container\" data-e-type=\"container\">\n\t\t\t\t<div class=\"elementor-element elementor-element-5c9a723f elementor-widget elementor-widget-image\" data-id=\"5c9a723f\" data-element_type=\"widget\" data-e-type=\"widget\" data-widget_type=\"image.default\">\n\t\t\t\t\t\t\t\t\t\t\t\t\t\t\t<img fetchpriority=\"high\" decoding=\"async\" width=\"1000\" height=\"666\" src=\"https:\/\/poney-club-ste-eugenie.com\/ps\/wp-content\/uploads\/AGU_1231.jpg\" class=\"attachment-large size-large wp-image-1756\" alt=\"chalet enneig\u00e9 domaine sainte eug\u00e9nie\" srcset=\"https:\/\/poney-club-ste-eugenie.com\/ps\/wp-content\/uploads\/AGU_1231.jpg 1000w, https:\/\/poney-club-ste-eugenie.com\/ps\/wp-content\/uploads\/AGU_1231-570x380.jpg 570w, https:\/\/poney-club-ste-eugenie.com\/ps\/wp-content\/uploads\/AGU_1231-300x200.jpg 300w\" sizes=\"(max-width: 1000px) 100vw, 1000px\" \/>\t\t\t\t\t\t\t\t\t\t\t\t\t\t\t<\/div>\n\t\t\t\t<\/div>\n\t\t\t\t\t<\/div>\n\t\t\t\t<\/div>\n\t\t<div class=\"elementor-element elementor-element-72371a77 e-flex e-con-boxed e-con e-parent\" data-id=\"72371a77\" data-element_type=\"container\" data-e-type=\"container\">\n\t\t\t\t\t<div class=\"e-con-inner\">\n\t\t<div class=\"elementor-element elementor-element-30e0b7ba e-con-full e-flex e-con e-child\" data-id=\"30e0b7ba\" data-element_type=\"container\" data-e-type=\"container\">\n\t\t\t\t<div class=\"elementor-element elementor-element-13e0d555 elementor-widget elementor-widget-heading\" data-id=\"13e0d555\" data-element_type=\"widget\" data-e-type=\"widget\" data-widget_type=\"heading.default\">\n\t\t\t\t\t<h1 class=\"elementor-heading-title elementor-size-default\">\ud83d\udecf\ufe0f H\u00e9bergement<\/h1>\t\t\t\t<\/div>\n\t\t\t\t<div class=\"elementor-element elementor-element-5e276c26 elementor-widget elementor-widget-ucaddon_uc_image_default_theme\" data-id=\"5e276c26\" data-element_type=\"widget\" data-e-type=\"widget\" data-widget_type=\"ucaddon_uc_image_default_theme.default\">\n\t\t\t\t<div class=\"elementor-widget-container\">\n\t\t\t\t\t\n<!-- start Thumbnail Gallery -->\n\t\t<link id='font-awesome-css' href='https:\/\/poney-club-ste-eugenie.com\/ps\/wp-content\/plugins\/unlimited-elements-for-elementor\/assets_libraries\/font-awesome6\/fontawesome-all.min.css' type='text\/css' rel='stylesheet' >\n\t\t<link id='font-awesome-4-shim-css' href='https:\/\/poney-club-ste-eugenie.com\/ps\/wp-content\/plugins\/unlimited-elements-for-elementor\/assets_libraries\/font-awesome6\/fontawesome-v4-shims.min.css' type='text\/css' rel='stylesheet' >\n\t\t<link id='unitegallery-css' href='https:\/\/poney-club-ste-eugenie.com\/ps\/wp-content\/plugins\/unlimited-elements-for-elementor\/assets_libraries\/unitegallery\/css\/unite-gallery.css' type='text\/css' rel='stylesheet' >\n\t\t<link id='fancybox-css' href='https:\/\/poney-club-ste-eugenie.com\/ps\/wp-content\/plugins\/unlimited-elements-for-elementor\/assets_libraries\/fancybox3\/jquery.fancybox.min.css' type='text\/css' rel='stylesheet' >\n\t\t<link id='uc_ac_assets_file_ug_theme_default_css_3038-css' href='https:\/\/poney-club-ste-eugenie.com\/ps\/wp-content\/uploads\/ac_assets\/uc_image_default_theme\/ug-theme-default.css' type='text\/css' rel='stylesheet' >\n\n<style>\/* widget: Thumbnail Gallery *\/\n\n#uc_uc_image_default_theme_elementor_5e276c26-wrapper{\n  min-height: 1px;\n}\n\n#uc_uc_image_default_theme_elementor_5e276c26{  \n  margin:0 auto;\n  display: none;\n}\n\n\/* protections *\/\n#uc_uc_image_default_theme_elementor_5e276c26 .ug-zoompanel.ug-skin-default .ug-zoompanel-button:first-child{\n  margin-top: 0;\n}\n\/* end protections *\/\n\n\/* fancybox *\/\n\/* endfancybox *\/\n\n<\/style>\n\n<div id=\"uc_uc_image_default_theme_elementor_5e276c26-wrapper\">\n  <div id=\"uc_uc_image_default_theme_elementor_5e276c26\" class=\"uc-items-wrapper  \"  data-remote-type=\"gallery\" data-custom-sethtml=\"true\" >\n    \n<img decoding=\"async\" alt=\"AGU_6139\"\n   src=\"https:\/\/poney-club-ste-eugenie.com\/ps\/wp-content\/uploads\/2015\/01\/AGU_6139.jpg\"\n    data-image=\"https:\/\/poney-club-ste-eugenie.com\/ps\/wp-content\/uploads\/2015\/01\/AGU_6139.jpg\"\n    data-title=\"AGU_6139\"\n    data-description=\"gites chalets domaine sainte eug\u00e9nie\">\n\n  <\/div>\n<\/div>\n<!-- end Thumbnail Gallery -->\t\t\t\t<\/div>\n\t\t\t\t<\/div>\n\t\t\t\t<\/div>\n\t\t<div class=\"elementor-element elementor-element-663ee85 e-con-full e-flex e-con e-child\" data-id=\"663ee85\" data-element_type=\"container\" data-e-type=\"container\">\n\t\t\t\t<div class=\"elementor-element elementor-element-3536277 elementor-widget elementor-widget-text-editor\" data-id=\"3536277\" data-element_type=\"widget\" data-e-type=\"widget\" data-widget_type=\"text-editor.default\">\n\t\t\t\t\t\t\t\t\t<p data-start=\"2466\" data-end=\"2502\">Chaque chalet est pr\u00e9vu pour <strong data-start=\"1902\" data-end=\"1917\">3 personnes<\/strong>, avec un agencement pratique et lumineux :<\/p><p data-start=\"2466\" data-end=\"2502\"><br data-start=\"1960\" data-end=\"1963\" \/>\u2022 1 grand lit double <em data-start=\"1986\" data-end=\"2003\">(draps fournis)<\/em><br data-start=\"2003\" data-end=\"2006\" \/>\u2022 1 lit simple <em data-start=\"2023\" data-end=\"2040\">(draps fournis)<\/em><br data-start=\"2040\" data-end=\"2043\" \/>\u2022 1 lavabo individuel<br data-start=\"2066\" data-end=\"2069\" \/>\u2022 1 t\u00e9l\u00e9viseur<br data-start=\"2085\" data-end=\"2088\" \/>\u2022 Chauffage \u00e9lectrique (convecteur)<br data-start=\"2125\" data-end=\"2128\" \/>\u2022 WC privatif dans chaque chalet<br data-start=\"2162\" data-end=\"2165\" \/>\u2022 Sanitaires, situ\u00e9es dans le b\u00e2timent principal du g\u00eete de groupe<\/p>\t\t\t\t\t\t\t\t<\/div>\n\t\t\t\t<\/div>\n\t\t\t\t\t<\/div>\n\t\t\t\t<\/div>\n\t\t<div class=\"elementor-element elementor-element-3a2d0218 e-flex e-con-boxed e-con e-parent\" data-id=\"3a2d0218\" data-element_type=\"container\" data-e-type=\"container\">\n\t\t\t\t\t<div class=\"e-con-inner\">\n\t\t<div class=\"elementor-element elementor-element-45ee03fd e-con-full e-flex e-con e-child\" data-id=\"45ee03fd\" data-element_type=\"container\" data-e-type=\"container\">\n\t\t\t\t<div class=\"elementor-element elementor-element-64e93bb elementor-widget elementor-widget-tp-button\" data-id=\"64e93bb\" data-element_type=\"widget\" data-e-type=\"widget\" data-widget_type=\"tp-button.default\">\n\t\t\t\t\t<div class=\"pt-plus-button-wrapper   text-center \"><div class=\"button_parallax \"><div id=\"button69f4ba21e7752\"  class=\" text-center ts-button content_hover_effect  \" ><div class=\"pt_plus_button btn69f4ba21e7751 button-style-5   \"  ><div class=\"animted-content-inner \"><a href=\"https:\/\/poney-club-ste-eugenie.com\/ps\/contact-2\/\" target=\"_blank\" class=\"button-link-wrap \" role=\"button\" data-hover=\"Demande de r\u00e9servation\" >Demande de r\u00e9servation<i class=\"btn-icon button-after fa fa-chevron-right\"><\/i><\/a><\/div><\/div><\/div><\/div><\/div>\t\t\t\t<\/div>\n\t\t\t\t<\/div>\n\t\t<div class=\"elementor-element elementor-element-477a542d e-con-full e-flex e-con e-child\" data-id=\"477a542d\" data-element_type=\"container\" data-e-type=\"container\">\n\t\t\t\t<\/div>\n\t\t<div class=\"elementor-element elementor-element-310b9f03 e-con-full e-flex e-con e-child\" data-id=\"310b9f03\" data-element_type=\"container\" data-e-type=\"container\">\n\t\t\t\t<div class=\"elementor-element elementor-element-17436f6d elementor-widget elementor-widget-tp-button\" data-id=\"17436f6d\" data-element_type=\"widget\" data-e-type=\"widget\" data-widget_type=\"tp-button.default\">\n\t\t\t\t\t<div class=\"pt-plus-button-wrapper   text-center \"><div class=\"button_parallax \"><div id=\"button69f4ba21e7d2d\"  class=\" text-center ts-button content_hover_effect  \" ><div class=\"pt_plus_button btn69f4ba21e7d2c button-style-5   \"  ><div class=\"animted-content-inner \"><a href=\"https:\/\/poney-club-ste-eugenie.com\/ps\/wp-content\/uploads\/reglement-interieur-gites-2019.pdf\" target=\"_blank\" class=\"button-link-wrap \" role=\"button\" data-hover=\"R\u00e8glement int\u00e9rieur\" >R\u00e8glement int\u00e9rieur<i class=\"btn-icon button-after fa fa-chevron-right\"><\/i><\/a><\/div><\/div><\/div><\/div><\/div>\t\t\t\t<\/div>\n\t\t\t\t<\/div>\n\t\t\t\t\t<\/div>\n\t\t\t\t<\/div>\n\t\t<div class=\"elementor-element elementor-element-f31b8d6 e-flex e-con-boxed e-con e-parent\" data-id=\"f31b8d6\" data-element_type=\"container\" data-e-type=\"container\">\n\t\t\t\t\t<div class=\"e-con-inner\">\n\t\t\t\t\t<\/div>\n\t\t\t\t<\/div>\n\t\t\t\t<\/div>\n\t\t","protected":false},"excerpt":{"rendered":"<p>Les Chalets du DomaineSainte Eug\u00e9nie 2 chambres lumineuses \u2013 3 personnes par chalet Demander un devis &#x1f3e0; Pr\u00e9sentation Deux chambres lumineuses, am\u00e9nag\u00e9es dans des chalets ind\u00e9pendants situ\u00e9s au sein du Domaine de Sainte-Eug\u00e9nie.Ces h\u00e9bergements conviviaux offrent calme et confort, parfaits pour des s\u00e9jours individuels, familiaux ou en compl\u00e9ment du g\u00eete de groupe. &#x1f6cf;&#xfe0f; H\u00e9bergement Chaque [&hellip;]<\/p>\n","protected":false},"author":1,"featured_media":0,"parent":25,"menu_order":0,"comment_status":"closed","ping_status":"closed","template":"","meta":{"footnotes":""},"class_list":["post-926","page","type-page","status-publish","hentry","entry","owp-thumbs-layout-horizontal","owp-btn-normal","owp-tabs-layout-horizontal","has-no-thumbnails","has-product-nav"],"yoast_head":"<!-- This site is optimized with the Yoast SEO plugin v27.5 - https:\/\/yoast.com\/product\/yoast-seo-wordpress\/ -->\n<title>3 chambres de type \u00ab Chalet \u00bb - Poney Club de Sainte Eug\u00e9nie<\/title>\n<meta name=\"description\" content=\"chambres chalet pour 3 personnes au coeur du domaine de Sainte Eug\u00e9nie (orne)\" \/>\n<meta name=\"robots\" content=\"noindex, follow, max-snippet:-1, max-image-preview:large, max-video-preview:-1\" \/>\n<meta property=\"og:locale\" content=\"fr_FR\" \/>\n<meta property=\"og:type\" content=\"article\" \/>\n<meta property=\"og:title\" content=\"3 chambres de type \u00ab Chalet \u00bb - Poney Club de Sainte Eug\u00e9nie\" \/>\n<meta property=\"og:description\" content=\"chambres chalet pour 3 personnes au coeur du domaine de Sainte Eug\u00e9nie (orne)\" \/>\n<meta property=\"og:url\" content=\"https:\/\/poney-club-ste-eugenie.com\/ps\/gites\/chambres-chalets\/\" \/>\n<meta property=\"og:site_name\" content=\"Poney Club de Sainte Eug\u00e9nie\" \/>\n<meta property=\"article:publisher\" content=\"https:\/\/www.facebook.com\/poneyclubsteeugenie\" \/>\n<meta property=\"article:modified_time\" content=\"2026-03-19T09:35:38+00:00\" \/>\n<meta property=\"og:image\" content=\"https:\/\/poney-club-ste-eugenie.com\/ps\/wp-content\/uploads\/AGU_1231.jpg\" \/>\n\t<meta property=\"og:image:width\" content=\"1000\" \/>\n\t<meta property=\"og:image:height\" content=\"666\" \/>\n\t<meta property=\"og:image:type\" content=\"image\/jpeg\" \/>\n<meta name=\"twitter:card\" content=\"summary_large_image\" \/>\n<meta name=\"twitter:label1\" content=\"Dur\u00e9e de lecture estim\u00e9e\" \/>\n\t<meta name=\"twitter:data1\" content=\"1 minute\" \/>\n<script type=\"application\/ld+json\" class=\"yoast-schema-graph\">{\"@context\":\"https:\\\/\\\/schema.org\",\"@graph\":[{\"@type\":\"WebPage\",\"@id\":\"https:\\\/\\\/poney-club-ste-eugenie.com\\\/ps\\\/gites\\\/chambres-chalets\\\/\",\"url\":\"https:\\\/\\\/poney-club-ste-eugenie.com\\\/ps\\\/gites\\\/chambres-chalets\\\/\",\"name\":\"3 chambres de type \u00ab Chalet \u00bb - Poney Club de Sainte Eug\u00e9nie\",\"isPartOf\":{\"@id\":\"https:\\\/\\\/poney-club-ste-eugenie.com\\\/ps\\\/#website\"},\"primaryImageOfPage\":{\"@id\":\"https:\\\/\\\/poney-club-ste-eugenie.com\\\/ps\\\/gites\\\/chambres-chalets\\\/#primaryimage\"},\"image\":{\"@id\":\"https:\\\/\\\/poney-club-ste-eugenie.com\\\/ps\\\/gites\\\/chambres-chalets\\\/#primaryimage\"},\"thumbnailUrl\":\"https:\\\/\\\/poney-club-ste-eugenie.com\\\/ps\\\/wp-content\\\/uploads\\\/AGU_1231.jpg\",\"datePublished\":\"2016-06-01T16:03:39+00:00\",\"dateModified\":\"2026-03-19T09:35:38+00:00\",\"description\":\"chambres chalet pour 3 personnes au coeur du domaine de Sainte Eug\u00e9nie (orne)\",\"breadcrumb\":{\"@id\":\"https:\\\/\\\/poney-club-ste-eugenie.com\\\/ps\\\/gites\\\/chambres-chalets\\\/#breadcrumb\"},\"inLanguage\":\"fr-FR\",\"potentialAction\":[{\"@type\":\"ReadAction\",\"target\":[\"https:\\\/\\\/poney-club-ste-eugenie.com\\\/ps\\\/gites\\\/chambres-chalets\\\/\"]}]},{\"@type\":\"ImageObject\",\"inLanguage\":\"fr-FR\",\"@id\":\"https:\\\/\\\/poney-club-ste-eugenie.com\\\/ps\\\/gites\\\/chambres-chalets\\\/#primaryimage\",\"url\":\"https:\\\/\\\/poney-club-ste-eugenie.com\\\/ps\\\/wp-content\\\/uploads\\\/AGU_1231.jpg\",\"contentUrl\":\"https:\\\/\\\/poney-club-ste-eugenie.com\\\/ps\\\/wp-content\\\/uploads\\\/AGU_1231.jpg\",\"width\":1000,\"height\":666,\"caption\":\"Un chalet-chambre\"},{\"@type\":\"BreadcrumbList\",\"@id\":\"https:\\\/\\\/poney-club-ste-eugenie.com\\\/ps\\\/gites\\\/chambres-chalets\\\/#breadcrumb\",\"itemListElement\":[{\"@type\":\"ListItem\",\"position\":1,\"name\":\"Accueil\",\"item\":\"https:\\\/\\\/poney-club-ste-eugenie.com\\\/ps\\\/\"},{\"@type\":\"ListItem\",\"position\":2,\"name\":\"Les G\u00eetes\",\"item\":\"https:\\\/\\\/poney-club-ste-eugenie.com\\\/ps\\\/gites\\\/\"},{\"@type\":\"ListItem\",\"position\":3,\"name\":\"3 chambres de type \u00ab Chalet \u00bb\"}]},{\"@type\":\"WebSite\",\"@id\":\"https:\\\/\\\/poney-club-ste-eugenie.com\\\/ps\\\/#website\",\"url\":\"https:\\\/\\\/poney-club-ste-eugenie.com\\\/ps\\\/\",\"name\":\"Poney Club de Sainte Eug\u00e9nie\",\"description\":\"Monter \u00e0 cheval ou \u00e0 poney dans l&#039;Orne\",\"publisher\":{\"@id\":\"https:\\\/\\\/poney-club-ste-eugenie.com\\\/ps\\\/#organization\"},\"potentialAction\":[{\"@type\":\"SearchAction\",\"target\":{\"@type\":\"EntryPoint\",\"urlTemplate\":\"https:\\\/\\\/poney-club-ste-eugenie.com\\\/ps\\\/?s={search_term_string}\"},\"query-input\":{\"@type\":\"PropertyValueSpecification\",\"valueRequired\":true,\"valueName\":\"search_term_string\"}}],\"inLanguage\":\"fr-FR\"},{\"@type\":\"Organization\",\"@id\":\"https:\\\/\\\/poney-club-ste-eugenie.com\\\/ps\\\/#organization\",\"name\":\"Poney Club de Sainte Eug\u00e9nie\",\"url\":\"https:\\\/\\\/poney-club-ste-eugenie.com\\\/ps\\\/\",\"logo\":{\"@type\":\"ImageObject\",\"inLanguage\":\"fr-FR\",\"@id\":\"https:\\\/\\\/poney-club-ste-eugenie.com\\\/ps\\\/#\\\/schema\\\/logo\\\/image\\\/\",\"url\":\"http:\\\/\\\/test.poney-club-ste-eugenie.com\\\/wp-content\\\/uploads\\\/2016\\\/02\\\/cropped-officiel-ne-pas-effacer-logobigponey.png\",\"contentUrl\":\"http:\\\/\\\/test.poney-club-ste-eugenie.com\\\/wp-content\\\/uploads\\\/2016\\\/02\\\/cropped-officiel-ne-pas-effacer-logobigponey.png\",\"width\":512,\"height\":512,\"caption\":\"Poney Club de Sainte Eug\u00e9nie\"},\"image\":{\"@id\":\"https:\\\/\\\/poney-club-ste-eugenie.com\\\/ps\\\/#\\\/schema\\\/logo\\\/image\\\/\"},\"sameAs\":[\"https:\\\/\\\/www.facebook.com\\\/poneyclubsteeugenie\"]}]}<\/script>\n<!-- \/ Yoast SEO plugin. -->","yoast_head_json":{"title":"3 chambres de type \u00ab Chalet \u00bb - Poney Club de Sainte Eug\u00e9nie","description":"chambres chalet pour 3 personnes au coeur du domaine de Sainte Eug\u00e9nie (orne)","robots":{"index":"noindex","follow":"follow","max-snippet":"max-snippet:-1","max-image-preview":"max-image-preview:large","max-video-preview":"max-video-preview:-1"},"og_locale":"fr_FR","og_type":"article","og_title":"3 chambres de type \u00ab Chalet \u00bb - Poney Club de Sainte Eug\u00e9nie","og_description":"chambres chalet pour 3 personnes au coeur du domaine de Sainte Eug\u00e9nie (orne)","og_url":"https:\/\/poney-club-ste-eugenie.com\/ps\/gites\/chambres-chalets\/","og_site_name":"Poney Club de Sainte Eug\u00e9nie","article_publisher":"https:\/\/www.facebook.com\/poneyclubsteeugenie","article_modified_time":"2026-03-19T09:35:38+00:00","og_image":[{"width":1000,"height":666,"url":"https:\/\/poney-club-ste-eugenie.com\/ps\/wp-content\/uploads\/AGU_1231.jpg","type":"image\/jpeg"}],"twitter_card":"summary_large_image","twitter_misc":{"Dur\u00e9e de lecture estim\u00e9e":"1 minute"},"schema":{"@context":"https:\/\/schema.org","@graph":[{"@type":"WebPage","@id":"https:\/\/poney-club-ste-eugenie.com\/ps\/gites\/chambres-chalets\/","url":"https:\/\/poney-club-ste-eugenie.com\/ps\/gites\/chambres-chalets\/","name":"3 chambres de type \u00ab Chalet \u00bb - Poney Club de Sainte Eug\u00e9nie","isPartOf":{"@id":"https:\/\/poney-club-ste-eugenie.com\/ps\/#website"},"primaryImageOfPage":{"@id":"https:\/\/poney-club-ste-eugenie.com\/ps\/gites\/chambres-chalets\/#primaryimage"},"image":{"@id":"https:\/\/poney-club-ste-eugenie.com\/ps\/gites\/chambres-chalets\/#primaryimage"},"thumbnailUrl":"https:\/\/poney-club-ste-eugenie.com\/ps\/wp-content\/uploads\/AGU_1231.jpg","datePublished":"2016-06-01T16:03:39+00:00","dateModified":"2026-03-19T09:35:38+00:00","description":"chambres chalet pour 3 personnes au coeur du domaine de Sainte Eug\u00e9nie (orne)","breadcrumb":{"@id":"https:\/\/poney-club-ste-eugenie.com\/ps\/gites\/chambres-chalets\/#breadcrumb"},"inLanguage":"fr-FR","potentialAction":[{"@type":"ReadAction","target":["https:\/\/poney-club-ste-eugenie.com\/ps\/gites\/chambres-chalets\/"]}]},{"@type":"ImageObject","inLanguage":"fr-FR","@id":"https:\/\/poney-club-ste-eugenie.com\/ps\/gites\/chambres-chalets\/#primaryimage","url":"https:\/\/poney-club-ste-eugenie.com\/ps\/wp-content\/uploads\/AGU_1231.jpg","contentUrl":"https:\/\/poney-club-ste-eugenie.com\/ps\/wp-content\/uploads\/AGU_1231.jpg","width":1000,"height":666,"caption":"Un chalet-chambre"},{"@type":"BreadcrumbList","@id":"https:\/\/poney-club-ste-eugenie.com\/ps\/gites\/chambres-chalets\/#breadcrumb","itemListElement":[{"@type":"ListItem","position":1,"name":"Accueil","item":"https:\/\/poney-club-ste-eugenie.com\/ps\/"},{"@type":"ListItem","position":2,"name":"Les G\u00eetes","item":"https:\/\/poney-club-ste-eugenie.com\/ps\/gites\/"},{"@type":"ListItem","position":3,"name":"3 chambres de type \u00ab Chalet \u00bb"}]},{"@type":"WebSite","@id":"https:\/\/poney-club-ste-eugenie.com\/ps\/#website","url":"https:\/\/poney-club-ste-eugenie.com\/ps\/","name":"Poney Club de Sainte Eug\u00e9nie","description":"Monter \u00e0 cheval ou \u00e0 poney dans l&#039;Orne","publisher":{"@id":"https:\/\/poney-club-ste-eugenie.com\/ps\/#organization"},"potentialAction":[{"@type":"SearchAction","target":{"@type":"EntryPoint","urlTemplate":"https:\/\/poney-club-ste-eugenie.com\/ps\/?s={search_term_string}"},"query-input":{"@type":"PropertyValueSpecification","valueRequired":true,"valueName":"search_term_string"}}],"inLanguage":"fr-FR"},{"@type":"Organization","@id":"https:\/\/poney-club-ste-eugenie.com\/ps\/#organization","name":"Poney Club de Sainte Eug\u00e9nie","url":"https:\/\/poney-club-ste-eugenie.com\/ps\/","logo":{"@type":"ImageObject","inLanguage":"fr-FR","@id":"https:\/\/poney-club-ste-eugenie.com\/ps\/#\/schema\/logo\/image\/","url":"http:\/\/test.poney-club-ste-eugenie.com\/wp-content\/uploads\/2016\/02\/cropped-officiel-ne-pas-effacer-logobigponey.png","contentUrl":"http:\/\/test.poney-club-ste-eugenie.com\/wp-content\/uploads\/2016\/02\/cropped-officiel-ne-pas-effacer-logobigponey.png","width":512,"height":512,"caption":"Poney Club de Sainte Eug\u00e9nie"},"image":{"@id":"https:\/\/poney-club-ste-eugenie.com\/ps\/#\/schema\/logo\/image\/"},"sameAs":["https:\/\/www.facebook.com\/poneyclubsteeugenie"]}]}},"_links":{"self":[{"href":"https:\/\/poney-club-ste-eugenie.com\/ps\/wp-json\/wp\/v2\/pages\/926","targetHints":{"allow":["GET"]}}],"collection":[{"href":"https:\/\/poney-club-ste-eugenie.com\/ps\/wp-json\/wp\/v2\/pages"}],"about":[{"href":"https:\/\/poney-club-ste-eugenie.com\/ps\/wp-json\/wp\/v2\/types\/page"}],"author":[{"embeddable":true,"href":"https:\/\/poney-club-ste-eugenie.com\/ps\/wp-json\/wp\/v2\/users\/1"}],"replies":[{"embeddable":true,"href":"https:\/\/poney-club-ste-eugenie.com\/ps\/wp-json\/wp\/v2\/comments?post=926"}],"version-history":[{"count":33,"href":"https:\/\/poney-club-ste-eugenie.com\/ps\/wp-json\/wp\/v2\/pages\/926\/revisions"}],"predecessor-version":[{"id":24851,"href":"https:\/\/poney-club-ste-eugenie.com\/ps\/wp-json\/wp\/v2\/pages\/926\/revisions\/24851"}],"up":[{"embeddable":true,"href":"https:\/\/poney-club-ste-eugenie.com\/ps\/wp-json\/wp\/v2\/pages\/25"}],"wp:attachment":[{"href":"https:\/\/poney-club-ste-eugenie.com\/ps\/wp-json\/wp\/v2\/media?parent=926"}],"curies":[{"name":"wp","href":"https:\/\/api.w.org\/{rel}","templated":true}]}}