{"id":939,"date":"2014-04-16T17:43:07","date_gmt":"2014-04-16T16:43:07","guid":{"rendered":"http:\/\/www.poney-club-ste-eugenie.com\/?page_id=939"},"modified":"2026-02-17T11:15:39","modified_gmt":"2026-02-17T10:15:39","slug":"equitation-adaptee","status":"publish","type":"page","link":"https:\/\/poney-club-ste-eugenie.com\/ps\/equitation-adaptee\/","title":{"rendered":"Equitation adapt\u00e9e"},"content":{"rendered":"\t\t<div data-elementor-type=\"wp-page\" data-elementor-id=\"939\" class=\"elementor elementor-939\">\n\t\t\t\t<div class=\"elementor-element elementor-element-3215861e e-con-full e-flex e-con e-parent\" data-id=\"3215861e\" data-element_type=\"container\" data-e-type=\"container\" data-settings=\"{&quot;background_background&quot;:&quot;classic&quot;}\">\n\t\t<div class=\"elementor-element elementor-element-1f91a765 e-con-full e-flex e-con e-child\" data-id=\"1f91a765\" data-element_type=\"container\" data-e-type=\"container\">\n\t\t<div class=\"elementor-element elementor-element-215527e8 e-con-full e-flex e-con e-child\" data-id=\"215527e8\" data-element_type=\"container\" data-e-type=\"container\">\n\t\t\t\t<div class=\"elementor-element elementor-element-3770d5e2 elementor-widget elementor-widget-heading\" data-id=\"3770d5e2\" data-element_type=\"widget\" data-e-type=\"widget\" data-widget_type=\"heading.default\">\n\t\t\t\t\t<h1 class=\"elementor-heading-title elementor-size-default\">\u00c9quitation adapt\u00e9e<\/h1>\t\t\t\t<\/div>\n\t\t\t\t<\/div>\n\t\t\t\t<div class=\"elementor-element elementor-element-57127bd7 elementor-widget elementor-widget-text-editor\" data-id=\"57127bd7\" data-element_type=\"widget\" data-e-type=\"widget\" data-widget_type=\"text-editor.default\">\n\t\t\t\t\t\t\t\t\t<p>Un accompagnement bienveillant, personnalis\u00e9 et s\u00e9curis\u00e9, o\u00f9 le cheval devient un v\u00e9ritable partenaire d\u2019\u00e9volution<em data-start=\"396\" data-end=\"513\">.<\/em><\/p>\t\t\t\t\t\t\t\t<\/div>\n\t\t<div class=\"elementor-element elementor-element-72a76ce3 e-con-full e-flex e-con e-child\" data-id=\"72a76ce3\" data-element_type=\"container\" data-e-type=\"container\">\n\t\t\t\t<div class=\"elementor-element elementor-element-7a2a15ac elementor-widget elementor-widget-tp-button\" data-id=\"7a2a15ac\" data-element_type=\"widget\" data-e-type=\"widget\" data-widget_type=\"tp-button.default\">\n\t\t\t\t\t<div class=\"pt-plus-button-wrapper   text- \"><div class=\"button_parallax \"><div id=\"button69f4f471177c9\"  class=\" text- ts-button content_hover_effect  \" ><div class=\"pt_plus_button btn69f4f471177c8 button-style-5   \"  ><div class=\"animted-content-inner \"><a href=\"https:\/\/poney-club-ste-eugenie.com\/ps\/contact-2\/\" class=\"button-link-wrap \" role=\"button\" data-hover=\"Demande d&#039;informations\" >Demande d&#039;informations<i class=\"btn-icon button-after fa fa-chevron-right\"><\/i><\/a><\/div><\/div><\/div><\/div><\/div>\t\t\t\t<\/div>\n\t\t\t\t<\/div>\n\t\t\t\t<\/div>\n\t\t\t\t<\/div>\n\t\t<div class=\"elementor-element elementor-element-ba7512c e-flex e-con-boxed e-con e-parent\" data-id=\"ba7512c\" data-element_type=\"container\" data-e-type=\"container\">\n\t\t\t\t\t<div class=\"e-con-inner\">\n\t\t<div class=\"elementor-element elementor-element-f4d488d e-con-full e-flex e-con e-child\" data-id=\"f4d488d\" data-element_type=\"container\" data-e-type=\"container\">\n\t\t\t\t<div class=\"elementor-element elementor-element-93a92db elementor-widget elementor-widget-image\" data-id=\"93a92db\" data-element_type=\"widget\" data-e-type=\"widget\" data-widget_type=\"image.default\">\n\t\t\t\t\t\t\t\t\t\t\t\t\t\t\t<img fetchpriority=\"high\" decoding=\"async\" width=\"1080\" height=\"1350\" src=\"https:\/\/poney-club-ste-eugenie.com\/ps\/wp-content\/uploads\/handicap.jpg\" class=\"attachment-full size-full wp-image-23599\" alt=\"handicap domaine sainte eug\u00e9nie\" srcset=\"https:\/\/poney-club-ste-eugenie.com\/ps\/wp-content\/uploads\/handicap.jpg 1080w, https:\/\/poney-club-ste-eugenie.com\/ps\/wp-content\/uploads\/handicap-570x713.jpg 570w, https:\/\/poney-club-ste-eugenie.com\/ps\/wp-content\/uploads\/handicap-240x300.jpg 240w, https:\/\/poney-club-ste-eugenie.com\/ps\/wp-content\/uploads\/handicap-216x270.jpg 216w\" sizes=\"(max-width: 1080px) 100vw, 1080px\" \/>\t\t\t\t\t\t\t\t\t\t\t\t\t\t\t<\/div>\n\t\t\t\t<div class=\"elementor-element elementor-element-c8e32d5 elementor-widget elementor-widget-heading\" data-id=\"c8e32d5\" data-element_type=\"widget\" data-e-type=\"widget\" data-widget_type=\"heading.default\">\n\t\t\t\t\t<h2 class=\"elementor-heading-title elementor-size-default\">\ud83d\uddd3\ufe0f S\u00e9ances ou s\u00e9jours adapt\u00e9s<\/h2>\t\t\t\t<\/div>\n\t\t\t\t<div class=\"elementor-element elementor-element-c46d7f3 elementor-widget elementor-widget-text-editor\" data-id=\"c46d7f3\" data-element_type=\"widget\" data-e-type=\"widget\" data-widget_type=\"text-editor.default\">\n\t\t\t\t\t\t\t\t\t<h3 data-start=\"2331\" data-end=\"2371\">\u27a4 <strong data-start=\"2337\" data-end=\"2369\">S\u00e9ances r\u00e9guli\u00e8res \u00e0 l\u2019ann\u00e9e<\/strong><\/h3><p data-start=\"2372\" data-end=\"2449\">Pour un accompagnement construit dans la dur\u00e9e, avec objectifs personnalis\u00e9s.<\/p><h3 data-start=\"2451\" data-end=\"2495\">\u27a4 <strong data-start=\"2457\" data-end=\"2493\">S\u00e9jours adapt\u00e9s avec h\u00e9bergement<\/strong><\/h3><p data-start=\"2496\" data-end=\"2608\">Gr\u00e2ce aux <a href=\"https:\/\/poney-club-ste-eugenie.com\/ps\/gites\/\">g\u00eetes du domaine<\/a>, accessibles, confortables et situ\u00e9s en pleine nature, il est possible de vivre une immersion totale, de profiter pleinement du cadre naturel et de cr\u00e9er un v\u00e9ritable lien avec les chevaux.<\/p>\t\t\t\t\t\t\t\t<\/div>\n\t\t\t\t<\/div>\n\t\t<div class=\"elementor-element elementor-element-ec7497c e-con-full e-flex e-con e-child\" data-id=\"ec7497c\" data-element_type=\"container\" data-e-type=\"container\">\n\t\t\t\t<div class=\"elementor-element elementor-element-f65b0db elementor-widget elementor-widget-heading\" data-id=\"f65b0db\" data-element_type=\"widget\" data-e-type=\"widget\" data-widget_type=\"heading.default\">\n\t\t\t\t\t<h2 class=\"elementor-heading-title elementor-size-default\">\ud83e\udeb6 Une approche accessible \u00e0 tous<\/h2>\t\t\t\t<\/div>\n\t\t\t\t<div class=\"elementor-element elementor-element-dee5918 elementor-widget elementor-widget-text-editor\" data-id=\"dee5918\" data-element_type=\"widget\" data-e-type=\"widget\" data-widget_type=\"text-editor.default\">\n\t\t\t\t\t\t\t\t\t<p data-start=\"401\" data-end=\"703\">Le Domaine de Sainte Eug\u00e9nie accueille <strong data-start=\"596\" data-end=\"618\">enfants et adultes<\/strong> en situation de handicap pour des s\u00e9ances d\u2019\u00e9quitation.\u00a0<br data-start=\"700\" data-end=\"703\" \/>Dans un environnement verdoyant, calme et rassurant, nous proposons un accompagnement progressif o\u00f9 le cheval joue un r\u00f4le central : il apaise, valorise, rassure et ne juge jamais.<\/p>\t\t\t\t\t\t\t\t<\/div>\n\t\t\t\t<div class=\"elementor-element elementor-element-76775ab elementor-widget elementor-widget-heading\" data-id=\"76775ab\" data-element_type=\"widget\" data-e-type=\"widget\" data-widget_type=\"heading.default\">\n\t\t\t\t\t<h2 class=\"elementor-heading-title elementor-size-default\">\ud83d\udc34 Pourquoi le cheval ?<\/h2>\t\t\t\t<\/div>\n\t\t\t\t<div class=\"elementor-element elementor-element-b6fbb83 elementor-widget elementor-widget-text-editor\" data-id=\"b6fbb83\" data-element_type=\"widget\" data-e-type=\"widget\" data-widget_type=\"text-editor.default\">\n\t\t\t\t\t\t\t\t\t<p data-start=\"1160\" data-end=\"1215\">Les bienfaits de l\u2019\u00e9quitation adapt\u00e9e sont nombreux :<\/p>\n<p data-start=\"1218\" data-end=\"1287\">\u25b8\u00a0 Le cheval <strong data-start=\"1228\" data-end=\"1249\">gomme le handicap<\/strong> par sa pr\u00e9sence calme et son \u00e9coute<\/p>\n<p data-start=\"1290\" data-end=\"1366\">\u25b8\u00a0 Le contact avec l\u2019animal offre une <strong data-start=\"1325\" data-end=\"1349\">relation authentique<\/strong>, sans jugement<\/p>\n<p data-start=\"1369\" data-end=\"1518\">\u25b8 L\u2019interaction permet de d\u00e9velopper une <strong data-start=\"1408\" data-end=\"1435\">communication naturelle<\/strong>, m\u00eame chez les personnes pr\u00e9sentant des troubles de la parole ou du comportement<\/p>\n<p data-start=\"1521\" data-end=\"1574\">\u25b8\u00a0 \u00a0Monter, guider, toucher, soigner l\u2019animal stimule :<\/p>\n<p style=\"padding-left: 40px;\" data-start=\"1521\" data-end=\"1574\">\u25b8 la sensorialit\u00e9<br \/>\u25b8 la proprioception<br \/>\u25b8 le tonus musculaire<br \/>\u25b8 la coordination<br \/>\u25b8 la concentration<\/p>\n<p data-start=\"1693\" data-end=\"1805\">Chaque s\u00e9ance est encadr\u00e9e par un professionnel dipl\u00f4m\u00e9, attentif aux besoins, capacit\u00e9s et objectifs de chacun.<\/p>\t\t\t\t\t\t\t\t<\/div>\n\t\t\t\t<\/div>\n\t\t\t\t\t<\/div>\n\t\t\t\t<\/div>\n\t\t<div class=\"elementor-element elementor-element-2d963a1c e-flex e-con-boxed e-con e-parent\" data-id=\"2d963a1c\" data-element_type=\"container\" data-e-type=\"container\">\n\t\t\t\t\t<div class=\"e-con-inner\">\n\t\t<div class=\"elementor-element elementor-element-2f437039 e-con-full e-flex e-con e-child\" data-id=\"2f437039\" data-element_type=\"container\" data-e-type=\"container\">\n\t\t\t\t<div class=\"elementor-element elementor-element-43dafdb5 elementor-widget elementor-widget-tp-button\" data-id=\"43dafdb5\" data-element_type=\"widget\" data-e-type=\"widget\" data-widget_type=\"tp-button.default\">\n\t\t\t\t\t<div class=\"pt-plus-button-wrapper   text-center \"><div class=\"button_parallax \"><div id=\"button69f4f47118a2e\"  class=\" text-center ts-button content_hover_effect  \" ><div class=\"pt_plus_button btn69f4f47118a2d button-style-5   \"  ><div class=\"animted-content-inner \"><a href=\"https:\/\/poney-club-ste-eugenie.com\/ps\/contact-2\/\" target=\"_blank\" class=\"button-link-wrap \" role=\"button\" data-hover=\"R\u00e9server imm\u00e9diatement\" >R\u00e9server imm\u00e9diatement<i class=\"btn-icon button-after fa fa-chevron-right\"><\/i><\/a><\/div><\/div><\/div><\/div><\/div>\t\t\t\t<\/div>\n\t\t\t\t<\/div>\n\t\t<div class=\"elementor-element elementor-element-6cfc9eee e-con-full e-flex e-con e-child\" data-id=\"6cfc9eee\" data-element_type=\"container\" data-e-type=\"container\">\n\t\t\t\t<\/div>\n\t\t<div class=\"elementor-element elementor-element-23f305d2 e-con-full e-flex e-con e-child\" data-id=\"23f305d2\" data-element_type=\"container\" data-e-type=\"container\">\n\t\t\t\t<div class=\"elementor-element elementor-element-636f872d elementor-widget elementor-widget-tp-button\" data-id=\"636f872d\" data-element_type=\"widget\" data-e-type=\"widget\" data-widget_type=\"tp-button.default\">\n\t\t\t\t\t<div class=\"pt-plus-button-wrapper   text-center \"><div class=\"button_parallax \"><div id=\"button69f4f47118f05\"  class=\" text-center ts-button content_hover_effect  \" ><div class=\"pt_plus_button btn69f4f47118f04 button-style-5   \"  ><div class=\"animted-content-inner \"><a href=\"https:\/\/poney-club-ste-eugenie.com\/ps\/wp-content\/uploads\/reglement-interieur-septembre-2025.pdf\" target=\"_blank\" class=\"button-link-wrap \" role=\"button\" data-hover=\"R\u00e8glement int\u00e9rieur\" >R\u00e8glement int\u00e9rieur<i class=\"btn-icon button-after fa fa-chevron-right\"><\/i><\/a><\/div><\/div><\/div><\/div><\/div>\t\t\t\t<\/div>\n\t\t\t\t<\/div>\n\t\t\t\t\t<\/div>\n\t\t\t\t<\/div>\n\t\t\t\t<\/div>\n\t\t","protected":false},"excerpt":{"rendered":"<p>\u00c9quitation adapt\u00e9e Un accompagnement bienveillant, personnalis\u00e9 et s\u00e9curis\u00e9, o\u00f9 le cheval devient un v\u00e9ritable partenaire d\u2019\u00e9volution. Demande d&#039;informations &#x1f5d3;&#xfe0f; S\u00e9ances ou s\u00e9jours adapt\u00e9s \u27a4 S\u00e9ances r\u00e9guli\u00e8res \u00e0 l\u2019ann\u00e9e Pour un accompagnement construit dans la dur\u00e9e, avec objectifs personnalis\u00e9s. \u27a4 S\u00e9jours adapt\u00e9s avec h\u00e9bergement Gr\u00e2ce aux g\u00eetes du domaine, accessibles, confortables et situ\u00e9s en pleine nature, [&hellip;]<\/p>\n","protected":false},"author":1,"featured_media":0,"parent":0,"menu_order":0,"comment_status":"closed","ping_status":"closed","template":"","meta":{"footnotes":""},"class_list":["post-939","page","type-page","status-publish","hentry","entry","owp-thumbs-layout-horizontal","owp-btn-normal","owp-tabs-layout-horizontal","has-no-thumbnails","has-product-nav"],"yoast_head":"<!-- This site is optimized with the Yoast SEO plugin v27.5 - https:\/\/yoast.com\/product\/yoast-seo-wordpress\/ -->\n<title>Equitation adapt\u00e9e - Poney Club de Sainte Eug\u00e9nie<\/title>\n<meta name=\"robots\" content=\"noindex, follow, max-snippet:-1, max-image-preview:large, max-video-preview:-1\" \/>\n<meta property=\"og:locale\" content=\"fr_FR\" \/>\n<meta property=\"og:type\" content=\"article\" \/>\n<meta property=\"og:title\" content=\"Equitation adapt\u00e9e - Poney Club de Sainte Eug\u00e9nie\" \/>\n<meta property=\"og:description\" content=\"\u00c9quitation adapt\u00e9e Un accompagnement bienveillant, personnalis\u00e9 et s\u00e9curis\u00e9, o\u00f9 le cheval devient un v\u00e9ritable partenaire d\u2019\u00e9volution. Demande d&#039;informations &#x1f5d3;&#xfe0f; S\u00e9ances ou s\u00e9jours adapt\u00e9s \u27a4 S\u00e9ances r\u00e9guli\u00e8res \u00e0 l\u2019ann\u00e9e Pour un accompagnement construit dans la dur\u00e9e, avec objectifs personnalis\u00e9s. \u27a4 S\u00e9jours adapt\u00e9s avec h\u00e9bergement Gr\u00e2ce aux g\u00eetes du domaine, accessibles, confortables et situ\u00e9s en pleine nature, [&hellip;]\" \/>\n<meta property=\"og:url\" content=\"https:\/\/poney-club-ste-eugenie.com\/ps\/equitation-adaptee\/\" \/>\n<meta property=\"og:site_name\" content=\"Poney Club de Sainte Eug\u00e9nie\" \/>\n<meta property=\"article:publisher\" content=\"https:\/\/www.facebook.com\/poneyclubsteeugenie\" \/>\n<meta property=\"article:modified_time\" content=\"2026-02-17T10:15:39+00:00\" \/>\n<meta property=\"og:image\" content=\"https:\/\/poney-club-ste-eugenie.com\/ps\/wp-content\/uploads\/handicap.jpg\" \/>\n\t<meta property=\"og:image:width\" content=\"1080\" \/>\n\t<meta property=\"og:image:height\" content=\"1350\" \/>\n\t<meta property=\"og:image:type\" content=\"image\/jpeg\" \/>\n<meta name=\"twitter:card\" content=\"summary_large_image\" \/>\n<meta name=\"twitter:label1\" content=\"Dur\u00e9e de lecture estim\u00e9e\" \/>\n\t<meta name=\"twitter:data1\" content=\"2 minutes\" \/>\n<script type=\"application\/ld+json\" class=\"yoast-schema-graph\">{\"@context\":\"https:\\\/\\\/schema.org\",\"@graph\":[{\"@type\":\"WebPage\",\"@id\":\"https:\\\/\\\/poney-club-ste-eugenie.com\\\/ps\\\/equitation-adaptee\\\/\",\"url\":\"https:\\\/\\\/poney-club-ste-eugenie.com\\\/ps\\\/equitation-adaptee\\\/\",\"name\":\"Equitation adapt\u00e9e - Poney Club de Sainte Eug\u00e9nie\",\"isPartOf\":{\"@id\":\"https:\\\/\\\/poney-club-ste-eugenie.com\\\/ps\\\/#website\"},\"primaryImageOfPage\":{\"@id\":\"https:\\\/\\\/poney-club-ste-eugenie.com\\\/ps\\\/equitation-adaptee\\\/#primaryimage\"},\"image\":{\"@id\":\"https:\\\/\\\/poney-club-ste-eugenie.com\\\/ps\\\/equitation-adaptee\\\/#primaryimage\"},\"thumbnailUrl\":\"https:\\\/\\\/poney-club-ste-eugenie.com\\\/ps\\\/wp-content\\\/uploads\\\/handicap.jpg\",\"datePublished\":\"2014-04-16T16:43:07+00:00\",\"dateModified\":\"2026-02-17T10:15:39+00:00\",\"breadcrumb\":{\"@id\":\"https:\\\/\\\/poney-club-ste-eugenie.com\\\/ps\\\/equitation-adaptee\\\/#breadcrumb\"},\"inLanguage\":\"fr-FR\",\"potentialAction\":[{\"@type\":\"ReadAction\",\"target\":[\"https:\\\/\\\/poney-club-ste-eugenie.com\\\/ps\\\/equitation-adaptee\\\/\"]}]},{\"@type\":\"ImageObject\",\"inLanguage\":\"fr-FR\",\"@id\":\"https:\\\/\\\/poney-club-ste-eugenie.com\\\/ps\\\/equitation-adaptee\\\/#primaryimage\",\"url\":\"https:\\\/\\\/poney-club-ste-eugenie.com\\\/ps\\\/wp-content\\\/uploads\\\/handicap.jpg\",\"contentUrl\":\"https:\\\/\\\/poney-club-ste-eugenie.com\\\/ps\\\/wp-content\\\/uploads\\\/handicap.jpg\",\"width\":1080,\"height\":1350,\"caption\":\"handicap domaine sainte eug\u00e9nie\"},{\"@type\":\"BreadcrumbList\",\"@id\":\"https:\\\/\\\/poney-club-ste-eugenie.com\\\/ps\\\/equitation-adaptee\\\/#breadcrumb\",\"itemListElement\":[{\"@type\":\"ListItem\",\"position\":1,\"name\":\"Accueil\",\"item\":\"https:\\\/\\\/poney-club-ste-eugenie.com\\\/ps\\\/\"},{\"@type\":\"ListItem\",\"position\":2,\"name\":\"Equitation adapt\u00e9e\"}]},{\"@type\":\"WebSite\",\"@id\":\"https:\\\/\\\/poney-club-ste-eugenie.com\\\/ps\\\/#website\",\"url\":\"https:\\\/\\\/poney-club-ste-eugenie.com\\\/ps\\\/\",\"name\":\"Poney Club de Sainte Eug\u00e9nie\",\"description\":\"Monter \u00e0 cheval ou \u00e0 poney dans l&#039;Orne\",\"publisher\":{\"@id\":\"https:\\\/\\\/poney-club-ste-eugenie.com\\\/ps\\\/#organization\"},\"potentialAction\":[{\"@type\":\"SearchAction\",\"target\":{\"@type\":\"EntryPoint\",\"urlTemplate\":\"https:\\\/\\\/poney-club-ste-eugenie.com\\\/ps\\\/?s={search_term_string}\"},\"query-input\":{\"@type\":\"PropertyValueSpecification\",\"valueRequired\":true,\"valueName\":\"search_term_string\"}}],\"inLanguage\":\"fr-FR\"},{\"@type\":\"Organization\",\"@id\":\"https:\\\/\\\/poney-club-ste-eugenie.com\\\/ps\\\/#organization\",\"name\":\"Poney Club de Sainte Eug\u00e9nie\",\"url\":\"https:\\\/\\\/poney-club-ste-eugenie.com\\\/ps\\\/\",\"logo\":{\"@type\":\"ImageObject\",\"inLanguage\":\"fr-FR\",\"@id\":\"https:\\\/\\\/poney-club-ste-eugenie.com\\\/ps\\\/#\\\/schema\\\/logo\\\/image\\\/\",\"url\":\"http:\\\/\\\/test.poney-club-ste-eugenie.com\\\/wp-content\\\/uploads\\\/2016\\\/02\\\/cropped-officiel-ne-pas-effacer-logobigponey.png\",\"contentUrl\":\"http:\\\/\\\/test.poney-club-ste-eugenie.com\\\/wp-content\\\/uploads\\\/2016\\\/02\\\/cropped-officiel-ne-pas-effacer-logobigponey.png\",\"width\":512,\"height\":512,\"caption\":\"Poney Club de Sainte Eug\u00e9nie\"},\"image\":{\"@id\":\"https:\\\/\\\/poney-club-ste-eugenie.com\\\/ps\\\/#\\\/schema\\\/logo\\\/image\\\/\"},\"sameAs\":[\"https:\\\/\\\/www.facebook.com\\\/poneyclubsteeugenie\"]}]}<\/script>\n<!-- \/ Yoast SEO plugin. -->","yoast_head_json":{"title":"Equitation adapt\u00e9e - Poney Club de Sainte Eug\u00e9nie","robots":{"index":"noindex","follow":"follow","max-snippet":"max-snippet:-1","max-image-preview":"max-image-preview:large","max-video-preview":"max-video-preview:-1"},"og_locale":"fr_FR","og_type":"article","og_title":"Equitation adapt\u00e9e - Poney Club de Sainte Eug\u00e9nie","og_description":"\u00c9quitation adapt\u00e9e Un accompagnement bienveillant, personnalis\u00e9 et s\u00e9curis\u00e9, o\u00f9 le cheval devient un v\u00e9ritable partenaire d\u2019\u00e9volution. Demande d&#039;informations &#x1f5d3;&#xfe0f; S\u00e9ances ou s\u00e9jours adapt\u00e9s \u27a4 S\u00e9ances r\u00e9guli\u00e8res \u00e0 l\u2019ann\u00e9e Pour un accompagnement construit dans la dur\u00e9e, avec objectifs personnalis\u00e9s. \u27a4 S\u00e9jours adapt\u00e9s avec h\u00e9bergement Gr\u00e2ce aux g\u00eetes du domaine, accessibles, confortables et situ\u00e9s en pleine nature, [&hellip;]","og_url":"https:\/\/poney-club-ste-eugenie.com\/ps\/equitation-adaptee\/","og_site_name":"Poney Club de Sainte Eug\u00e9nie","article_publisher":"https:\/\/www.facebook.com\/poneyclubsteeugenie","article_modified_time":"2026-02-17T10:15:39+00:00","og_image":[{"width":1080,"height":1350,"url":"https:\/\/poney-club-ste-eugenie.com\/ps\/wp-content\/uploads\/handicap.jpg","type":"image\/jpeg"}],"twitter_card":"summary_large_image","twitter_misc":{"Dur\u00e9e de lecture estim\u00e9e":"2 minutes"},"schema":{"@context":"https:\/\/schema.org","@graph":[{"@type":"WebPage","@id":"https:\/\/poney-club-ste-eugenie.com\/ps\/equitation-adaptee\/","url":"https:\/\/poney-club-ste-eugenie.com\/ps\/equitation-adaptee\/","name":"Equitation adapt\u00e9e - Poney Club de Sainte Eug\u00e9nie","isPartOf":{"@id":"https:\/\/poney-club-ste-eugenie.com\/ps\/#website"},"primaryImageOfPage":{"@id":"https:\/\/poney-club-ste-eugenie.com\/ps\/equitation-adaptee\/#primaryimage"},"image":{"@id":"https:\/\/poney-club-ste-eugenie.com\/ps\/equitation-adaptee\/#primaryimage"},"thumbnailUrl":"https:\/\/poney-club-ste-eugenie.com\/ps\/wp-content\/uploads\/handicap.jpg","datePublished":"2014-04-16T16:43:07+00:00","dateModified":"2026-02-17T10:15:39+00:00","breadcrumb":{"@id":"https:\/\/poney-club-ste-eugenie.com\/ps\/equitation-adaptee\/#breadcrumb"},"inLanguage":"fr-FR","potentialAction":[{"@type":"ReadAction","target":["https:\/\/poney-club-ste-eugenie.com\/ps\/equitation-adaptee\/"]}]},{"@type":"ImageObject","inLanguage":"fr-FR","@id":"https:\/\/poney-club-ste-eugenie.com\/ps\/equitation-adaptee\/#primaryimage","url":"https:\/\/poney-club-ste-eugenie.com\/ps\/wp-content\/uploads\/handicap.jpg","contentUrl":"https:\/\/poney-club-ste-eugenie.com\/ps\/wp-content\/uploads\/handicap.jpg","width":1080,"height":1350,"caption":"handicap domaine sainte eug\u00e9nie"},{"@type":"BreadcrumbList","@id":"https:\/\/poney-club-ste-eugenie.com\/ps\/equitation-adaptee\/#breadcrumb","itemListElement":[{"@type":"ListItem","position":1,"name":"Accueil","item":"https:\/\/poney-club-ste-eugenie.com\/ps\/"},{"@type":"ListItem","position":2,"name":"Equitation adapt\u00e9e"}]},{"@type":"WebSite","@id":"https:\/\/poney-club-ste-eugenie.com\/ps\/#website","url":"https:\/\/poney-club-ste-eugenie.com\/ps\/","name":"Poney Club de Sainte Eug\u00e9nie","description":"Monter \u00e0 cheval ou \u00e0 poney dans l&#039;Orne","publisher":{"@id":"https:\/\/poney-club-ste-eugenie.com\/ps\/#organization"},"potentialAction":[{"@type":"SearchAction","target":{"@type":"EntryPoint","urlTemplate":"https:\/\/poney-club-ste-eugenie.com\/ps\/?s={search_term_string}"},"query-input":{"@type":"PropertyValueSpecification","valueRequired":true,"valueName":"search_term_string"}}],"inLanguage":"fr-FR"},{"@type":"Organization","@id":"https:\/\/poney-club-ste-eugenie.com\/ps\/#organization","name":"Poney Club de Sainte Eug\u00e9nie","url":"https:\/\/poney-club-ste-eugenie.com\/ps\/","logo":{"@type":"ImageObject","inLanguage":"fr-FR","@id":"https:\/\/poney-club-ste-eugenie.com\/ps\/#\/schema\/logo\/image\/","url":"http:\/\/test.poney-club-ste-eugenie.com\/wp-content\/uploads\/2016\/02\/cropped-officiel-ne-pas-effacer-logobigponey.png","contentUrl":"http:\/\/test.poney-club-ste-eugenie.com\/wp-content\/uploads\/2016\/02\/cropped-officiel-ne-pas-effacer-logobigponey.png","width":512,"height":512,"caption":"Poney Club de Sainte Eug\u00e9nie"},"image":{"@id":"https:\/\/poney-club-ste-eugenie.com\/ps\/#\/schema\/logo\/image\/"},"sameAs":["https:\/\/www.facebook.com\/poneyclubsteeugenie"]}]}},"_links":{"self":[{"href":"https:\/\/poney-club-ste-eugenie.com\/ps\/wp-json\/wp\/v2\/pages\/939","targetHints":{"allow":["GET"]}}],"collection":[{"href":"https:\/\/poney-club-ste-eugenie.com\/ps\/wp-json\/wp\/v2\/pages"}],"about":[{"href":"https:\/\/poney-club-ste-eugenie.com\/ps\/wp-json\/wp\/v2\/types\/page"}],"author":[{"embeddable":true,"href":"https:\/\/poney-club-ste-eugenie.com\/ps\/wp-json\/wp\/v2\/users\/1"}],"replies":[{"embeddable":true,"href":"https:\/\/poney-club-ste-eugenie.com\/ps\/wp-json\/wp\/v2\/comments?post=939"}],"version-history":[{"count":19,"href":"https:\/\/poney-club-ste-eugenie.com\/ps\/wp-json\/wp\/v2\/pages\/939\/revisions"}],"predecessor-version":[{"id":24681,"href":"https:\/\/poney-club-ste-eugenie.com\/ps\/wp-json\/wp\/v2\/pages\/939\/revisions\/24681"}],"wp:attachment":[{"href":"https:\/\/poney-club-ste-eugenie.com\/ps\/wp-json\/wp\/v2\/media?parent=939"}],"curies":[{"name":"wp","href":"https:\/\/api.w.org\/{rel}","templated":true}]}}