{"id":968,"date":"2014-04-16T20:23:31","date_gmt":"2014-04-16T19:23:31","guid":{"rendered":"http:\/\/www.poney-club-ste-eugenie.com\/?page_id=968"},"modified":"2019-11-04T19:05:06","modified_gmt":"2019-11-04T18:05:06","slug":"stage-avec-hebergement","status":"publish","type":"page","link":"https:\/\/poney-club-ste-eugenie.com\/ps\/stage-avec-hebergement\/","title":{"rendered":"Stage avec h\u00e9bergement"},"content":{"rendered":"<h3>Le stage avec h\u00e9bergement est du dimanche au samedi.<\/h3>\n<p><strong>Vivre non stop \u00e0 c\u00f4t\u00e9 et avec les chevaux,<\/strong><\/p>\n<p><strong>partager avec ses copains et copines tous les moments de la journ\u00e9e !<\/strong><\/p>\n<div id='gallery-1' class='gallery galleryid-968 gallery-columns-3 gallery-size-medium'><figure class='gallery-item'>\n\t\t\t<div class='gallery-icon portrait'>\n\t\t\t\t<a title=\"couloir chambres\"  href='https:\/\/poney-club-ste-eugenie.com\/ps\/wp-content\/uploads\/2016\/01\/couloir-chambres.jpg'><img fetchpriority=\"high\" decoding=\"async\" width=\"200\" height=\"300\" src=\"https:\/\/poney-club-ste-eugenie.com\/ps\/wp-content\/uploads\/2016\/01\/couloir-chambres-200x300.jpg\" class=\"attachment-medium size-medium\" alt=\"couloir chambres\" aria-describedby=\"gallery-1-1422\" srcset=\"https:\/\/poney-club-ste-eugenie.com\/ps\/wp-content\/uploads\/2016\/01\/couloir-chambres-200x300.jpg 200w, https:\/\/poney-club-ste-eugenie.com\/ps\/wp-content\/uploads\/2016\/01\/couloir-chambres-570x856.jpg 570w, https:\/\/poney-club-ste-eugenie.com\/ps\/wp-content\/uploads\/2016\/01\/couloir-chambres-768x1154.jpg 768w, https:\/\/poney-club-ste-eugenie.com\/ps\/wp-content\/uploads\/2016\/01\/couloir-chambres-682x1024.jpg 682w, https:\/\/poney-club-ste-eugenie.com\/ps\/wp-content\/uploads\/2016\/01\/couloir-chambres.jpg 828w\" sizes=\"(max-width: 200px) 100vw, 200px\" \/><\/a>\n\t\t\t<\/div>\n\t\t\t\t<figcaption class='wp-caption-text gallery-caption' id='gallery-1-1422'>\n\t\t\t\tCouloir des chambres\n\t\t\t\t<\/figcaption><\/figure><figure class='gallery-item'>\n\t\t\t<div class='gallery-icon portrait'>\n\t\t\t\t<a title=\"DSC_3725\"  href='https:\/\/poney-club-ste-eugenie.com\/ps\/wp-content\/uploads\/2016\/02\/DSC_3725-scaled.jpg'><img decoding=\"async\" width=\"200\" height=\"300\" src=\"https:\/\/poney-club-ste-eugenie.com\/ps\/wp-content\/uploads\/2016\/02\/DSC_3725-200x300.jpg\" class=\"attachment-medium size-medium\" alt=\"\" aria-describedby=\"gallery-1-1537\" srcset=\"https:\/\/poney-club-ste-eugenie.com\/ps\/wp-content\/uploads\/2016\/02\/DSC_3725-200x300.jpg 200w, https:\/\/poney-club-ste-eugenie.com\/ps\/wp-content\/uploads\/2016\/02\/DSC_3725-570x854.jpg 570w, https:\/\/poney-club-ste-eugenie.com\/ps\/wp-content\/uploads\/2016\/02\/DSC_3725-768x1150.jpg 768w, https:\/\/poney-club-ste-eugenie.com\/ps\/wp-content\/uploads\/2016\/02\/DSC_3725-684x1024.jpg 684w, https:\/\/poney-club-ste-eugenie.com\/ps\/wp-content\/uploads\/2016\/02\/DSC_3725-scaled.jpg 1709w\" sizes=\"(max-width: 200px) 100vw, 200px\" \/><\/a>\n\t\t\t<\/div>\n\t\t\t\t<figcaption class='wp-caption-text gallery-caption' id='gallery-1-1537'>\n\t\t\t\tS\u00e9ances des petits\n\t\t\t\t<\/figcaption><\/figure><figure class='gallery-item'>\n\t\t\t<div class='gallery-icon portrait'>\n\t\t\t\t<a title=\"Stages \u00e0 la journ\u00e9e\"  href='https:\/\/poney-club-ste-eugenie.com\/ps\/wp-content\/uploads\/2016\/01\/DSC_3718-scaled.jpg'><img decoding=\"async\" width=\"200\" height=\"300\" src=\"https:\/\/poney-club-ste-eugenie.com\/ps\/wp-content\/uploads\/2016\/01\/DSC_3718-200x300.jpg\" class=\"attachment-medium size-medium\" alt=\"\" srcset=\"https:\/\/poney-club-ste-eugenie.com\/ps\/wp-content\/uploads\/2016\/01\/DSC_3718-200x300.jpg 200w, https:\/\/poney-club-ste-eugenie.com\/ps\/wp-content\/uploads\/2016\/01\/DSC_3718-570x854.jpg 570w, https:\/\/poney-club-ste-eugenie.com\/ps\/wp-content\/uploads\/2016\/01\/DSC_3718-768x1150.jpg 768w, https:\/\/poney-club-ste-eugenie.com\/ps\/wp-content\/uploads\/2016\/01\/DSC_3718-684x1024.jpg 684w, https:\/\/poney-club-ste-eugenie.com\/ps\/wp-content\/uploads\/2016\/01\/DSC_3718-scaled.jpg 1709w\" sizes=\"(max-width: 200px) 100vw, 200px\" \/><\/a>\n\t\t\t<\/div><\/figure><figure class='gallery-item'>\n\t\t\t<div class='gallery-icon landscape'>\n\t\t\t\t<a title=\"DSC_3860\"  href='https:\/\/poney-club-ste-eugenie.com\/ps\/wp-content\/uploads\/2016\/01\/DSC_3860.jpg'><img loading=\"lazy\" decoding=\"async\" width=\"300\" height=\"200\" src=\"https:\/\/poney-club-ste-eugenie.com\/ps\/wp-content\/uploads\/2016\/01\/DSC_3860-300x200.jpg\" class=\"attachment-medium size-medium\" alt=\"\" aria-describedby=\"gallery-1-1519\" srcset=\"https:\/\/poney-club-ste-eugenie.com\/ps\/wp-content\/uploads\/2016\/01\/DSC_3860-300x200.jpg 300w, https:\/\/poney-club-ste-eugenie.com\/ps\/wp-content\/uploads\/2016\/01\/DSC_3860-570x380.jpg 570w, https:\/\/poney-club-ste-eugenie.com\/ps\/wp-content\/uploads\/2016\/01\/DSC_3860-768x513.jpg 768w, https:\/\/poney-club-ste-eugenie.com\/ps\/wp-content\/uploads\/2016\/01\/DSC_3860-1024x684.jpg 1024w, https:\/\/poney-club-ste-eugenie.com\/ps\/wp-content\/uploads\/2016\/01\/DSC_3860.jpg 2000w\" sizes=\"(max-width: 300px) 100vw, 300px\" \/><\/a>\n\t\t\t<\/div>\n\t\t\t\t<figcaption class='wp-caption-text gallery-caption' id='gallery-1-1519'>\n\t\t\t\tMyrtille\n\t\t\t\t<\/figcaption><\/figure><figure class='gallery-item'>\n\t\t\t<div class='gallery-icon landscape'>\n\t\t\t\t<a title=\"s\u00e9ances ext\u00e9rieur\"  href='https:\/\/poney-club-ste-eugenie.com\/ps\/wp-content\/uploads\/2016\/01\/DSC_3839.jpg'><img loading=\"lazy\" decoding=\"async\" width=\"300\" height=\"200\" src=\"https:\/\/poney-club-ste-eugenie.com\/ps\/wp-content\/uploads\/2016\/01\/DSC_3839-300x200.jpg\" class=\"attachment-medium size-medium\" alt=\"\" aria-describedby=\"gallery-1-1517\" srcset=\"https:\/\/poney-club-ste-eugenie.com\/ps\/wp-content\/uploads\/2016\/01\/DSC_3839-300x200.jpg 300w, https:\/\/poney-club-ste-eugenie.com\/ps\/wp-content\/uploads\/2016\/01\/DSC_3839-570x380.jpg 570w, https:\/\/poney-club-ste-eugenie.com\/ps\/wp-content\/uploads\/2016\/01\/DSC_3839-768x513.jpg 768w, https:\/\/poney-club-ste-eugenie.com\/ps\/wp-content\/uploads\/2016\/01\/DSC_3839-1024x684.jpg 1024w, https:\/\/poney-club-ste-eugenie.com\/ps\/wp-content\/uploads\/2016\/01\/DSC_3839.jpg 2000w\" sizes=\"(max-width: 300px) 100vw, 300px\" \/><\/a>\n\t\t\t<\/div>\n\t\t\t\t<figcaption class='wp-caption-text gallery-caption' id='gallery-1-1517'>\n\t\t\t\tS\u00e9ances en ext\u00e9rieur\n\t\t\t\t<\/figcaption><\/figure><figure class='gallery-item'>\n\t\t\t<div class='gallery-icon landscape'>\n\t\t\t\t<a title=\"DSC_3853\"  href='https:\/\/poney-club-ste-eugenie.com\/ps\/wp-content\/uploads\/2016\/01\/DSC_3853.jpg'><img loading=\"lazy\" decoding=\"async\" width=\"300\" height=\"200\" src=\"https:\/\/poney-club-ste-eugenie.com\/ps\/wp-content\/uploads\/2016\/01\/DSC_3853-300x200.jpg\" class=\"attachment-medium size-medium\" alt=\"\" aria-describedby=\"gallery-1-1518\" srcset=\"https:\/\/poney-club-ste-eugenie.com\/ps\/wp-content\/uploads\/2016\/01\/DSC_3853-300x200.jpg 300w, https:\/\/poney-club-ste-eugenie.com\/ps\/wp-content\/uploads\/2016\/01\/DSC_3853-570x380.jpg 570w, https:\/\/poney-club-ste-eugenie.com\/ps\/wp-content\/uploads\/2016\/01\/DSC_3853-768x513.jpg 768w, https:\/\/poney-club-ste-eugenie.com\/ps\/wp-content\/uploads\/2016\/01\/DSC_3853-1024x684.jpg 1024w, https:\/\/poney-club-ste-eugenie.com\/ps\/wp-content\/uploads\/2016\/01\/DSC_3853.jpg 2000w\" sizes=\"(max-width: 300px) 100vw, 300px\" \/><\/a>\n\t\t\t<\/div>\n\t\t\t\t<figcaption class='wp-caption-text gallery-caption' id='gallery-1-1518'>\n\t\t\t\tReprise\n\t\t\t\t<\/figcaption><\/figure><figure class='gallery-item'>\n\t\t\t<div class='gallery-icon landscape'>\n\t\t\t\t<a title=\"DSC_3190\"  href='https:\/\/poney-club-ste-eugenie.com\/ps\/wp-content\/uploads\/2016\/01\/DSC_3190.jpg'><img loading=\"lazy\" decoding=\"async\" width=\"300\" height=\"200\" src=\"https:\/\/poney-club-ste-eugenie.com\/ps\/wp-content\/uploads\/2016\/01\/DSC_3190-300x200.jpg\" class=\"attachment-medium size-medium\" alt=\"\" aria-describedby=\"gallery-1-1514\" srcset=\"https:\/\/poney-club-ste-eugenie.com\/ps\/wp-content\/uploads\/2016\/01\/DSC_3190-300x200.jpg 300w, https:\/\/poney-club-ste-eugenie.com\/ps\/wp-content\/uploads\/2016\/01\/DSC_3190-570x380.jpg 570w, https:\/\/poney-club-ste-eugenie.com\/ps\/wp-content\/uploads\/2016\/01\/DSC_3190-768x512.jpg 768w, https:\/\/poney-club-ste-eugenie.com\/ps\/wp-content\/uploads\/2016\/01\/DSC_3190-1024x683.jpg 1024w, https:\/\/poney-club-ste-eugenie.com\/ps\/wp-content\/uploads\/2016\/01\/DSC_3190.jpg 2000w\" sizes=\"(max-width: 300px) 100vw, 300px\" \/><\/a>\n\t\t\t<\/div>\n\t\t\t\t<figcaption class='wp-caption-text gallery-caption' id='gallery-1-1514'>\n\t\t\t\tD\u00e9tente\n\t\t\t\t<\/figcaption><\/figure><figure class='gallery-item'>\n\t\t\t<div class='gallery-icon landscape'>\n\t\t\t\t<a title=\"Stalles\"  href='https:\/\/poney-club-ste-eugenie.com\/ps\/wp-content\/uploads\/2016\/01\/DSC_3135.jpg'><img loading=\"lazy\" decoding=\"async\" width=\"300\" height=\"200\" src=\"https:\/\/poney-club-ste-eugenie.com\/ps\/wp-content\/uploads\/2016\/01\/DSC_3135-300x200.jpg\" class=\"attachment-medium size-medium\" alt=\"\" aria-describedby=\"gallery-1-1464\" srcset=\"https:\/\/poney-club-ste-eugenie.com\/ps\/wp-content\/uploads\/2016\/01\/DSC_3135-300x200.jpg 300w, https:\/\/poney-club-ste-eugenie.com\/ps\/wp-content\/uploads\/2016\/01\/DSC_3135-570x380.jpg 570w, https:\/\/poney-club-ste-eugenie.com\/ps\/wp-content\/uploads\/2016\/01\/DSC_3135-768x512.jpg 768w, https:\/\/poney-club-ste-eugenie.com\/ps\/wp-content\/uploads\/2016\/01\/DSC_3135-1024x683.jpg 1024w, https:\/\/poney-club-ste-eugenie.com\/ps\/wp-content\/uploads\/2016\/01\/DSC_3135.jpg 2000w\" sizes=\"(max-width: 300px) 100vw, 300px\" \/><\/a>\n\t\t\t<\/div>\n\t\t\t\t<figcaption class='wp-caption-text gallery-caption' id='gallery-1-1464'>\n\t\t\t\tPr\u00e9paration\n\t\t\t\t<\/figcaption><\/figure><figure class='gallery-item'>\n\t\t\t<div class='gallery-icon landscape'>\n\t\t\t\t<a title=\"Nettoyage des cuirs\"  href='https:\/\/poney-club-ste-eugenie.com\/ps\/wp-content\/uploads\/2015\/05\/avril-2015-038.jpg'><img loading=\"lazy\" decoding=\"async\" width=\"300\" height=\"200\" src=\"https:\/\/poney-club-ste-eugenie.com\/ps\/wp-content\/uploads\/2015\/05\/avril-2015-038-300x200.jpg\" class=\"attachment-medium size-medium\" alt=\"Accueil de groupes\" aria-describedby=\"gallery-1-1282\" srcset=\"https:\/\/poney-club-ste-eugenie.com\/ps\/wp-content\/uploads\/2015\/05\/avril-2015-038-300x200.jpg 300w, https:\/\/poney-club-ste-eugenie.com\/ps\/wp-content\/uploads\/2015\/05\/avril-2015-038-570x380.jpg 570w, https:\/\/poney-club-ste-eugenie.com\/ps\/wp-content\/uploads\/2015\/05\/avril-2015-038-768x512.jpg 768w, https:\/\/poney-club-ste-eugenie.com\/ps\/wp-content\/uploads\/2015\/05\/avril-2015-038-1024x683.jpg 1024w, https:\/\/poney-club-ste-eugenie.com\/ps\/wp-content\/uploads\/2015\/05\/avril-2015-038.jpg 1728w\" sizes=\"(max-width: 300px) 100vw, 300px\" \/><\/a>\n\t\t\t<\/div>\n\t\t\t\t<figcaption class='wp-caption-text gallery-caption' id='gallery-1-1282'>\n\t\t\t\tInspection du mat\u00e9riel\n\t\t\t\t<\/figcaption><\/figure>\n\t\t<\/div>\n\n<p>Nous prenons en charge la vie quotidienne et les activit\u00e9s.<\/p>\n<p>Les enfants sont encadr\u00e9s \u00e0 tous les moments de la journ\u00e9e y compris pendant les temps libres avant et apr\u00e8s les repas, les animatrices sont toujours pr\u00e9sentes.<\/p>\n<h2>Les activit\u00e9s \u00e9questres:<\/h2>\n<p>Le jour de l&rsquo;arriv\u00e9e: des groupes de niveau sont constitu\u00e9s, les poneys et les chevaux de pansage sont attribu\u00e9s pour la semaine.<\/p>\n<p>Les enfants montent chaque jour: 1h30 le matin et l&rsquo;apr\u00e8s-midi.<\/p>\n<p>L&rsquo;apprentissage des connaissances th\u00e9oriques et g\u00e9n\u00e9rales, l&rsquo;entretien du mat\u00e9riel et les soins aux animaux compl\u00e8tent la journ\u00e9e.<\/p>\n<h2>La vie quotidienne:<\/h2>\n<p>La vie au grand air, l&rsquo;exercice physique, la vie en collectivit\u00e9 &nbsp;n\u00e9cessitent de respecter des r\u00e8gles pour que la semaine soit r\u00e9ussie.<\/p>\n<p>Les animatrices veillent au horaires des repas, \u00e0 l\u2019app\u00e9tit des enfants, \u00e0 l&rsquo;hygi\u00e8ne et au rangement des chambres.<\/p>\n<p>Les enfants participent aux repas: mettre et desservir la table.<\/p>\n<p>Les veill\u00e9es quotidiennes terminent les journ\u00e9es.&nbsp;Elles sont pr\u00e9par\u00e9es, ont un int\u00e9r\u00eat p\u00e9dagogique et sont conviviales.<\/p>\n","protected":false},"excerpt":{"rendered":"<p>Le stage avec h\u00e9bergement est du dimanche au samedi. Vivre non stop \u00e0 c\u00f4t\u00e9 et avec les chevaux, partager avec ses copains et copines tous les moments de la journ\u00e9e ! Nous prenons en charge la vie quotidienne et les activit\u00e9s. Les enfants sont encadr\u00e9s \u00e0 tous les moments de la journ\u00e9e y compris pendant [&hellip;]<\/p>\n","protected":false},"author":1,"featured_media":0,"parent":0,"menu_order":0,"comment_status":"closed","ping_status":"closed","template":"","meta":{"footnotes":""},"class_list":["post-968","page","type-page","status-publish","hentry","entry","owp-thumbs-layout-horizontal","owp-btn-normal","owp-tabs-layout-horizontal","has-no-thumbnails","has-product-nav"],"yoast_head":"<!-- This site is optimized with the Yoast SEO plugin v27.5 - https:\/\/yoast.com\/product\/yoast-seo-wordpress\/ -->\n<title>Stage avec h\u00e9bergement - Poney Club de Sainte Eug\u00e9nie<\/title>\n<meta name=\"description\" content=\"Stage d&#039;\u00e9quitation \u00e0 la journ\u00e9e ou \u00e0 la semaine pour les enfants en p\u00e9riode de vacances scolaires.\" \/>\n<meta name=\"robots\" content=\"noindex, follow, max-snippet:-1, max-image-preview:large, max-video-preview:-1\" \/>\n<meta property=\"og:locale\" content=\"fr_FR\" \/>\n<meta property=\"og:type\" content=\"article\" \/>\n<meta property=\"og:title\" content=\"Stage avec h\u00e9bergement - Poney Club de Sainte Eug\u00e9nie\" \/>\n<meta property=\"og:description\" content=\"Stage d&#039;\u00e9quitation \u00e0 la journ\u00e9e ou \u00e0 la semaine pour les enfants en p\u00e9riode de vacances scolaires.\" \/>\n<meta property=\"og:url\" content=\"https:\/\/poney-club-ste-eugenie.com\/ps\/stage-avec-hebergement\/\" \/>\n<meta property=\"og:site_name\" content=\"Poney Club de Sainte Eug\u00e9nie\" \/>\n<meta property=\"article:publisher\" content=\"https:\/\/www.facebook.com\/poneyclubsteeugenie\" \/>\n<meta property=\"article:modified_time\" content=\"2019-11-04T18:05:06+00:00\" \/>\n<meta property=\"og:image\" content=\"https:\/\/poney-club-ste-eugenie.com\/ps\/wp-content\/uploads\/2016\/01\/couloir-chambres-200x300.jpg\" \/>\n<meta name=\"twitter:card\" content=\"summary_large_image\" \/>\n<meta name=\"twitter:label1\" content=\"Dur\u00e9e de lecture estim\u00e9e\" \/>\n\t<meta name=\"twitter:data1\" content=\"1 minute\" \/>\n<script type=\"application\/ld+json\" class=\"yoast-schema-graph\">{\"@context\":\"https:\\\/\\\/schema.org\",\"@graph\":[{\"@type\":\"WebPage\",\"@id\":\"https:\\\/\\\/poney-club-ste-eugenie.com\\\/ps\\\/stage-avec-hebergement\\\/\",\"url\":\"https:\\\/\\\/poney-club-ste-eugenie.com\\\/ps\\\/stage-avec-hebergement\\\/\",\"name\":\"Stage avec h\u00e9bergement - Poney Club de Sainte Eug\u00e9nie\",\"isPartOf\":{\"@id\":\"https:\\\/\\\/poney-club-ste-eugenie.com\\\/ps\\\/#website\"},\"datePublished\":\"2014-04-16T19:23:31+00:00\",\"dateModified\":\"2019-11-04T18:05:06+00:00\",\"description\":\"Stage d'\u00e9quitation \u00e0 la journ\u00e9e ou \u00e0 la semaine pour les enfants en p\u00e9riode de vacances scolaires.\",\"breadcrumb\":{\"@id\":\"https:\\\/\\\/poney-club-ste-eugenie.com\\\/ps\\\/stage-avec-hebergement\\\/#breadcrumb\"},\"inLanguage\":\"fr-FR\",\"potentialAction\":[{\"@type\":\"ReadAction\",\"target\":[\"https:\\\/\\\/poney-club-ste-eugenie.com\\\/ps\\\/stage-avec-hebergement\\\/\"]}]},{\"@type\":\"BreadcrumbList\",\"@id\":\"https:\\\/\\\/poney-club-ste-eugenie.com\\\/ps\\\/stage-avec-hebergement\\\/#breadcrumb\",\"itemListElement\":[{\"@type\":\"ListItem\",\"position\":1,\"name\":\"Accueil\",\"item\":\"https:\\\/\\\/poney-club-ste-eugenie.com\\\/ps\\\/\"},{\"@type\":\"ListItem\",\"position\":2,\"name\":\"Stage avec h\u00e9bergement\"}]},{\"@type\":\"WebSite\",\"@id\":\"https:\\\/\\\/poney-club-ste-eugenie.com\\\/ps\\\/#website\",\"url\":\"https:\\\/\\\/poney-club-ste-eugenie.com\\\/ps\\\/\",\"name\":\"Poney Club de Sainte Eug\u00e9nie\",\"description\":\"Monter \u00e0 cheval ou \u00e0 poney dans l&#039;Orne\",\"publisher\":{\"@id\":\"https:\\\/\\\/poney-club-ste-eugenie.com\\\/ps\\\/#organization\"},\"potentialAction\":[{\"@type\":\"SearchAction\",\"target\":{\"@type\":\"EntryPoint\",\"urlTemplate\":\"https:\\\/\\\/poney-club-ste-eugenie.com\\\/ps\\\/?s={search_term_string}\"},\"query-input\":{\"@type\":\"PropertyValueSpecification\",\"valueRequired\":true,\"valueName\":\"search_term_string\"}}],\"inLanguage\":\"fr-FR\"},{\"@type\":\"Organization\",\"@id\":\"https:\\\/\\\/poney-club-ste-eugenie.com\\\/ps\\\/#organization\",\"name\":\"Poney Club de Sainte Eug\u00e9nie\",\"url\":\"https:\\\/\\\/poney-club-ste-eugenie.com\\\/ps\\\/\",\"logo\":{\"@type\":\"ImageObject\",\"inLanguage\":\"fr-FR\",\"@id\":\"https:\\\/\\\/poney-club-ste-eugenie.com\\\/ps\\\/#\\\/schema\\\/logo\\\/image\\\/\",\"url\":\"http:\\\/\\\/test.poney-club-ste-eugenie.com\\\/wp-content\\\/uploads\\\/2016\\\/02\\\/cropped-officiel-ne-pas-effacer-logobigponey.png\",\"contentUrl\":\"http:\\\/\\\/test.poney-club-ste-eugenie.com\\\/wp-content\\\/uploads\\\/2016\\\/02\\\/cropped-officiel-ne-pas-effacer-logobigponey.png\",\"width\":512,\"height\":512,\"caption\":\"Poney Club de Sainte Eug\u00e9nie\"},\"image\":{\"@id\":\"https:\\\/\\\/poney-club-ste-eugenie.com\\\/ps\\\/#\\\/schema\\\/logo\\\/image\\\/\"},\"sameAs\":[\"https:\\\/\\\/www.facebook.com\\\/poneyclubsteeugenie\"]}]}<\/script>\n<!-- \/ Yoast SEO plugin. -->","yoast_head_json":{"title":"Stage avec h\u00e9bergement - Poney Club de Sainte Eug\u00e9nie","description":"Stage d'\u00e9quitation \u00e0 la journ\u00e9e ou \u00e0 la semaine pour les enfants en p\u00e9riode de vacances scolaires.","robots":{"index":"noindex","follow":"follow","max-snippet":"max-snippet:-1","max-image-preview":"max-image-preview:large","max-video-preview":"max-video-preview:-1"},"og_locale":"fr_FR","og_type":"article","og_title":"Stage avec h\u00e9bergement - Poney Club de Sainte Eug\u00e9nie","og_description":"Stage d'\u00e9quitation \u00e0 la journ\u00e9e ou \u00e0 la semaine pour les enfants en p\u00e9riode de vacances scolaires.","og_url":"https:\/\/poney-club-ste-eugenie.com\/ps\/stage-avec-hebergement\/","og_site_name":"Poney Club de Sainte Eug\u00e9nie","article_publisher":"https:\/\/www.facebook.com\/poneyclubsteeugenie","article_modified_time":"2019-11-04T18:05:06+00:00","og_image":[{"url":"https:\/\/poney-club-ste-eugenie.com\/ps\/wp-content\/uploads\/2016\/01\/couloir-chambres-200x300.jpg","type":"","width":"","height":""}],"twitter_card":"summary_large_image","twitter_misc":{"Dur\u00e9e de lecture estim\u00e9e":"1 minute"},"schema":{"@context":"https:\/\/schema.org","@graph":[{"@type":"WebPage","@id":"https:\/\/poney-club-ste-eugenie.com\/ps\/stage-avec-hebergement\/","url":"https:\/\/poney-club-ste-eugenie.com\/ps\/stage-avec-hebergement\/","name":"Stage avec h\u00e9bergement - Poney Club de Sainte Eug\u00e9nie","isPartOf":{"@id":"https:\/\/poney-club-ste-eugenie.com\/ps\/#website"},"datePublished":"2014-04-16T19:23:31+00:00","dateModified":"2019-11-04T18:05:06+00:00","description":"Stage d'\u00e9quitation \u00e0 la journ\u00e9e ou \u00e0 la semaine pour les enfants en p\u00e9riode de vacances scolaires.","breadcrumb":{"@id":"https:\/\/poney-club-ste-eugenie.com\/ps\/stage-avec-hebergement\/#breadcrumb"},"inLanguage":"fr-FR","potentialAction":[{"@type":"ReadAction","target":["https:\/\/poney-club-ste-eugenie.com\/ps\/stage-avec-hebergement\/"]}]},{"@type":"BreadcrumbList","@id":"https:\/\/poney-club-ste-eugenie.com\/ps\/stage-avec-hebergement\/#breadcrumb","itemListElement":[{"@type":"ListItem","position":1,"name":"Accueil","item":"https:\/\/poney-club-ste-eugenie.com\/ps\/"},{"@type":"ListItem","position":2,"name":"Stage avec h\u00e9bergement"}]},{"@type":"WebSite","@id":"https:\/\/poney-club-ste-eugenie.com\/ps\/#website","url":"https:\/\/poney-club-ste-eugenie.com\/ps\/","name":"Poney Club de Sainte Eug\u00e9nie","description":"Monter \u00e0 cheval ou \u00e0 poney dans l&#039;Orne","publisher":{"@id":"https:\/\/poney-club-ste-eugenie.com\/ps\/#organization"},"potentialAction":[{"@type":"SearchAction","target":{"@type":"EntryPoint","urlTemplate":"https:\/\/poney-club-ste-eugenie.com\/ps\/?s={search_term_string}"},"query-input":{"@type":"PropertyValueSpecification","valueRequired":true,"valueName":"search_term_string"}}],"inLanguage":"fr-FR"},{"@type":"Organization","@id":"https:\/\/poney-club-ste-eugenie.com\/ps\/#organization","name":"Poney Club de Sainte Eug\u00e9nie","url":"https:\/\/poney-club-ste-eugenie.com\/ps\/","logo":{"@type":"ImageObject","inLanguage":"fr-FR","@id":"https:\/\/poney-club-ste-eugenie.com\/ps\/#\/schema\/logo\/image\/","url":"http:\/\/test.poney-club-ste-eugenie.com\/wp-content\/uploads\/2016\/02\/cropped-officiel-ne-pas-effacer-logobigponey.png","contentUrl":"http:\/\/test.poney-club-ste-eugenie.com\/wp-content\/uploads\/2016\/02\/cropped-officiel-ne-pas-effacer-logobigponey.png","width":512,"height":512,"caption":"Poney Club de Sainte Eug\u00e9nie"},"image":{"@id":"https:\/\/poney-club-ste-eugenie.com\/ps\/#\/schema\/logo\/image\/"},"sameAs":["https:\/\/www.facebook.com\/poneyclubsteeugenie"]}]}},"_links":{"self":[{"href":"https:\/\/poney-club-ste-eugenie.com\/ps\/wp-json\/wp\/v2\/pages\/968","targetHints":{"allow":["GET"]}}],"collection":[{"href":"https:\/\/poney-club-ste-eugenie.com\/ps\/wp-json\/wp\/v2\/pages"}],"about":[{"href":"https:\/\/poney-club-ste-eugenie.com\/ps\/wp-json\/wp\/v2\/types\/page"}],"author":[{"embeddable":true,"href":"https:\/\/poney-club-ste-eugenie.com\/ps\/wp-json\/wp\/v2\/users\/1"}],"replies":[{"embeddable":true,"href":"https:\/\/poney-club-ste-eugenie.com\/ps\/wp-json\/wp\/v2\/comments?post=968"}],"version-history":[{"count":6,"href":"https:\/\/poney-club-ste-eugenie.com\/ps\/wp-json\/wp\/v2\/pages\/968\/revisions"}],"predecessor-version":[{"id":1718,"href":"https:\/\/poney-club-ste-eugenie.com\/ps\/wp-json\/wp\/v2\/pages\/968\/revisions\/1718"}],"wp:attachment":[{"href":"https:\/\/poney-club-ste-eugenie.com\/ps\/wp-json\/wp\/v2\/media?parent=968"}],"curies":[{"name":"wp","href":"https:\/\/api.w.org\/{rel}","templated":true}]}}