{"id":973,"date":"2014-04-16T20:26:36","date_gmt":"2014-04-16T19:26:36","guid":{"rendered":"http:\/\/www.poney-club-ste-eugenie.com\/?page_id=973"},"modified":"2026-02-27T09:41:56","modified_gmt":"2026-02-27T08:41:56","slug":"stages-a-la-journee-ou-demi-journee","status":"publish","type":"page","link":"https:\/\/poney-club-ste-eugenie.com\/ps\/stages-a-la-journee-ou-demi-journee\/","title":{"rendered":"Stages \u00e0 la journ\u00e9e ou demi-journ\u00e9e"},"content":{"rendered":"\t\t<div data-elementor-type=\"wp-page\" data-elementor-id=\"973\" class=\"elementor elementor-973\">\n\t\t\t\t<div class=\"elementor-element elementor-element-40d4922e e-con-full e-flex e-con e-parent\" data-id=\"40d4922e\" data-element_type=\"container\" data-e-type=\"container\" data-settings=\"{&quot;background_background&quot;:&quot;classic&quot;}\">\n\t\t<div class=\"elementor-element elementor-element-301a8693 e-con-full e-flex e-con e-child\" data-id=\"301a8693\" data-element_type=\"container\" data-e-type=\"container\">\n\t\t<div class=\"elementor-element elementor-element-5eb9a202 e-con-full e-flex e-con e-child\" data-id=\"5eb9a202\" data-element_type=\"container\" data-e-type=\"container\">\n\t\t\t\t<div class=\"elementor-element elementor-element-2c739a7 elementor-widget elementor-widget-heading\" data-id=\"2c739a7\" data-element_type=\"widget\" data-e-type=\"widget\" data-widget_type=\"heading.default\">\n\t\t\t\t\t<h1 class=\"elementor-heading-title elementor-size-default\">Stages \u00e0 la journ\u00e9e <br> ou demi-journ\u00e9e<\/h1>\t\t\t\t<\/div>\n\t\t\t\t<\/div>\n\t\t\t\t<div class=\"elementor-element elementor-element-49b2607c elementor-widget elementor-widget-text-editor\" data-id=\"49b2607c\" data-element_type=\"widget\" data-e-type=\"widget\" data-widget_type=\"text-editor.default\">\n\t\t\t\t\t\t\t\t\t<p>Apprendre, partager et s\u2019\u00e9panouir ensemble, au c\u0153ur du Domaine de Sainte Eug\u00e9nie.<\/p>\t\t\t\t\t\t\t\t<\/div>\n\t\t<div class=\"elementor-element elementor-element-5e9cb3df e-con-full e-flex e-con e-child\" data-id=\"5e9cb3df\" data-element_type=\"container\" data-e-type=\"container\">\n\t\t\t\t<div class=\"elementor-element elementor-element-59ca9989 elementor-widget elementor-widget-tp-button\" data-id=\"59ca9989\" data-element_type=\"widget\" data-e-type=\"widget\" data-widget_type=\"tp-button.default\">\n\t\t\t\t\t<div class=\"pt-plus-button-wrapper   text- \"><div class=\"button_parallax \"><div id=\"button69f411b96ff98\"  class=\" text- ts-button content_hover_effect  \" ><div class=\"pt_plus_button btn69f411b96ff97 button-style-5   \"  ><div class=\"animted-content-inner \"><a href=\"https:\/\/poney-club-ste-eugenie.com\/ps\/contact-2\/\" class=\"button-link-wrap \" role=\"button\" data-hover=\"R\u00e9server un s\u00e9ances\" >R\u00e9server un s\u00e9ances<i class=\"btn-icon button-after fa fa-chevron-right\"><\/i><\/a><\/div><\/div><\/div><\/div><\/div>\t\t\t\t<\/div>\n\t\t\t\t<\/div>\n\t\t\t\t<\/div>\n\t\t\t\t<\/div>\n\t\t<div class=\"elementor-element elementor-element-47908125 e-flex e-con-boxed e-con e-parent\" data-id=\"47908125\" data-element_type=\"container\" data-e-type=\"container\">\n\t\t\t\t\t<div class=\"e-con-inner\">\n\t\t<div class=\"elementor-element elementor-element-1209f17f e-con-full e-flex e-con e-child\" data-id=\"1209f17f\" data-element_type=\"container\" data-e-type=\"container\" data-settings=\"{&quot;background_background&quot;:&quot;classic&quot;}\">\n\t\t\t\t<div class=\"elementor-element elementor-element-8bf9e9c elementor-widget elementor-widget-heading\" data-id=\"8bf9e9c\" data-element_type=\"widget\" data-e-type=\"widget\" data-widget_type=\"heading.default\">\n\t\t\t\t\t<h2 class=\"elementor-heading-title elementor-size-default\">\ud83d\udc0e Stage journ\u00e9e \u2014 perfectionnement<\/h2>\t\t\t\t<\/div>\n\t\t\t\t<div class=\"elementor-element elementor-element-056243f elementor-widget elementor-widget-text-editor\" data-id=\"056243f\" data-element_type=\"widget\" data-e-type=\"widget\" data-widget_type=\"text-editor.default\">\n\t\t\t\t\t\t\t\t\t<p data-start=\"411\" data-end=\"657\">Le Domaine de Sainte Eug\u00e9nie accueille les enfants <strong data-start=\"460\" data-end=\"498\">du lundi au vendredi de 9h \u00e0 17h30<\/strong> pour des journ\u00e9es de stage compl\u00e8tes.<br data-start=\"536\" data-end=\"539\" \/>Ces stages sont destin\u00e9s \u00e0 <strong data-start=\"566\" data-end=\"609\">approfondir les connaissances g\u00e9n\u00e9rales<\/strong> et \u00e0 <strong data-start=\"615\" data-end=\"654\">perfectionner la technique \u00e0 cheval<\/strong>.<\/p>\n<p data-start=\"659\" data-end=\"726\">Les activit\u00e9s alternent entre <strong data-start=\"689\" data-end=\"722\">s\u00e9ances th\u00e9oriques et pratiques<\/strong> :<\/p>\n<p data-start=\"659\" data-end=\"726\">\u25b8\u00a0 Travail \u00e0 cheval et \u00e0 pied<\/p>\n<p data-start=\"760\" data-end=\"796\">\u25b8\u00a0 \u00c9tude du comportement et des soins<\/p>\n<p data-start=\"799\" data-end=\"856\">\u25b8\u00a0 Pr\u00e9paration et passage d\u2019un <strong data-start=\"827\" data-end=\"836\">galop<\/strong> en fin de semaine<\/p>\n<p data-start=\"858\" data-end=\"962\">Ces journ\u00e9es offrent une immersion totale dans la vie du Domaine, au contact direct des chevaux et poneys.<\/p>\t\t\t\t\t\t\t\t<\/div>\n\t\t\t\t<\/div>\n\t\t<div class=\"elementor-element elementor-element-4d2eff60 e-con-full e-flex e-con e-child\" data-id=\"4d2eff60\" data-element_type=\"container\" data-e-type=\"container\" data-settings=\"{&quot;background_background&quot;:&quot;classic&quot;}\">\n\t\t\t\t<div class=\"elementor-element elementor-element-1e8ea2c5 elementor-widget elementor-widget-heading\" data-id=\"1e8ea2c5\" data-element_type=\"widget\" data-e-type=\"widget\" data-widget_type=\"heading.default\">\n\t\t\t\t\t<h2 class=\"elementor-heading-title elementor-size-default\">\ud83c\udf3f Stage apr\u00e8s-midi \u2014 initiation ou loisir<\/h2>\t\t\t\t<\/div>\n\t\t\t\t<div class=\"elementor-element elementor-element-a584329 elementor-widget elementor-widget-text-editor\" data-id=\"a584329\" data-element_type=\"widget\" data-e-type=\"widget\" data-widget_type=\"text-editor.default\">\n\t\t\t\t\t\t\t\t\t<p data-start=\"1018\" data-end=\"1191\">Pour les enfants souhaitant d\u00e9couvrir l\u2019univers \u00e9questre en douceur, le Domaine propose des <strong data-start=\"1108\" data-end=\"1131\">stages d\u2019initiation<\/strong> en demi-journ\u00e9e, <strong data-start=\"1149\" data-end=\"1188\">du lundi au vendredi de 14h \u00e0 17h30<\/strong>.<\/p>\n<p data-start=\"1193\" data-end=\"1250\">Ces s\u00e9ances m\u00ealent <strong data-start=\"1212\" data-end=\"1235\">th\u00e9orie et pratique<\/strong>, autour de :<\/p>\n<p data-start=\"1253\" data-end=\"1302\">\u25b8\u00a0 La d\u00e9couverte de l\u2019animal et de son lieu de vie<\/p>\n<p data-start=\"1253\" data-end=\"1302\">\u25b8\u00a0 L\u2019apprentissage des soins et de l\u2019alimentation<\/p>\n<p data-start=\"1253\" data-end=\"1302\">\u25b8\u00a0 L\u2019initiation aux disciplines \u00e9questres<\/p>\n<p data-start=\"1398\" data-end=\"1496\">Une exp\u00e9rience ludique et \u00e9ducative, id\u00e9ale pour un <strong data-start=\"1450\" data-end=\"1493\">premier contact avec le monde du cheval<\/strong>.<\/p>\t\t\t\t\t\t\t\t<\/div>\n\t\t\t\t<\/div>\n\t\t\t\t\t<\/div>\n\t\t\t\t<\/div>\n\t\t<div class=\"elementor-element elementor-element-2ca804d0 e-flex e-con-boxed e-con e-parent\" data-id=\"2ca804d0\" data-element_type=\"container\" data-e-type=\"container\">\n\t\t\t\t\t<div class=\"e-con-inner\">\n\t\t\t\t<div class=\"elementor-element elementor-element-28d955a6 elementor-widget elementor-widget-image-carousel\" data-id=\"28d955a6\" data-element_type=\"widget\" data-e-type=\"widget\" data-settings=\"{&quot;slides_to_show&quot;:&quot;3&quot;,&quot;navigation&quot;:&quot;none&quot;,&quot;autoplay&quot;:&quot;yes&quot;,&quot;pause_on_hover&quot;:&quot;yes&quot;,&quot;pause_on_interaction&quot;:&quot;yes&quot;,&quot;autoplay_speed&quot;:5000,&quot;infinite&quot;:&quot;yes&quot;,&quot;speed&quot;:500}\" data-widget_type=\"image-carousel.default\">\n\t\t\t\t\t\t\t<div class=\"elementor-image-carousel-wrapper swiper\" role=\"region\" aria-roledescription=\"carousel\" aria-label=\"Carrousel d\u2019images\" dir=\"ltr\">\n\t\t\t<div class=\"elementor-image-carousel swiper-wrapper\" aria-live=\"off\">\n\t\t\t\t\t\t\t\t<div class=\"swiper-slide\" role=\"group\" aria-roledescription=\"slide\" aria-label=\"1 sur 3\"><figure class=\"swiper-slide-inner\"><img decoding=\"async\" class=\"swiper-slide-image\" src=\"https:\/\/poney-club-ste-eugenie.com\/ps\/wp-content\/uploads\/Capture-decran-2025-10-20-a-11.04.24-1.png\" alt=\"Capture d\u2019e\u0301cran 2025-10-20 a\u0300 11.04.24\" \/><\/figure><\/div><div class=\"swiper-slide\" role=\"group\" aria-roledescription=\"slide\" aria-label=\"2 sur 3\"><figure class=\"swiper-slide-inner\"><img decoding=\"async\" class=\"swiper-slide-image\" src=\"https:\/\/poney-club-ste-eugenie.com\/ps\/wp-content\/uploads\/Capture-decran-2025-10-20-a-11.05.36.png\" alt=\"Capture d\u2019e\u0301cran 2025-10-20 a\u0300 11.05.36\" \/><\/figure><\/div><div class=\"swiper-slide\" role=\"group\" aria-roledescription=\"slide\" aria-label=\"3 sur 3\"><figure class=\"swiper-slide-inner\"><img decoding=\"async\" class=\"swiper-slide-image\" src=\"https:\/\/poney-club-ste-eugenie.com\/ps\/wp-content\/uploads\/Capture-decran-2025-10-20-a-11.08.19.png\" alt=\"Capture d\u2019e\u0301cran 2025-10-20 a\u0300 11.08.19\" \/><\/figure><\/div>\t\t\t<\/div>\n\t\t\t\t\t\t\t\n\t\t\t\t\t\t\t\t\t<\/div>\n\t\t\t\t\t\t<\/div>\n\t\t\t\t\t<\/div>\n\t\t\t\t<\/div>\n\t\t<div class=\"elementor-element elementor-element-300a0eac e-flex e-con-boxed e-con e-parent\" data-id=\"300a0eac\" data-element_type=\"container\" data-e-type=\"container\">\n\t\t\t\t\t<div class=\"e-con-inner\">\n\t\t<div class=\"elementor-element elementor-element-69f8bd0 e-con-full e-flex e-con e-child\" data-id=\"69f8bd0\" data-element_type=\"container\" data-e-type=\"container\">\n\t\t\t\t<div class=\"elementor-element elementor-element-91b3b67 elementor-widget elementor-widget-tp-button\" data-id=\"91b3b67\" data-element_type=\"widget\" data-e-type=\"widget\" data-widget_type=\"tp-button.default\">\n\t\t\t\t\t<div class=\"pt-plus-button-wrapper   text-center \"><div class=\"button_parallax \"><div id=\"button69f411b9716bf\"  class=\" text-center ts-button content_hover_effect  \" ><div class=\"pt_plus_button btn69f411b9716be button-style-5   \"  ><div class=\"animted-content-inner \"><a href=\"https:\/\/poney-club-ste-eugenie.com\/ps\/wp-content\/uploads\/Bulletin-dinscription.pdf\" target=\"_blank\" class=\"button-link-wrap \" role=\"button\" data-hover=\"Bulletin d&#039;inscription\" >Bulletin d&#039;inscription<i class=\"btn-icon button-after fa fa-chevron-right\"><\/i><\/a><\/div><\/div><\/div><\/div><\/div>\t\t\t\t<\/div>\n\t\t\t\t<\/div>\n\t\t<div class=\"elementor-element elementor-element-6c61e89d e-con-full e-flex e-con e-child\" data-id=\"6c61e89d\" data-element_type=\"container\" data-e-type=\"container\">\n\t\t\t\t<\/div>\n\t\t<div class=\"elementor-element elementor-element-6d30d796 e-con-full e-flex e-con e-child\" data-id=\"6d30d796\" data-element_type=\"container\" data-e-type=\"container\">\n\t\t\t\t<div class=\"elementor-element elementor-element-65a695cb elementor-widget elementor-widget-tp-button\" data-id=\"65a695cb\" data-element_type=\"widget\" data-e-type=\"widget\" data-widget_type=\"tp-button.default\">\n\t\t\t\t\t<div class=\"pt-plus-button-wrapper   text-center \"><div class=\"button_parallax \"><div id=\"button69f411b971b40\"  class=\" text-center ts-button content_hover_effect  \" ><div class=\"pt_plus_button btn69f411b971b3f button-style-5   \"  ><div class=\"animted-content-inner \"><a href=\"https:\/\/poney-club-ste-eugenie.com\/ps\/wp-content\/uploads\/dates-des-stages-2025-2026.pdf\" target=\"_blank\" class=\"button-link-wrap \" role=\"button\" data-hover=\"Date des stages 2025-2026\" >Date des stages 2025-2026<i class=\"btn-icon button-after fa fa-chevron-right\"><\/i><\/a><\/div><\/div><\/div><\/div><\/div>\t\t\t\t<\/div>\n\t\t\t\t<\/div>\n\t\t\t\t\t<\/div>\n\t\t\t\t<\/div>\n\t\t\t\t<\/div>\n\t\t","protected":false},"excerpt":{"rendered":"<p>Stages \u00e0 la journ\u00e9e ou demi-journ\u00e9e Apprendre, partager et s\u2019\u00e9panouir ensemble, au c\u0153ur du Domaine de Sainte Eug\u00e9nie. R\u00e9server un s\u00e9ances &#x1f40e; Stage journ\u00e9e \u2014 perfectionnement Le Domaine de Sainte Eug\u00e9nie accueille les enfants du lundi au vendredi de 9h \u00e0 17h30 pour des journ\u00e9es de stage compl\u00e8tes.Ces stages sont destin\u00e9s \u00e0 approfondir les connaissances [&hellip;]<\/p>\n","protected":false},"author":1,"featured_media":0,"parent":0,"menu_order":0,"comment_status":"closed","ping_status":"closed","template":"","meta":{"footnotes":""},"class_list":["post-973","page","type-page","status-publish","hentry","entry","owp-thumbs-layout-horizontal","owp-btn-normal","owp-tabs-layout-horizontal","has-no-thumbnails","has-product-nav"],"yoast_head":"<!-- This site is optimized with the Yoast SEO plugin v27.5 - https:\/\/yoast.com\/product\/yoast-seo-wordpress\/ -->\n<title>Stages \u00e0 la journ\u00e9e ou demi-journ\u00e9e - Poney Club de Sainte Eug\u00e9nie<\/title>\n<meta name=\"robots\" content=\"noindex, follow, max-snippet:-1, max-image-preview:large, max-video-preview:-1\" \/>\n<meta property=\"og:locale\" content=\"fr_FR\" \/>\n<meta property=\"og:type\" content=\"article\" \/>\n<meta property=\"og:title\" content=\"Stages \u00e0 la journ\u00e9e ou demi-journ\u00e9e - Poney Club de Sainte Eug\u00e9nie\" \/>\n<meta property=\"og:description\" content=\"Stages \u00e0 la journ\u00e9e ou demi-journ\u00e9e Apprendre, partager et s\u2019\u00e9panouir ensemble, au c\u0153ur du Domaine de Sainte Eug\u00e9nie. R\u00e9server un s\u00e9ances &#x1f40e; Stage journ\u00e9e \u2014 perfectionnement Le Domaine de Sainte Eug\u00e9nie accueille les enfants du lundi au vendredi de 9h \u00e0 17h30 pour des journ\u00e9es de stage compl\u00e8tes.Ces stages sont destin\u00e9s \u00e0 approfondir les connaissances [&hellip;]\" \/>\n<meta property=\"og:url\" content=\"https:\/\/poney-club-ste-eugenie.com\/ps\/stages-a-la-journee-ou-demi-journee\/\" \/>\n<meta property=\"og:site_name\" content=\"Poney Club de Sainte Eug\u00e9nie\" \/>\n<meta property=\"article:publisher\" content=\"https:\/\/www.facebook.com\/poneyclubsteeugenie\" \/>\n<meta property=\"article:modified_time\" content=\"2026-02-27T08:41:56+00:00\" \/>\n<meta property=\"og:image\" content=\"https:\/\/poney-club-ste-eugenie.com\/ps\/wp-content\/uploads\/Capture-decran-2025-10-20-a-11.04.24-1.png\" \/>\n<meta name=\"twitter:card\" content=\"summary_large_image\" \/>\n<meta name=\"twitter:label1\" content=\"Dur\u00e9e de lecture estim\u00e9e\" \/>\n\t<meta name=\"twitter:data1\" content=\"4 minutes\" \/>\n<script type=\"application\/ld+json\" class=\"yoast-schema-graph\">{\"@context\":\"https:\\\/\\\/schema.org\",\"@graph\":[{\"@type\":\"WebPage\",\"@id\":\"https:\\\/\\\/poney-club-ste-eugenie.com\\\/ps\\\/stages-a-la-journee-ou-demi-journee\\\/\",\"url\":\"https:\\\/\\\/poney-club-ste-eugenie.com\\\/ps\\\/stages-a-la-journee-ou-demi-journee\\\/\",\"name\":\"Stages \u00e0 la journ\u00e9e ou demi-journ\u00e9e - Poney Club de Sainte Eug\u00e9nie\",\"isPartOf\":{\"@id\":\"https:\\\/\\\/poney-club-ste-eugenie.com\\\/ps\\\/#website\"},\"primaryImageOfPage\":{\"@id\":\"https:\\\/\\\/poney-club-ste-eugenie.com\\\/ps\\\/stages-a-la-journee-ou-demi-journee\\\/#primaryimage\"},\"image\":{\"@id\":\"https:\\\/\\\/poney-club-ste-eugenie.com\\\/ps\\\/stages-a-la-journee-ou-demi-journee\\\/#primaryimage\"},\"thumbnailUrl\":\"https:\\\/\\\/poney-club-ste-eugenie.com\\\/ps\\\/wp-content\\\/uploads\\\/Capture-decran-2025-10-20-a-11.04.24-1.png\",\"datePublished\":\"2014-04-16T19:26:36+00:00\",\"dateModified\":\"2026-02-27T08:41:56+00:00\",\"breadcrumb\":{\"@id\":\"https:\\\/\\\/poney-club-ste-eugenie.com\\\/ps\\\/stages-a-la-journee-ou-demi-journee\\\/#breadcrumb\"},\"inLanguage\":\"fr-FR\",\"potentialAction\":[{\"@type\":\"ReadAction\",\"target\":[\"https:\\\/\\\/poney-club-ste-eugenie.com\\\/ps\\\/stages-a-la-journee-ou-demi-journee\\\/\"]}]},{\"@type\":\"ImageObject\",\"inLanguage\":\"fr-FR\",\"@id\":\"https:\\\/\\\/poney-club-ste-eugenie.com\\\/ps\\\/stages-a-la-journee-ou-demi-journee\\\/#primaryimage\",\"url\":\"https:\\\/\\\/poney-club-ste-eugenie.com\\\/ps\\\/wp-content\\\/uploads\\\/Capture-decran-2025-10-20-a-11.04.24-1.png\",\"contentUrl\":\"https:\\\/\\\/poney-club-ste-eugenie.com\\\/ps\\\/wp-content\\\/uploads\\\/Capture-decran-2025-10-20-a-11.04.24-1.png\",\"width\":1440,\"height\":703},{\"@type\":\"BreadcrumbList\",\"@id\":\"https:\\\/\\\/poney-club-ste-eugenie.com\\\/ps\\\/stages-a-la-journee-ou-demi-journee\\\/#breadcrumb\",\"itemListElement\":[{\"@type\":\"ListItem\",\"position\":1,\"name\":\"Accueil\",\"item\":\"https:\\\/\\\/poney-club-ste-eugenie.com\\\/ps\\\/\"},{\"@type\":\"ListItem\",\"position\":2,\"name\":\"Stages \u00e0 la journ\u00e9e ou demi-journ\u00e9e\"}]},{\"@type\":\"WebSite\",\"@id\":\"https:\\\/\\\/poney-club-ste-eugenie.com\\\/ps\\\/#website\",\"url\":\"https:\\\/\\\/poney-club-ste-eugenie.com\\\/ps\\\/\",\"name\":\"Poney Club de Sainte Eug\u00e9nie\",\"description\":\"Monter \u00e0 cheval ou \u00e0 poney dans l&#039;Orne\",\"publisher\":{\"@id\":\"https:\\\/\\\/poney-club-ste-eugenie.com\\\/ps\\\/#organization\"},\"potentialAction\":[{\"@type\":\"SearchAction\",\"target\":{\"@type\":\"EntryPoint\",\"urlTemplate\":\"https:\\\/\\\/poney-club-ste-eugenie.com\\\/ps\\\/?s={search_term_string}\"},\"query-input\":{\"@type\":\"PropertyValueSpecification\",\"valueRequired\":true,\"valueName\":\"search_term_string\"}}],\"inLanguage\":\"fr-FR\"},{\"@type\":\"Organization\",\"@id\":\"https:\\\/\\\/poney-club-ste-eugenie.com\\\/ps\\\/#organization\",\"name\":\"Poney Club de Sainte Eug\u00e9nie\",\"url\":\"https:\\\/\\\/poney-club-ste-eugenie.com\\\/ps\\\/\",\"logo\":{\"@type\":\"ImageObject\",\"inLanguage\":\"fr-FR\",\"@id\":\"https:\\\/\\\/poney-club-ste-eugenie.com\\\/ps\\\/#\\\/schema\\\/logo\\\/image\\\/\",\"url\":\"http:\\\/\\\/test.poney-club-ste-eugenie.com\\\/wp-content\\\/uploads\\\/2016\\\/02\\\/cropped-officiel-ne-pas-effacer-logobigponey.png\",\"contentUrl\":\"http:\\\/\\\/test.poney-club-ste-eugenie.com\\\/wp-content\\\/uploads\\\/2016\\\/02\\\/cropped-officiel-ne-pas-effacer-logobigponey.png\",\"width\":512,\"height\":512,\"caption\":\"Poney Club de Sainte Eug\u00e9nie\"},\"image\":{\"@id\":\"https:\\\/\\\/poney-club-ste-eugenie.com\\\/ps\\\/#\\\/schema\\\/logo\\\/image\\\/\"},\"sameAs\":[\"https:\\\/\\\/www.facebook.com\\\/poneyclubsteeugenie\"]}]}<\/script>\n<!-- \/ Yoast SEO plugin. -->","yoast_head_json":{"title":"Stages \u00e0 la journ\u00e9e ou demi-journ\u00e9e - Poney Club de Sainte Eug\u00e9nie","robots":{"index":"noindex","follow":"follow","max-snippet":"max-snippet:-1","max-image-preview":"max-image-preview:large","max-video-preview":"max-video-preview:-1"},"og_locale":"fr_FR","og_type":"article","og_title":"Stages \u00e0 la journ\u00e9e ou demi-journ\u00e9e - Poney Club de Sainte Eug\u00e9nie","og_description":"Stages \u00e0 la journ\u00e9e ou demi-journ\u00e9e Apprendre, partager et s\u2019\u00e9panouir ensemble, au c\u0153ur du Domaine de Sainte Eug\u00e9nie. R\u00e9server un s\u00e9ances &#x1f40e; Stage journ\u00e9e \u2014 perfectionnement Le Domaine de Sainte Eug\u00e9nie accueille les enfants du lundi au vendredi de 9h \u00e0 17h30 pour des journ\u00e9es de stage compl\u00e8tes.Ces stages sont destin\u00e9s \u00e0 approfondir les connaissances [&hellip;]","og_url":"https:\/\/poney-club-ste-eugenie.com\/ps\/stages-a-la-journee-ou-demi-journee\/","og_site_name":"Poney Club de Sainte Eug\u00e9nie","article_publisher":"https:\/\/www.facebook.com\/poneyclubsteeugenie","article_modified_time":"2026-02-27T08:41:56+00:00","og_image":[{"url":"https:\/\/poney-club-ste-eugenie.com\/ps\/wp-content\/uploads\/Capture-decran-2025-10-20-a-11.04.24-1.png","type":"","width":"","height":""}],"twitter_card":"summary_large_image","twitter_misc":{"Dur\u00e9e de lecture estim\u00e9e":"4 minutes"},"schema":{"@context":"https:\/\/schema.org","@graph":[{"@type":"WebPage","@id":"https:\/\/poney-club-ste-eugenie.com\/ps\/stages-a-la-journee-ou-demi-journee\/","url":"https:\/\/poney-club-ste-eugenie.com\/ps\/stages-a-la-journee-ou-demi-journee\/","name":"Stages \u00e0 la journ\u00e9e ou demi-journ\u00e9e - Poney Club de Sainte Eug\u00e9nie","isPartOf":{"@id":"https:\/\/poney-club-ste-eugenie.com\/ps\/#website"},"primaryImageOfPage":{"@id":"https:\/\/poney-club-ste-eugenie.com\/ps\/stages-a-la-journee-ou-demi-journee\/#primaryimage"},"image":{"@id":"https:\/\/poney-club-ste-eugenie.com\/ps\/stages-a-la-journee-ou-demi-journee\/#primaryimage"},"thumbnailUrl":"https:\/\/poney-club-ste-eugenie.com\/ps\/wp-content\/uploads\/Capture-decran-2025-10-20-a-11.04.24-1.png","datePublished":"2014-04-16T19:26:36+00:00","dateModified":"2026-02-27T08:41:56+00:00","breadcrumb":{"@id":"https:\/\/poney-club-ste-eugenie.com\/ps\/stages-a-la-journee-ou-demi-journee\/#breadcrumb"},"inLanguage":"fr-FR","potentialAction":[{"@type":"ReadAction","target":["https:\/\/poney-club-ste-eugenie.com\/ps\/stages-a-la-journee-ou-demi-journee\/"]}]},{"@type":"ImageObject","inLanguage":"fr-FR","@id":"https:\/\/poney-club-ste-eugenie.com\/ps\/stages-a-la-journee-ou-demi-journee\/#primaryimage","url":"https:\/\/poney-club-ste-eugenie.com\/ps\/wp-content\/uploads\/Capture-decran-2025-10-20-a-11.04.24-1.png","contentUrl":"https:\/\/poney-club-ste-eugenie.com\/ps\/wp-content\/uploads\/Capture-decran-2025-10-20-a-11.04.24-1.png","width":1440,"height":703},{"@type":"BreadcrumbList","@id":"https:\/\/poney-club-ste-eugenie.com\/ps\/stages-a-la-journee-ou-demi-journee\/#breadcrumb","itemListElement":[{"@type":"ListItem","position":1,"name":"Accueil","item":"https:\/\/poney-club-ste-eugenie.com\/ps\/"},{"@type":"ListItem","position":2,"name":"Stages \u00e0 la journ\u00e9e ou demi-journ\u00e9e"}]},{"@type":"WebSite","@id":"https:\/\/poney-club-ste-eugenie.com\/ps\/#website","url":"https:\/\/poney-club-ste-eugenie.com\/ps\/","name":"Poney Club de Sainte Eug\u00e9nie","description":"Monter \u00e0 cheval ou \u00e0 poney dans l&#039;Orne","publisher":{"@id":"https:\/\/poney-club-ste-eugenie.com\/ps\/#organization"},"potentialAction":[{"@type":"SearchAction","target":{"@type":"EntryPoint","urlTemplate":"https:\/\/poney-club-ste-eugenie.com\/ps\/?s={search_term_string}"},"query-input":{"@type":"PropertyValueSpecification","valueRequired":true,"valueName":"search_term_string"}}],"inLanguage":"fr-FR"},{"@type":"Organization","@id":"https:\/\/poney-club-ste-eugenie.com\/ps\/#organization","name":"Poney Club de Sainte Eug\u00e9nie","url":"https:\/\/poney-club-ste-eugenie.com\/ps\/","logo":{"@type":"ImageObject","inLanguage":"fr-FR","@id":"https:\/\/poney-club-ste-eugenie.com\/ps\/#\/schema\/logo\/image\/","url":"http:\/\/test.poney-club-ste-eugenie.com\/wp-content\/uploads\/2016\/02\/cropped-officiel-ne-pas-effacer-logobigponey.png","contentUrl":"http:\/\/test.poney-club-ste-eugenie.com\/wp-content\/uploads\/2016\/02\/cropped-officiel-ne-pas-effacer-logobigponey.png","width":512,"height":512,"caption":"Poney Club de Sainte Eug\u00e9nie"},"image":{"@id":"https:\/\/poney-club-ste-eugenie.com\/ps\/#\/schema\/logo\/image\/"},"sameAs":["https:\/\/www.facebook.com\/poneyclubsteeugenie"]}]}},"_links":{"self":[{"href":"https:\/\/poney-club-ste-eugenie.com\/ps\/wp-json\/wp\/v2\/pages\/973","targetHints":{"allow":["GET"]}}],"collection":[{"href":"https:\/\/poney-club-ste-eugenie.com\/ps\/wp-json\/wp\/v2\/pages"}],"about":[{"href":"https:\/\/poney-club-ste-eugenie.com\/ps\/wp-json\/wp\/v2\/types\/page"}],"author":[{"embeddable":true,"href":"https:\/\/poney-club-ste-eugenie.com\/ps\/wp-json\/wp\/v2\/users\/1"}],"replies":[{"embeddable":true,"href":"https:\/\/poney-club-ste-eugenie.com\/ps\/wp-json\/wp\/v2\/comments?post=973"}],"version-history":[{"count":26,"href":"https:\/\/poney-club-ste-eugenie.com\/ps\/wp-json\/wp\/v2\/pages\/973\/revisions"}],"predecessor-version":[{"id":24704,"href":"https:\/\/poney-club-ste-eugenie.com\/ps\/wp-json\/wp\/v2\/pages\/973\/revisions\/24704"}],"wp:attachment":[{"href":"https:\/\/poney-club-ste-eugenie.com\/ps\/wp-json\/wp\/v2\/media?parent=973"}],"curies":[{"name":"wp","href":"https:\/\/api.w.org\/{rel}","templated":true}]}}